{"id":720322,"date":"2025-08-27T18:34:34","date_gmt":"2025-08-27T15:34:34","guid":{"rendered":"https:\/\/roveyayinevi.com.tr\/index.php\/urun\/cogunluk-dersleri\/"},"modified":"2026-04-03T02:34:32","modified_gmt":"2026-04-02T23:34:32","slug":"cogunluk-dersleri","status":"publish","type":"product","link":"https:\/\/roveyayinevi.com.tr\/index.php\/urun\/cogunluk-dersleri\/","title":{"rendered":"\u00c7o\u011funluk Dersleri"},"content":{"rendered":"<p>Zeynep Uzunbay, yeni \u00f6yk\u00fclerinden olu\u015fan \u00c7o\u011funluk Dersleri&#8217;nde, \u00e7o\u011funlu\u011fun u\u011fultusunda kendine yer a\u00e7maya \u00e7al\u0131\u015fmaktan yorulanlar\u0131n yal\u0131n sesi olmaya devam ediyor.Suskun karakterler, ya\u015fad\u0131klar\u0131ndan ziyade ba\u015fa \u00e7\u0131kma bi\u00e7imleriyle birbirlerine de\u011fdik\u00e7e, b\u0131\u00e7ak daha da derinlere saplan\u0131yor. Pusula hayat\u0131n ak\u0131\u015f\u0131n\u0131 g\u00f6sterdi\u011findeyse, ger\u00e7ekler kurgunun s\u0131n\u0131rlar\u0131n\u0131 galebe \u00e7al\u0131yor.\u00c7o\u011funluk Dersleri; terleyerek at\u0131lacak illetin, kabu\u011fu d\u00fc\u015fse kapanacak yaran\u0131n, y\u00fcrekten k\u00e2\u011f\u0131da akacak zehrin, dile geldik\u00e7e azg\u0131nla\u015fan k\u00fcfr\u00fcn, arand\u0131k\u00e7a yitirilen mutlulu\u011fun par\u00e7alar\u0131n\u0131 birle\u015ftiren g\u00f6rkemli bir k\u0131rkyama&#8230;<\/p>\n","protected":false},"excerpt":{"rendered":"<p>Zeynep Uzunbay, yeni \u00f6yk\u00fclerinden olu\u015fan \u00c7o\u011funluk Dersleri&#8217;nde, \u00e7o\u011funlu\u011fun u\u011fultusunda kendine yer a\u00e7maya \u00e7al\u0131\u015fmaktan yorulanlar\u0131n yal\u0131n sesi olmaya devam ediyor.Suskun karakterler, ya\u015fad\u0131klar\u0131ndan ziyade ba\u015fa \u00e7\u0131kma bi\u00e7imleriyle birbirlerine<span class=\"excerpt-hellip\"> [\u2026]<\/span><\/p>\n","protected":false},"featured_media":0,"template":"","meta":{"_monsterinsights_skip_tracking":false,"_monsterinsights_sitenote_active":false,"_monsterinsights_sitenote_note":"","_monsterinsights_sitenote_category":0},"product_brand":[],"product_cat":[12291,12711],"product_tag":[],"class_list":{"0":"post-720322","1":"product","2":"type-product","3":"status-publish","5":"product_cat-edebiyat","6":"product_cat-roman-oyku","7":"pa_cilt-ciltsiz","8":"pa_tur-kitap","9":"pa_yayinevi-sel-yayincilik","10":"pa_yazar-zeynep-uzunbay","12":"first","13":"instock","14":"sale","15":"shipping-taxable","16":"purchasable","17":"product-type-simple"},"_links":{"self":[{"href":"https:\/\/roveyayinevi.com.tr\/index.php\/wp-json\/wp\/v2\/product\/720322","targetHints":{"allow":["GET"]}}],"collection":[{"href":"https:\/\/roveyayinevi.com.tr\/index.php\/wp-json\/wp\/v2\/product"}],"about":[{"href":"https:\/\/roveyayinevi.com.tr\/index.php\/wp-json\/wp\/v2\/types\/product"}],"wp:attachment":[{"href":"https:\/\/roveyayinevi.com.tr\/index.php\/wp-json\/wp\/v2\/media?parent=720322"}],"wp:term":[{"taxonomy":"product_brand","embeddable":true,"href":"https:\/\/roveyayinevi.com.tr\/index.php\/wp-json\/wp\/v2\/product_brand?post=720322"},{"taxonomy":"product_cat","embeddable":true,"href":"https:\/\/roveyayinevi.com.tr\/index.php\/wp-json\/wp\/v2\/product_cat?post=720322"},{"taxonomy":"product_tag","embeddable":true,"href":"https:\/\/roveyayinevi.com.tr\/index.php\/wp-json\/wp\/v2\/product_tag?post=720322"}],"curies":[{"name":"wp","href":"https:\/\/api.w.org\/{rel}","templated":true}]}}