{"id":720315,"date":"2025-08-27T18:34:29","date_gmt":"2025-08-27T15:34:29","guid":{"rendered":"https:\/\/roveyayinevi.com.tr\/index.php\/urun\/baba-yagmur-bitti\/"},"modified":"2026-04-16T02:28:05","modified_gmt":"2026-04-15T23:28:05","slug":"baba-yagmur-bitti","status":"publish","type":"product","link":"https:\/\/roveyayinevi.com.tr\/index.php\/urun\/baba-yagmur-bitti\/","title":{"rendered":"Baba Ya\u011fmur Bitti"},"content":{"rendered":"<p>\u201cBaba, Ya\u011fmur Bitti\u201d; ozan, yazar, ayd\u0131nlanmac\u0131, \u00e7ocuk hekimi Ceyhun Atuf Kansu\u2019nun 100. do\u011fum y\u0131ld\u00f6n\u00fcm\u00fcndeTelgrafhane Yay\u0131nlar\u0131&#8217;nca yay\u0131mlanan ikinci, yazar\u0131n \u201c\u00f6yk\u00fc\u201d alan\u0131nda \u015fimdiye de\u011fin yay\u0131mlanan ilk kitab\u0131d\u0131r. Daha \u00e7ok deneme ve \u015fiirleriyle tan\u0131d\u0131\u011f\u0131m\u0131z Ceyhun Atuf Kansu\u2019nun \u00f6yk\u00fcleri, di\u011fer metinlerinde oldu\u011fu gibi; i\u00e7inde ya\u015fad\u0131\u011f\u0131m\u0131z topra\u011f\u0131n insan\u0131na, do\u011fas\u0131na, var\u0131na yo\u011funa dokunuyor. Y\u00fcrekten bir sesleni\u015f ile \u00e7ocuklar, k\u00f6yl\u00fcler, kentliler, yaln\u0131zl\u0131klar, a\u011fa\u00e7lar, d\u00fc\u015fler ve ger\u00e7eklikler dile geliyor; ya\u015fanm\u0131\u015fl\u0131klar\u0131n yelle birlikte toz olup u\u00e7mad\u0131\u011f\u0131na tan\u0131k oluyoruz Ceyhun Atuf Kansu\u2019nun \u00f6yk\u00fclerinde. \u201cAynaya bakay\u0131m biraz. Kulaklar\u0131m\u0131 \u00f6rten sa\u00e7lar\u0131 kesiyor berber. K\u00fc\u00e7\u00fck burnum. Aaa\u2026g\u00f6zlerim. Ya\u015fl\u0131. A\u011flam\u0131\u015f\u0131m. G\u00f6zlerimin i\u00e7inde,arkadaki pencere g\u00f6r\u00fcn\u00fcyor: Bir k\u0131z \u00e7ocuk, annesinin elinden tutmu\u015fgidiyor, \u015fark\u0131 s\u00f6yleye s\u00f6yleye. Art\u0131k ya\u011fmur ya\u011fm\u0131yor. Baba ya\u011fmur bitti!\u2019\u201d <\/p>\n","protected":false},"excerpt":{"rendered":"<p>\u201cBaba, Ya\u011fmur Bitti\u201d; ozan, yazar, ayd\u0131nlanmac\u0131, \u00e7ocuk hekimi Ceyhun Atuf Kansu\u2019nun 100. do\u011fum y\u0131ld\u00f6n\u00fcm\u00fcndeTelgrafhane Yay\u0131nlar\u0131&#8217;nca yay\u0131mlanan ikinci, yazar\u0131n \u201c\u00f6yk\u00fc\u201d alan\u0131nda \u015fimdiye de\u011fin yay\u0131mlanan ilk kitab\u0131d\u0131r. Daha<span class=\"excerpt-hellip\"> [\u2026]<\/span><\/p>\n","protected":false},"featured_media":0,"template":"","meta":{"_monsterinsights_skip_tracking":false,"_monsterinsights_sitenote_active":false,"_monsterinsights_sitenote_note":"","_monsterinsights_sitenote_category":0},"product_brand":[],"product_cat":[12291,12711],"product_tag":[],"class_list":{"0":"post-720315","1":"product","2":"type-product","3":"status-publish","5":"product_cat-edebiyat","6":"product_cat-roman-oyku","7":"pa_cilt-ciltsiz","8":"pa_tur-kitap","9":"pa_yayinevi-telgrafhane-yayinlari","10":"pa_yazar-ceyhun-atuf-kansu","12":"first","13":"instock","14":"sale","15":"shipping-taxable","16":"purchasable","17":"product-type-simple"},"_links":{"self":[{"href":"https:\/\/roveyayinevi.com.tr\/index.php\/wp-json\/wp\/v2\/product\/720315","targetHints":{"allow":["GET"]}}],"collection":[{"href":"https:\/\/roveyayinevi.com.tr\/index.php\/wp-json\/wp\/v2\/product"}],"about":[{"href":"https:\/\/roveyayinevi.com.tr\/index.php\/wp-json\/wp\/v2\/types\/product"}],"wp:attachment":[{"href":"https:\/\/roveyayinevi.com.tr\/index.php\/wp-json\/wp\/v2\/media?parent=720315"}],"wp:term":[{"taxonomy":"product_brand","embeddable":true,"href":"https:\/\/roveyayinevi.com.tr\/index.php\/wp-json\/wp\/v2\/product_brand?post=720315"},{"taxonomy":"product_cat","embeddable":true,"href":"https:\/\/roveyayinevi.com.tr\/index.php\/wp-json\/wp\/v2\/product_cat?post=720315"},{"taxonomy":"product_tag","embeddable":true,"href":"https:\/\/roveyayinevi.com.tr\/index.php\/wp-json\/wp\/v2\/product_tag?post=720315"}],"curies":[{"name":"wp","href":"https:\/\/api.w.org\/{rel}","templated":true}]}}