{"id":720313,"date":"2025-08-27T18:34:28","date_gmt":"2025-08-27T15:34:28","guid":{"rendered":"https:\/\/roveyayinevi.com.tr\/index.php\/urun\/felsefeye-giris-5\/"},"modified":"2026-04-16T02:28:04","modified_gmt":"2026-04-15T23:28:04","slug":"felsefeye-giris-5","status":"publish","type":"product","link":"https:\/\/roveyayinevi.com.tr\/index.php\/urun\/felsefeye-giris-5\/","title":{"rendered":"Felsefeye Giri\u015f"},"content":{"rendered":"<p>Dilimizde telif veya \u00e7eviri eser olarak felsefe hakk\u0131nda giri\u015f mahiyetinin bilgi veren kitap say\u0131s\u0131 s\u0131n\u0131rl\u0131d\u0131r.\u00f6te yandan bu y\u00f6nde yaz\u0131lm\u0131\u015f eserlerin , sahip olduklar\u0131 felsefe ak\u0131mlar\u0131n\u0131n bak\u0131\u015f a\u00e7\u0131s\u0131n\u0131 gere\u011finden fazla yans\u0131tmalar\u0131 , felsefenin aleyhine ihmal etmeleri gibi baz\u0131 kusurlar\u0131 bulunmaktad\u0131r.\u00dcniversitelerin felsefeyle \u015fu veya bu nedenle ilgilenen , felsefe hakk\u0131nda bilgi sahibi olmak isteyen okurlara y\u00f6nelik olarak haz\u0131rlanan bu kitapta ise bu t\u00fcr eksikleri ortadan kald\u0131rmak isteyen bir bak\u0131\u015f a\u00e7\u0131s\u0131 izlemeye \u00e7al\u0131\u015f\u0131lm\u0131\u015ft\u0131r.Felsefenin ne oldu\u011funu , felsefi bilginin \u00f6zellikleri , felsefenin i\u015flevi , felsefe ile benzeri di\u011fer temel k\u00fclt\u00fcrel entellekt\u00fcel etkinlik alanlar\u0131 (bilim ,sanat , din) aras\u0131ndaki ili\u015fkiler hak\u0131k\u0131nda genel ve temel bir bilgi kazand\u0131rmak ; felsefenin belli ba\u015fl\u0131 problemler , kavramlar , kuramlar ve felsefi ak\u0131mlar hakk\u0131nda bilgi vermek ; nihayet b\u00fct\u00fcn bunlar\u0131 yaparken felsefenin daima \u015f\u00fcpheci ve ele\u015ftirici bir \u00f6zellik ta\u015f\u0131na ruhunu a\u00e7\u0131\u011fa \u00e7\u0131kartmak amac\u0131yla ortaya at\u0131lan hee tez ,getirilen her \u00f6neri , geli\u015ftirilen her kurama y\u00f6neltilmi\u015f olan itiraz , ele\u015ftiri ve kar\u015f\u0131 \u00e7\u0131k\u0131\u015flar\u0131 g\u00f6stermek ve b\u00f6ylece okuyucuda felsefenin ruhunu do\u011fru bir \u015fekilde kavramak y\u00f6n\u00fcnde sa\u011flam bir anlay\u0131\u015f olu\u015fturmak hedeflenmi\u015ftir.Hukuk felsefesi ve tarih felsefesini i\u00e7eren iki yeni b\u00f6l\u00fcmle geni\u015fleyen yeni edisyonla beraber Felsefeye Giri\u015f , uzun y\u0131llard\u0131r olageldi\u011fi gibi alan\u0131ndaki en temel ba\u015fvuru kayna\u011f\u0131 olma \u00f6zelli\u011fini peki\u015ftirmi\u015ftir.<\/p>\n","protected":false},"excerpt":{"rendered":"<p>Dilimizde telif veya \u00e7eviri eser olarak felsefe hakk\u0131nda giri\u015f mahiyetinin bilgi veren kitap say\u0131s\u0131 s\u0131n\u0131rl\u0131d\u0131r.\u00f6te yandan bu y\u00f6nde yaz\u0131lm\u0131\u015f eserlerin , sahip olduklar\u0131 felsefe ak\u0131mlar\u0131n\u0131n bak\u0131\u015f<span class=\"excerpt-hellip\"> [\u2026]<\/span><\/p>\n","protected":false},"featured_media":0,"template":"","meta":{"_monsterinsights_skip_tracking":false,"_monsterinsights_sitenote_active":false,"_monsterinsights_sitenote_note":"","_monsterinsights_sitenote_category":0},"product_brand":[],"product_cat":[12389,12388],"product_tag":[],"class_list":{"0":"post-720313","1":"product","2":"type-product","3":"status-publish","5":"product_cat-diger-felsefe","6":"product_cat-felsefe","7":"pa_cilt-ciltsiz","8":"pa_tur-kitap","9":"pa_yayinevi-serbest-akademi","10":"pa_yazar-ahmet-arslan","12":"first","13":"instock","14":"sale","15":"shipping-taxable","16":"purchasable","17":"product-type-simple"},"_links":{"self":[{"href":"https:\/\/roveyayinevi.com.tr\/index.php\/wp-json\/wp\/v2\/product\/720313","targetHints":{"allow":["GET"]}}],"collection":[{"href":"https:\/\/roveyayinevi.com.tr\/index.php\/wp-json\/wp\/v2\/product"}],"about":[{"href":"https:\/\/roveyayinevi.com.tr\/index.php\/wp-json\/wp\/v2\/types\/product"}],"wp:attachment":[{"href":"https:\/\/roveyayinevi.com.tr\/index.php\/wp-json\/wp\/v2\/media?parent=720313"}],"wp:term":[{"taxonomy":"product_brand","embeddable":true,"href":"https:\/\/roveyayinevi.com.tr\/index.php\/wp-json\/wp\/v2\/product_brand?post=720313"},{"taxonomy":"product_cat","embeddable":true,"href":"https:\/\/roveyayinevi.com.tr\/index.php\/wp-json\/wp\/v2\/product_cat?post=720313"},{"taxonomy":"product_tag","embeddable":true,"href":"https:\/\/roveyayinevi.com.tr\/index.php\/wp-json\/wp\/v2\/product_tag?post=720313"}],"curies":[{"name":"wp","href":"https:\/\/api.w.org\/{rel}","templated":true}]}}