{"id":720311,"date":"2025-08-27T18:34:26","date_gmt":"2025-08-27T15:34:26","guid":{"rendered":"https:\/\/roveyayinevi.com.tr\/index.php\/urun\/acilin-ben-cocugum\/"},"modified":"2026-04-16T02:28:04","modified_gmt":"2026-04-15T23:28:04","slug":"acilin-ben-cocugum","status":"publish","type":"product","link":"https:\/\/roveyayinevi.com.tr\/index.php\/urun\/acilin-ben-cocugum\/","title":{"rendered":"A\u00e7\u0131l\u0131n Ben \u00c7ocu\u011fum"},"content":{"rendered":"<p>Bu kitap, aileleri okulla tan\u0131\u015ft\u0131rmak ve okulun i\u00e7inde ya\u015fananlar\u0131 e\u011fitimci g\u00f6z\u00fcyle yans\u0131tmak; e\u011fitimcilere de ailelerin penceresinden yans\u0131yanlar\u0131 g\u00f6stermek i\u00e7in yaz\u0131lm\u0131\u015ft\u0131r. Okul ve aile aras\u0131ndaki \u00e7at\u0131\u015fmalar\u0131n \u00e7ocuklar\u0131 ve gen\u00e7leri nas\u0131l etkiledi\u011fini, onlar\u0131n tutkular\u0131n\u0131 nas\u0131l y\u0131llar i\u00e7inde eksiltti\u011fini; kurulacak okul-aile ili\u015fkisinin nas\u0131l olmas\u0131 gerekti\u011fini, davran\u0131\u015f ve tutumlar\u0131m\u0131z\u0131 de\u011fi\u015ftirerek neleri var edebilece\u011fimizi g\u00f6stermekten \u00f6te bir amac\u0131m var: \u201c\u00c7ocuklar\u0131n gen\u00e7lerin b\u00fcy\u00fcl\u00fc hayallerine e\u015flik edebilmek.\u201d  M\u00fcjdat Ataman, A\u00e7\u0131l\u0131n Ben \u00d6\u011fretmenim kitab\u0131ndan sonra A\u00e7\u0131l\u0131n Ben \u00c7ocu\u011fum adl\u0131 eserde ele al\u0131yor e\u011fitim sistemini ve bu sistemin kahramanlar\u0131n\u0131. Farkl\u0131 \u00fcslubu ve farkl\u0131 bak\u0131\u015f a\u00e7\u0131s\u0131yla \u00e7ok ses getirecek yeni bir kitapla bulu\u015fuyor Elma Yay\u0131nevi okurlar\u0131yla.A\u00e7\u0131l\u0131n Ben \u00c7ocu\u011fum\u2026<\/p>\n","protected":false},"excerpt":{"rendered":"<p>Bu kitap, aileleri okulla tan\u0131\u015ft\u0131rmak ve okulun i\u00e7inde ya\u015fananlar\u0131 e\u011fitimci g\u00f6z\u00fcyle yans\u0131tmak; e\u011fitimcilere de ailelerin penceresinden yans\u0131yanlar\u0131 g\u00f6stermek i\u00e7in yaz\u0131lm\u0131\u015ft\u0131r. Okul ve aile aras\u0131ndaki \u00e7at\u0131\u015fmalar\u0131n \u00e7ocuklar\u0131<span class=\"excerpt-hellip\"> [\u2026]<\/span><\/p>\n","protected":false},"featured_media":0,"template":"","meta":{"_monsterinsights_skip_tracking":false,"_monsterinsights_sitenote_active":false,"_monsterinsights_sitenote_note":"","_monsterinsights_sitenote_category":0},"product_brand":[],"product_cat":[17996,12364],"product_tag":[],"class_list":{"0":"post-720311","1":"product","2":"type-product","3":"status-publish","5":"product_cat-ebeveyn-kitaplari","6":"product_cat-genel-konular","7":"pa_cilt-ciltsiz","8":"pa_tur-kitap","9":"pa_yayinevi-elma-yayinevi","10":"pa_yazar-mujdat-ataman","12":"first","13":"instock","14":"sale","15":"shipping-taxable","16":"purchasable","17":"product-type-simple"},"_links":{"self":[{"href":"https:\/\/roveyayinevi.com.tr\/index.php\/wp-json\/wp\/v2\/product\/720311","targetHints":{"allow":["GET"]}}],"collection":[{"href":"https:\/\/roveyayinevi.com.tr\/index.php\/wp-json\/wp\/v2\/product"}],"about":[{"href":"https:\/\/roveyayinevi.com.tr\/index.php\/wp-json\/wp\/v2\/types\/product"}],"wp:attachment":[{"href":"https:\/\/roveyayinevi.com.tr\/index.php\/wp-json\/wp\/v2\/media?parent=720311"}],"wp:term":[{"taxonomy":"product_brand","embeddable":true,"href":"https:\/\/roveyayinevi.com.tr\/index.php\/wp-json\/wp\/v2\/product_brand?post=720311"},{"taxonomy":"product_cat","embeddable":true,"href":"https:\/\/roveyayinevi.com.tr\/index.php\/wp-json\/wp\/v2\/product_cat?post=720311"},{"taxonomy":"product_tag","embeddable":true,"href":"https:\/\/roveyayinevi.com.tr\/index.php\/wp-json\/wp\/v2\/product_tag?post=720311"}],"curies":[{"name":"wp","href":"https:\/\/api.w.org\/{rel}","templated":true}]}}