{"id":720310,"date":"2025-08-27T18:34:26","date_gmt":"2025-08-27T15:34:26","guid":{"rendered":"https:\/\/roveyayinevi.com.tr\/index.php\/urun\/kendini-bilmek\/"},"modified":"2026-04-16T02:28:04","modified_gmt":"2026-04-15T23:28:04","slug":"kendini-bilmek","status":"publish","type":"product","link":"https:\/\/roveyayinevi.com.tr\/index.php\/urun\/kendini-bilmek\/","title":{"rendered":"Kendini Bilmek"},"content":{"rendered":"<p>Ruh; benzerine, aynadaki yans\u0131mas\u0131na bakmadan kendisini bilemez. Bedeninize bakt\u0131\u011f\u0131n\u0131zda kendinize e\u011filmi\u015f olmazs\u0131n\u0131z. Kendilik giyim ku\u015fam, ara\u00e7lar veya m\u00fclklerden olu\u015fmaz. Bu ara\u00e7lardan faydalanan bir prensipte varl\u0131\u011f\u0131n\u0131 s\u00fcrd\u00fcr\u00fcr, bedenle de\u011fil, ruhla ilgili bir prensiptir bu. Ruhunuz konusunda kayg\u0131lanman\u0131z gerekir, kendine e\u011filmenin temel faaliyeti budur.   Michel Foucault 1984\u2019te \u00f6l\u00fcm\u00fcnden k\u0131sa bir s\u00fcre \u00f6nce yeni bir kitap fikrinden bahsetti. Kitab\u0131 \u015f\u00f6yle tan\u0131ml\u0131yordu, \u201ckendilik hakk\u0131nda farkl\u0131 makalelerden olu\u015facak (\u00f6rne\u011fin, epimeleia heautou, \u2018kendine e\u011filme\u2019 kavram\u0131n\u0131n ilk kez ortaya at\u0131ld\u0131\u011f\u0131 Platon\u2019un Alkibiades\u2019i \u00fczerine bir yaz\u0131), kendili\u011fin olu\u015fmas\u0131nda okuman\u0131n ve yazman\u0131n rol\u00fc hakk\u0131nda&#8230; vesaire.\u201d Foucault\u2019nun kafas\u0131nda tasarlad\u0131\u011f\u0131 bu kitap ilk kez 1982 g\u00fcz\u00fcnde Vermont \u00dcniversitesi\u2019nde verdi\u011fi \u201cKendini Bi\u00e7imlendirme Teknikleri\u201d seminerine dayan\u0131yordu. Elinizdeki kitap bu seminerin k\u0131smen kayda ge\u00e7irilmesidir. <\/p>\n","protected":false},"excerpt":{"rendered":"<p>Ruh; benzerine, aynadaki yans\u0131mas\u0131na bakmadan kendisini bilemez. Bedeninize bakt\u0131\u011f\u0131n\u0131zda kendinize e\u011filmi\u015f olmazs\u0131n\u0131z. Kendilik giyim ku\u015fam, ara\u00e7lar veya m\u00fclklerden olu\u015fmaz. Bu ara\u00e7lardan faydalanan bir prensipte varl\u0131\u011f\u0131n\u0131 s\u00fcrd\u00fcr\u00fcr,<span class=\"excerpt-hellip\"> [\u2026]<\/span><\/p>\n","protected":false},"featured_media":0,"template":"","meta":{"_monsterinsights_skip_tracking":false,"_monsterinsights_sitenote_active":false,"_monsterinsights_sitenote_note":"","_monsterinsights_sitenote_category":0},"product_brand":[],"product_cat":[12389,12388],"product_tag":[],"class_list":{"0":"post-720310","1":"product","2":"type-product","3":"status-publish","5":"product_cat-diger-felsefe","6":"product_cat-felsefe","7":"pa_cilt-ciltsiz","8":"pa_tur-kitap","9":"pa_yayinevi-profil-kitap","10":"pa_yazar-michel-foucault","12":"first","13":"instock","14":"sale","15":"shipping-taxable","16":"purchasable","17":"product-type-simple"},"_links":{"self":[{"href":"https:\/\/roveyayinevi.com.tr\/index.php\/wp-json\/wp\/v2\/product\/720310","targetHints":{"allow":["GET"]}}],"collection":[{"href":"https:\/\/roveyayinevi.com.tr\/index.php\/wp-json\/wp\/v2\/product"}],"about":[{"href":"https:\/\/roveyayinevi.com.tr\/index.php\/wp-json\/wp\/v2\/types\/product"}],"wp:attachment":[{"href":"https:\/\/roveyayinevi.com.tr\/index.php\/wp-json\/wp\/v2\/media?parent=720310"}],"wp:term":[{"taxonomy":"product_brand","embeddable":true,"href":"https:\/\/roveyayinevi.com.tr\/index.php\/wp-json\/wp\/v2\/product_brand?post=720310"},{"taxonomy":"product_cat","embeddable":true,"href":"https:\/\/roveyayinevi.com.tr\/index.php\/wp-json\/wp\/v2\/product_cat?post=720310"},{"taxonomy":"product_tag","embeddable":true,"href":"https:\/\/roveyayinevi.com.tr\/index.php\/wp-json\/wp\/v2\/product_tag?post=720310"}],"curies":[{"name":"wp","href":"https:\/\/api.w.org\/{rel}","templated":true}]}}