{"id":720309,"date":"2025-08-27T18:34:25","date_gmt":"2025-08-27T15:34:25","guid":{"rendered":"https:\/\/roveyayinevi.com.tr\/index.php\/urun\/oyun-biter-efsaneler-bitmez\/"},"modified":"2026-04-16T02:28:04","modified_gmt":"2026-04-15T23:28:04","slug":"oyun-biter-efsaneler-bitmez","status":"publish","type":"product","link":"https:\/\/roveyayinevi.com.tr\/index.php\/urun\/oyun-biter-efsaneler-bitmez\/","title":{"rendered":"Oyun Biter Efsaneler Bitmez"},"content":{"rendered":"<p>Basketbolun Magic ve Bird demek oldu\u011fu d\u00f6nemde tutu\u015ftuklar\u0131 ate\u015fli rekabet, hi\u00e7 bozulmayacak Magic-Bird efsanesini do\u011furdu. Bu iki oyuncu, parkeye \u00e7\u0131kt\u0131klar\u0131 andan itibaren tarifi zor bir fiziksel ve psikolojik sava\u015f verdi. M\u00fcsabakalarda s\u0131k rastlanmayan bu rekabet dolu ili\u015fkileri zamanla NBA&#8217;deki en zorlu \u00e7eki\u015fmeye sahne oldu. Larry Bird ve Magic Johnson; 1980&#8217;lerin basketbol efsaneleri; Celtics\u2019e kar\u015f\u0131 Lakers; Do\u011fu\u2019ya kar\u015f\u0131 Bat\u0131; fiziksel g\u00fcce kar\u015f\u0131 yetenek ve ustal\u0131k; eski ekole kar\u015f\u0131 Showtime; hatta beyaza kar\u015f\u0131 siyah\u2026   Her biri, bir di\u011ferini m\u00fckemmelli\u011fe s\u00fcr\u00fckledi. Bird ve Magic toplamda sekiz NBA \u015fampiyonluk kupas\u0131 kald\u0131rd\u0131, alt\u0131 MVP \u00f6d\u00fcl\u00fc ald\u0131. Onlar, bocalayan NBA&#8217;i en kritik d\u00f6nemde yeniden aya\u011fa kald\u0131r\u0131p \u015fahland\u0131rd\u0131. Ba\u015flarda birbirleri i\u00e7in amans\u0131z birer rakip olan bu iki efsane isim, ser\u00fcvenin sonunda \u00f6m\u00fcr boyu s\u00fcrecek o dostlu\u011fa imza atm\u0131\u015ft\u0131. Basketbolun en benzersiz ikilisinin ilgin\u00e7 detaylarla \u00f6r\u00fcl\u00fc ki\u015fisel portresine ve modern NBA\u2019i yaratan rekabete yak\u0131ndan tan\u0131kl\u0131k edin, \u00e7\u00fcnk\u00fc Oyun Biter Efsaneler Bitmez! \u201cMagic ve Larry hik\u00e2yesini sonunda onlar\u0131n g\u00f6z\u00fcnden anlatan bir kitap! Oyun Biter Efsaneler Bitmez sizi o b\u00fcy\u00fcleyici rekabetin i\u00e7ine \u00e7ekerken iki adam\u0131n rekabetten \u00f6m\u00fcr boyu dostlu\u011fa d\u00f6n\u00fc\u015fen hayatlar\u0131ndan kesitler sunuyor.\u201d DENZEL WASHINGTON \u201cLarry ve Magic\u2019in hayatlar\u0131n\u0131n en \u00f6nemli anlar\u0131n\u0131 yepyeni ve daha \u00f6nce anlat\u0131lmam\u0131\u015f hik\u00e2yelerle okuyucuya ula\u015ft\u0131ran s\u00fcr\u00fckleyici bir ba\u015fyap\u0131t.\u201d -BILL WALTON   \u201cTarihin en b\u00fcy\u00fck rekabetlerinden birine m\u00fcthi\u015f bir yolculuk.\u201d -PAT RILEY <\/p>\n","protected":false},"excerpt":{"rendered":"<p>Basketbolun Magic ve Bird demek oldu\u011fu d\u00f6nemde tutu\u015ftuklar\u0131 ate\u015fli rekabet, hi\u00e7 bozulmayacak Magic-Bird efsanesini do\u011furdu. Bu iki oyuncu, parkeye \u00e7\u0131kt\u0131klar\u0131 andan itibaren tarifi zor bir fiziksel<span class=\"excerpt-hellip\"> [\u2026]<\/span><\/p>\n","protected":false},"featured_media":0,"template":"","meta":{"_monsterinsights_skip_tracking":false,"_monsterinsights_sitenote_active":false,"_monsterinsights_sitenote_note":"","_monsterinsights_sitenote_category":0},"product_brand":[],"product_cat":[15563,15564],"product_tag":[],"class_list":{"0":"post-720309","1":"product","2":"type-product","3":"status-publish","5":"product_cat-hobi","6":"product_cat-spor","7":"pa_cilt-ciltsiz","8":"pa_tur-kitap","9":"pa_yayinevi-profil-kitap","10":"pa_yazar-jackie-macmullan","12":"first","13":"instock","14":"sale","15":"shipping-taxable","16":"purchasable","17":"product-type-simple"},"_links":{"self":[{"href":"https:\/\/roveyayinevi.com.tr\/index.php\/wp-json\/wp\/v2\/product\/720309","targetHints":{"allow":["GET"]}}],"collection":[{"href":"https:\/\/roveyayinevi.com.tr\/index.php\/wp-json\/wp\/v2\/product"}],"about":[{"href":"https:\/\/roveyayinevi.com.tr\/index.php\/wp-json\/wp\/v2\/types\/product"}],"wp:attachment":[{"href":"https:\/\/roveyayinevi.com.tr\/index.php\/wp-json\/wp\/v2\/media?parent=720309"}],"wp:term":[{"taxonomy":"product_brand","embeddable":true,"href":"https:\/\/roveyayinevi.com.tr\/index.php\/wp-json\/wp\/v2\/product_brand?post=720309"},{"taxonomy":"product_cat","embeddable":true,"href":"https:\/\/roveyayinevi.com.tr\/index.php\/wp-json\/wp\/v2\/product_cat?post=720309"},{"taxonomy":"product_tag","embeddable":true,"href":"https:\/\/roveyayinevi.com.tr\/index.php\/wp-json\/wp\/v2\/product_tag?post=720309"}],"curies":[{"name":"wp","href":"https:\/\/api.w.org\/{rel}","templated":true}]}}