{"id":720308,"date":"2025-08-27T18:34:25","date_gmt":"2025-08-27T15:34:25","guid":{"rendered":"https:\/\/roveyayinevi.com.tr\/index.php\/urun\/etrusk-dili\/"},"modified":"2026-04-16T02:28:04","modified_gmt":"2026-04-15T23:28:04","slug":"etrusk-dili","status":"publish","type":"product","link":"https:\/\/roveyayinevi.com.tr\/index.php\/urun\/etrusk-dili\/","title":{"rendered":"Etr\u00fcsk Dili"},"content":{"rendered":"<p>D\u00fcnya tarihinin en \u00f6nemli medeniyetlerden biri olan Antik Roma medeniyetinin ortaya \u00e7\u0131k\u0131\u015f hik\u00e2yesi tarih\u00e7ilerin \u00fczerinde en \u00e7ok yaz\u0131p tart\u0131\u015ft\u0131klar\u0131 konulardan birisi olmu\u015ftur. Bu tart\u0131\u015fmalar\u0131n \u00e7o\u011funun temelinde b\u00f6yle b\u00fcy\u00fck bir medeniyetin k\u00f6klerinin, sanat\u0131n\u0131n ve d\u00fc\u015f\u00fcnce bi\u00e7iminin kendi k\u00f6klerinde oldu\u011funu kan\u0131tlama \u00e7abalar\u0131 da vard\u0131r; \u00f6zellikle Avrupa medeniyetinin. Ancak d\u00fcnya tarihinde medeniyetler aras\u0131nda \u00f6yle etkile\u015fimler olmu\u015ftur ki bazen baz\u0131 ger\u00e7ekleri ortaya \u00e7\u0131karmak zor oldu\u011fu gibi, bilinen tarihi de\u011fi\u015ftirece\u011fi i\u00e7in bulunan ger\u00e7ekleri de kabul etmeme ya da \u00fcst\u00fcn\u00fc kapama \u00e7abalar\u0131 da s\u00f6z konusu olabilir.               Bu kitap uzun y\u0131llar \u00f6nce yaz\u0131lm\u0131\u015f olsa da, bu b\u00fcy\u00fck Roma medeniyetinin k\u00f6klerinin ve sanat\u0131n\u0131n o zamanlardaki do\u011fu medeniyetlerinden do\u011fmu\u015f olabilece\u011fi konusunda dil, arkeoloji ve sanat ekseninde kan\u0131tlar sunmaya \u00e7al\u0131\u015fmaktad\u0131r.               \u00c7ok iddial\u0131 gibi g\u00f6z\u00fckse de, siz okuyucular\u0131n d\u00fc\u015f\u00fcncelerinde bir \u201cacaba?\u201d sorusu uyand\u0131racak kan\u0131tlar i\u00e7eriyor.               Belki bu kitab\u0131 okuyunca siz de Roma medeniyetine farkl\u0131 bir a\u00e7\u0131dan bak\u0131p merak\u0131n\u0131z\u0131 gidermek i\u00e7in onun hakk\u0131nda daha fazla okumak isteyeceksiniz.               Sorgulayan bir beyin her zaman geli\u015fmeye namzettir.                Ya d\u00fcnya tarihi bildi\u011fimiz gibi de\u011filse\u2026<\/p>\n","protected":false},"excerpt":{"rendered":"<p>D\u00fcnya tarihinin en \u00f6nemli medeniyetlerden biri olan Antik Roma medeniyetinin ortaya \u00e7\u0131k\u0131\u015f hik\u00e2yesi tarih\u00e7ilerin \u00fczerinde en \u00e7ok yaz\u0131p tart\u0131\u015ft\u0131klar\u0131 konulardan birisi olmu\u015ftur. Bu tart\u0131\u015fmalar\u0131n \u00e7o\u011funun temelinde<span class=\"excerpt-hellip\"> [\u2026]<\/span><\/p>\n","protected":false},"featured_media":0,"template":"","meta":{"_monsterinsights_skip_tracking":false,"_monsterinsights_sitenote_active":false,"_monsterinsights_sitenote_note":"","_monsterinsights_sitenote_category":0},"product_brand":[],"product_cat":[12305,12304],"product_tag":[],"class_list":{"0":"post-720308","1":"product","2":"type-product","3":"status-publish","5":"product_cat-dunya-tarihi","6":"product_cat-tarih","7":"pa_cilt-ciltsiz","8":"pa_tur-kitap","9":"pa_yayinevi-kozmostar","10":"pa_yazar-isaac-taylor","12":"first","13":"instock","14":"sale","15":"shipping-taxable","16":"purchasable","17":"product-type-simple"},"_links":{"self":[{"href":"https:\/\/roveyayinevi.com.tr\/index.php\/wp-json\/wp\/v2\/product\/720308","targetHints":{"allow":["GET"]}}],"collection":[{"href":"https:\/\/roveyayinevi.com.tr\/index.php\/wp-json\/wp\/v2\/product"}],"about":[{"href":"https:\/\/roveyayinevi.com.tr\/index.php\/wp-json\/wp\/v2\/types\/product"}],"wp:attachment":[{"href":"https:\/\/roveyayinevi.com.tr\/index.php\/wp-json\/wp\/v2\/media?parent=720308"}],"wp:term":[{"taxonomy":"product_brand","embeddable":true,"href":"https:\/\/roveyayinevi.com.tr\/index.php\/wp-json\/wp\/v2\/product_brand?post=720308"},{"taxonomy":"product_cat","embeddable":true,"href":"https:\/\/roveyayinevi.com.tr\/index.php\/wp-json\/wp\/v2\/product_cat?post=720308"},{"taxonomy":"product_tag","embeddable":true,"href":"https:\/\/roveyayinevi.com.tr\/index.php\/wp-json\/wp\/v2\/product_tag?post=720308"}],"curies":[{"name":"wp","href":"https:\/\/api.w.org\/{rel}","templated":true}]}}