{"id":720306,"date":"2025-08-27T18:34:23","date_gmt":"2025-08-27T15:34:23","guid":{"rendered":"https:\/\/roveyayinevi.com.tr\/index.php\/urun\/orta-dogunun-onemi-ve-irakta-yasanan-savaslar-1990-2003\/"},"modified":"2026-04-16T02:28:04","modified_gmt":"2026-04-15T23:28:04","slug":"orta-dogunun-onemi-ve-irakta-yasanan-savaslar-1990-2003","status":"publish","type":"product","link":"https:\/\/roveyayinevi.com.tr\/index.php\/urun\/orta-dogunun-onemi-ve-irakta-yasanan-savaslar-1990-2003\/","title":{"rendered":"Orta Do\u011fu&#8217;nun \u00d6nemi ve Irak&#8217;ta Ya\u015fanan Sava\u015flar ( 1990 &#8211; 2003)"},"content":{"rendered":"<p>Do\u011fu Akdeniz\u2019in, 21.y\u00fczy\u0131l\u0131n en keskin hesapla\u015fmas\u0131n\u0131n yap\u0131laca\u011f\u0131 b\u00f6lge olaca\u011f\u0131n\u0131 belirterek, T\u00fcrkiye\u2019nin Do\u011fu Akdeniz\u2019de derhal M\u00fcnhas\u0131r Ekonomik B\u00f6lge ilan etmesi ve Libya ile deniz yetki alanlar\u0131n\u0131n s\u0131n\u0131rland\u0131r\u0131lmas\u0131na dair bir anla\u015fma yapmas\u0131 gerekti\u011fini vurgulayan Dr.Cihat YAYCI\u2019n\u0131n, 462 bin kilometrekarelik Mavi Vatan\u0131m\u0131zda ki hak ve menfaatlerimizi ele ald\u0131\u011f\u0131 \u201cSorular ve Cevaplar ile M\u00fcnhas\u0131r Ekonomik B\u00f6lge (MEB) Kavram\u0131\u201d isimli eseri, \u00e7ok bilinmeyenli Do\u011fu Akdeniz ve Orta Do\u011fu denkleminde k\u00f6\u015fe ta\u015f\u0131n\u0131 olu\u015fturmaktad\u0131r.Yeni d\u00fcnya d\u00fczeni i\u00e7erisinde ilk ad\u0131m hi\u00e7 \u015f\u00fcphesiz ki Orta Do\u011fu ve bu ad\u0131m\u0131n ilk basama\u011f\u0131 Irak\u2019t\u0131r.Irak, d\u00fcnya petrol rezervlerinin \u00f6nemli bir oran\u0131na sahip T\u00fcrk soyda\u015flar\u0131m\u0131z\u0131n yo\u011fun olarak ya\u015fad\u0131\u011f\u0131 ve T\u00fcrkiye&#8217;nin hayati \u00e7\u0131karlar\u0131n\u0131n bulundu\u011fu bir b\u00f6lgedir.         Mevcut politik ve siyasi eksende, stratejik ve k\u0131r\u0131lgan bir co\u011frafyada yer alan, enerji sava\u015flar\u0131 u\u011fruna haritas\u0131 her g\u00fcn yeniden \u00e7izilen ve uluslararas\u0131 g\u00fc\u00e7lerin stratejik \u00e7\u0131karlar pesinde ko\u015ftu\u011fu Irak\u2019ta T\u00fcrkiye\u2019nin menfaatleri vard\u0131r.     Nitekim, d\u00f6nemin \u0130ngiltere D\u0131\u015fi\u015fleri Bakan\u0131 Edward Grey\u2019in, 27 Mart 1911 tarihinde; \u201ctemel hedefimizi daima hat\u0131rda tutmam\u0131z\u0131n \u00f6nemli oldu\u011funa inan\u0131yorum; bu da, Basra K\u00f6rfezi\u2019ndeki ve onu tamamlar nitelikteki Mezopotamya\u2019daki \u0130ngiliz \u00e7\u0131karlar\u0131n\u0131 korumakt\u0131r.\u201d ifadesi b\u00f6lgenin tarihsel olarak ne denli \u00f6nemli oldu\u011funu a\u00e7\u0131k\u00e7a ortaya koymaktad\u0131r.       \u0130\u015fte tam bu noktada Irak; Musul, Kerk\u00fck ve Telafer gibi T\u00fcrkmen \u015fehirlerinin bulunmas\u0131, s\u0131n\u0131r g\u00fcvenli\u011fimizin tesisi, zengin enerji hidrokarbon kaynaklar\u0131na sahip olmas\u0131 bak\u0131m\u0131ndan ta\u015f\u0131d\u0131\u011f\u0131 \u00f6nem nedeniyle, Irak\u2019ta ya\u015fanan geli\u015fmeler hem d\u00fcnyay\u0131 hem de T\u00fcrkiye\u2019yi yak\u0131ndan ilgilendirmekte ve etkilemektedir.         Yak\u0131n tarihte, I\u0307ran-Irak ve K\u00f6rfez Sava\u015flar\u0131 ile Irak\u2019\u0131n ABD taraf\u0131ndan i\u015fgaline varan silahl\u0131 m\u00fccadeleler yap\u0131lm\u0131\u015ft\u0131r. Ayr\u0131ca, DEA\u015e ter\u00f6r \u00f6rg\u00fct\u00fc 2014 y\u0131l\u0131nda Irak topraklar\u0131n\u0131n \u00fc\u00e7te birini i\u015fgal etmi\u015ftir. T\u00fcrkiye bu duruma \u015fiddetle kar\u015f\u0131 \u00e7\u0131km\u0131\u015ft\u0131r.         T\u00fcm bu sava\u015flar\u0131n elbette T\u00fcrkiye\u2019ye ekonomik, sosyal, siyasi\u0302 ve askeri\u0302 a\u00e7\u0131lardan \u00f6nemli etkileri olmu\u015ftur. Bu b\u00f6lgede, menfaatleri ba\u011flam\u0131nda T\u00fcrkiye\u2019nin, hem T\u00fcrkmen soyda\u015flar\u0131m\u0131z\u0131n gelece\u011fi hem de b\u00f6lgedeki g\u00fcven ve istikrar ad\u0131na s\u00f6z sahibi olmas\u0131 \u00f6nemlidir.          T\u00fcrkiye, enerji kaynaklar\u0131 bak\u0131m\u0131ndan d\u00fcnyan\u0131n en zengin \u00fclkelerinden biri olan Irak\u2019\u0131n petrol ve do\u011fal gaz kaynaklar\u0131n\u0131n k\u00fcresel pazarlara ula\u015ft\u0131r\u0131lmas\u0131nda co\u011frafi avantaj\u0131yla \u00f6n plana \u00e7\u0131kmaktad\u0131r. Irak\u2019la bu alandaki i\u015f birli\u011fimizin geli\u015ftirilmesinde her iki devlet bak\u0131m\u0131ndan fayda g\u00f6r\u00fclmektedir.              Kom\u015fumuz Irak\u2019ta kal\u0131c\u0131 istikrar ve g\u00fcvenli\u011fin sa\u011flanmas\u0131 \u00fclkemiz a\u00e7\u0131s\u0131ndan kritik \u00f6nem ta\u015f\u0131maktad\u0131r.<\/p>\n","protected":false},"excerpt":{"rendered":"<p>Do\u011fu Akdeniz\u2019in, 21.y\u00fczy\u0131l\u0131n en keskin hesapla\u015fmas\u0131n\u0131n yap\u0131laca\u011f\u0131 b\u00f6lge olaca\u011f\u0131n\u0131 belirterek, T\u00fcrkiye\u2019nin Do\u011fu Akdeniz\u2019de derhal M\u00fcnhas\u0131r Ekonomik B\u00f6lge ilan etmesi ve Libya ile deniz yetki alanlar\u0131n\u0131n s\u0131n\u0131rland\u0131r\u0131lmas\u0131na<span class=\"excerpt-hellip\"> [\u2026]<\/span><\/p>\n","protected":false},"featured_media":0,"template":"","meta":{"_monsterinsights_skip_tracking":false,"_monsterinsights_sitenote_active":false,"_monsterinsights_sitenote_note":"","_monsterinsights_sitenote_category":0},"product_brand":[],"product_cat":[13835],"product_tag":[],"class_list":{"0":"post-720306","1":"product","2":"type-product","3":"status-publish","5":"product_cat-cok-satanlar","6":"pa_cilt-ciltsiz","7":"pa_tur-kitap","8":"pa_yayinevi-kozmostar","9":"pa_yazar-cihat-yayci","11":"first","12":"instock","13":"sale","14":"shipping-taxable","15":"purchasable","16":"product-type-simple"},"_links":{"self":[{"href":"https:\/\/roveyayinevi.com.tr\/index.php\/wp-json\/wp\/v2\/product\/720306","targetHints":{"allow":["GET"]}}],"collection":[{"href":"https:\/\/roveyayinevi.com.tr\/index.php\/wp-json\/wp\/v2\/product"}],"about":[{"href":"https:\/\/roveyayinevi.com.tr\/index.php\/wp-json\/wp\/v2\/types\/product"}],"wp:attachment":[{"href":"https:\/\/roveyayinevi.com.tr\/index.php\/wp-json\/wp\/v2\/media?parent=720306"}],"wp:term":[{"taxonomy":"product_brand","embeddable":true,"href":"https:\/\/roveyayinevi.com.tr\/index.php\/wp-json\/wp\/v2\/product_brand?post=720306"},{"taxonomy":"product_cat","embeddable":true,"href":"https:\/\/roveyayinevi.com.tr\/index.php\/wp-json\/wp\/v2\/product_cat?post=720306"},{"taxonomy":"product_tag","embeddable":true,"href":"https:\/\/roveyayinevi.com.tr\/index.php\/wp-json\/wp\/v2\/product_tag?post=720306"}],"curies":[{"name":"wp","href":"https:\/\/api.w.org\/{rel}","templated":true}]}}