{"id":720305,"date":"2025-08-27T18:34:23","date_gmt":"2025-08-27T15:34:23","guid":{"rendered":"https:\/\/roveyayinevi.com.tr\/index.php\/urun\/clara\/"},"modified":"2026-04-11T13:47:11","modified_gmt":"2026-04-11T10:47:11","slug":"clara","status":"publish","type":"product","link":"https:\/\/roveyayinevi.com.tr\/index.php\/urun\/clara\/","title":{"rendered":"Clara"},"content":{"rendered":"<p>Filozof Schelling, Alman Romantizminin s\u0131ra d\u0131\u015f\u0131 fig\u00fcrlerinden biri olan kar\u0131s\u0131 Caroline\u2019nin gen\u00e7 ya\u015ftaki \u00f6l\u00fcm\u00fcnden sonra kaleme ald\u0131\u011f\u0131 bu felsefi novellada i\u015fte bu soruya yan\u0131t ar\u0131yor.Clara her \u015feyden \u00f6nce bir yas kitab\u0131. Filozofun kay\u0131pla, \u00f6l\u00fcmle, insan\u0131n sonlulu\u011fuyla hesapla\u015ft\u0131\u011f\u0131 bir metin. Derin felsefi d\u00fc\u015f\u00fcncenin ki\u015fisel bir trajediyle i\u00e7 i\u00e7e ge\u00e7ti\u011fi Clara\u2019n\u0131n felsefe tarihinde kendine \u00f6zg\u00fc bir yeri var: Platon\u2019un Diotima\u2019s\u0131ndan sonra belki de ilk defa bir kad\u0131n, Clara ba\u015frolde: Clara belli ki, kendisi de son derece entelekt\u00fcel biri olan Caroline\u2019nin bir temsili. Metnin \u00fc\u00e7 ana karakteri Clara, doktor ve rahip, s\u0131ras\u0131yla ruhu (ki\u015fili\u011fi), bedeni ve tini temsil ediyor. \u00dc\u00e7l\u00fc, Eski Yunan filozoflar\u0131 gibi k\u0131rlarda y\u00fcr\u00fcy\u00fcp \u00f6l\u00fcm ile ya\u015fam, do\u011fa ile tin aras\u0131ndaki ili\u015fkiyi tart\u0131\u015f\u0131rken, Schelling de \u0130nsan \u00d6zg\u00fcrl\u00fc\u011f\u00fcn\u00fcn \u00d6z\u00fc \u00dczerine denemesi ve ba\u015fyap\u0131t\u0131 Weltalter\u2019de (D\u00fcnya \u00c7a\u011flar\u0131) geli\u015ftirdi\u011fi karma\u015f\u0131k fikirlerini daha geni\u015f bir okur kitlesine, sade bir felsefi diyalog bi\u00e7iminde sunma olana\u011f\u0131 buluyor. Schelling\u2019in az bilinen bu \u201cgizli\u201d ba\u015fyap\u0131t\u0131, do\u011fa, ya\u015fam ve \u00f6l\u00fcm gibi konulara ilgi duyan okurlar\u0131 ki\u015fisel bir yolculu\u011fa davet ediyor&#8230;<\/p>\n","protected":false},"excerpt":{"rendered":"<p>Filozof Schelling, Alman Romantizminin s\u0131ra d\u0131\u015f\u0131 fig\u00fcrlerinden biri olan kar\u0131s\u0131 Caroline\u2019nin gen\u00e7 ya\u015ftaki \u00f6l\u00fcm\u00fcnden sonra kaleme ald\u0131\u011f\u0131 bu felsefi novellada i\u015fte bu soruya yan\u0131t ar\u0131yor.Clara her<span class=\"excerpt-hellip\"> [\u2026]<\/span><\/p>\n","protected":false},"featured_media":0,"template":"","meta":{"_monsterinsights_skip_tracking":false,"_monsterinsights_sitenote_active":false,"_monsterinsights_sitenote_note":"","_monsterinsights_sitenote_category":0},"product_brand":[],"product_cat":[12389,12388],"product_tag":[],"class_list":{"0":"post-720305","1":"product","2":"type-product","3":"status-publish","5":"product_cat-diger-felsefe","6":"product_cat-felsefe","7":"pa_cilt-ciltsiz","8":"pa_tur-kitap","9":"pa_yayinevi-ayrinti-yayinlari","10":"pa_yazar-friedrich-wilhelm-joseph-von-schelling","12":"first","13":"instock","14":"sale","15":"shipping-taxable","16":"purchasable","17":"product-type-simple"},"_links":{"self":[{"href":"https:\/\/roveyayinevi.com.tr\/index.php\/wp-json\/wp\/v2\/product\/720305","targetHints":{"allow":["GET"]}}],"collection":[{"href":"https:\/\/roveyayinevi.com.tr\/index.php\/wp-json\/wp\/v2\/product"}],"about":[{"href":"https:\/\/roveyayinevi.com.tr\/index.php\/wp-json\/wp\/v2\/types\/product"}],"wp:attachment":[{"href":"https:\/\/roveyayinevi.com.tr\/index.php\/wp-json\/wp\/v2\/media?parent=720305"}],"wp:term":[{"taxonomy":"product_brand","embeddable":true,"href":"https:\/\/roveyayinevi.com.tr\/index.php\/wp-json\/wp\/v2\/product_brand?post=720305"},{"taxonomy":"product_cat","embeddable":true,"href":"https:\/\/roveyayinevi.com.tr\/index.php\/wp-json\/wp\/v2\/product_cat?post=720305"},{"taxonomy":"product_tag","embeddable":true,"href":"https:\/\/roveyayinevi.com.tr\/index.php\/wp-json\/wp\/v2\/product_tag?post=720305"}],"curies":[{"name":"wp","href":"https:\/\/api.w.org\/{rel}","templated":true}]}}