{"id":720304,"date":"2025-08-27T18:34:22","date_gmt":"2025-08-27T15:34:22","guid":{"rendered":"https:\/\/roveyayinevi.com.tr\/index.php\/urun\/divan-7\/"},"modified":"2026-04-16T02:28:04","modified_gmt":"2026-04-15T23:28:04","slug":"divan-7","status":"publish","type":"product","link":"https:\/\/roveyayinevi.com.tr\/index.php\/urun\/divan-7\/","title":{"rendered":"Divan"},"content":{"rendered":"<p>Yere ge\u00e7se yeridir fazilet ehli \u00e7\u00fcnk\u00fc \u00e2h \/ \u00c7erden \u00e7\u00f6pten adamlar deniz gibi mak\u00e2m \u00fcst\u00fcndedirB\u00e2k\u00ee! Sa\u011fl\u0131\u011f\u0131n yerindeyken gurura kap\u0131l\u0131r\u0131m deme \/ Ku\u015fkusuz her bilgili canl\u0131 g\u00f6\u00e7\u00fcp gitme \u00fcst\u00fcndedir<\/p>\n","protected":false},"excerpt":{"rendered":"<p>Yere ge\u00e7se yeridir fazilet ehli \u00e7\u00fcnk\u00fc \u00e2h \/ \u00c7erden \u00e7\u00f6pten adamlar deniz gibi mak\u00e2m \u00fcst\u00fcndedirB\u00e2k\u00ee! Sa\u011fl\u0131\u011f\u0131n yerindeyken gurura kap\u0131l\u0131r\u0131m deme \/ Ku\u015fkusuz her bilgili canl\u0131 g\u00f6\u00e7\u00fcp<span class=\"excerpt-hellip\"> [\u2026]<\/span><\/p>\n","protected":false},"featured_media":0,"template":"","meta":{"_monsterinsights_skip_tracking":false,"_monsterinsights_sitenote_active":false,"_monsterinsights_sitenote_note":"","_monsterinsights_sitenote_category":0},"product_brand":[],"product_cat":[12291,12509],"product_tag":[],"class_list":{"0":"post-720304","1":"product","2":"type-product","3":"status-publish","5":"product_cat-edebiyat","6":"product_cat-siir","7":"pa_cilt-ciltsiz","8":"pa_tur-kitap","9":"pa_yayinevi-ayrinti-yayinlari","10":"pa_yazar-mahmud-abdulbaki","12":"first","13":"instock","14":"sale","15":"shipping-taxable","16":"purchasable","17":"product-type-simple"},"_links":{"self":[{"href":"https:\/\/roveyayinevi.com.tr\/index.php\/wp-json\/wp\/v2\/product\/720304","targetHints":{"allow":["GET"]}}],"collection":[{"href":"https:\/\/roveyayinevi.com.tr\/index.php\/wp-json\/wp\/v2\/product"}],"about":[{"href":"https:\/\/roveyayinevi.com.tr\/index.php\/wp-json\/wp\/v2\/types\/product"}],"wp:attachment":[{"href":"https:\/\/roveyayinevi.com.tr\/index.php\/wp-json\/wp\/v2\/media?parent=720304"}],"wp:term":[{"taxonomy":"product_brand","embeddable":true,"href":"https:\/\/roveyayinevi.com.tr\/index.php\/wp-json\/wp\/v2\/product_brand?post=720304"},{"taxonomy":"product_cat","embeddable":true,"href":"https:\/\/roveyayinevi.com.tr\/index.php\/wp-json\/wp\/v2\/product_cat?post=720304"},{"taxonomy":"product_tag","embeddable":true,"href":"https:\/\/roveyayinevi.com.tr\/index.php\/wp-json\/wp\/v2\/product_tag?post=720304"}],"curies":[{"name":"wp","href":"https:\/\/api.w.org\/{rel}","templated":true}]}}