{"id":720303,"date":"2025-08-27T18:34:21","date_gmt":"2025-08-27T15:34:21","guid":{"rendered":"https:\/\/roveyayinevi.com.tr\/index.php\/urun\/cakiltasi\/"},"modified":"2026-04-12T02:33:58","modified_gmt":"2026-04-11T23:33:58","slug":"cakiltasi","status":"publish","type":"product","link":"https:\/\/roveyayinevi.com.tr\/index.php\/urun\/cakiltasi\/","title":{"rendered":"\u00c7ak\u0131lta\u015f\u0131"},"content":{"rendered":"<p>Bah\u00e7e duvar\u0131n\u0131n arkas\u0131ndan uzun boyunlu, demir di\u015fli bir canavar, a\u011fz\u0131ndan topraklar sa\u00e7arak \u00c7ak\u0131lta\u015f\u0131\u2019na bak\u0131yordu. \u00c7ak\u0131lta\u015f\u0131\u2019n\u0131n bu canavarlar\u0131n aras\u0131nda korkudan \u00f6d\u00fc kopuyordu.Evin sahibi tatl\u0131 anneanne ku\u015flarla birlikte bir yolculu\u011fa \u00e7\u0131km\u0131\u015ft\u0131.En yak\u0131n arkada\u015f\u0131 Do\u011fa da uzaklara ta\u015f\u0131nm\u0131\u015ft\u0131. \u00c7ak\u0131lta\u015f\u0131\u2019n\u0131 yutacak bir felaket yakla\u015f\u0131yordu. Bu demir di\u015fli canavarlardan kurtulmak neredeyse imkans\u0131zd\u0131. Ku\u015flar, yakla\u015fan felaketi \u00f6nlemek i\u00e7in toplan\u0131p bir karar ald\u0131lar.Uzak \u00fclkelere kadar u\u00e7abilen s\u0131\u011f\u0131rc\u0131k ku\u015flar\u0131, d\u00fcnyan\u0131n d\u00f6rt bir yan\u0131ndaki tarihi yap\u0131lara giderek \u015fu haberi ula\u015ft\u0131racaklard\u0131: \u201c\u00c7ak\u0131lta\u015f\u0131y\u0131k\u0131l\u0131yooor!\u201d \u00c7ak\u0131lta\u015f\u0131\u2019n\u0131n hepimize tan\u0131d\u0131k gelen bu \u00f6yk\u00fcs\u00fcn\u00fc Sezin Mavio\u011flu\u2019nun g\u00fczel kaleminden okuyoruz. <\/p>\n","protected":false},"excerpt":{"rendered":"<p>Bah\u00e7e duvar\u0131n\u0131n arkas\u0131ndan uzun boyunlu, demir di\u015fli bir canavar, a\u011fz\u0131ndan topraklar sa\u00e7arak \u00c7ak\u0131lta\u015f\u0131\u2019na bak\u0131yordu. \u00c7ak\u0131lta\u015f\u0131\u2019n\u0131n bu canavarlar\u0131n aras\u0131nda korkudan \u00f6d\u00fc kopuyordu.Evin sahibi tatl\u0131 anneanne ku\u015flarla birlikte<span class=\"excerpt-hellip\"> [\u2026]<\/span><\/p>\n","protected":false},"featured_media":0,"template":"","meta":{"_monsterinsights_skip_tracking":false,"_monsterinsights_sitenote_active":false,"_monsterinsights_sitenote_note":"","_monsterinsights_sitenote_category":0},"product_brand":[],"product_cat":[12274,12284],"product_tag":[],"class_list":{"0":"post-720303","1":"product","2":"type-product","3":"status-publish","5":"product_cat-cocuk-ve-genclik-kitaplari","6":"product_cat-hikayeler","7":"pa_cilt-ciltsiz","8":"pa_tur-kitap","9":"pa_yayinevi-dinozor-cocuk","10":"pa_yazar-sezin-mavioglu","12":"first","13":"instock","14":"sale","15":"shipping-taxable","16":"purchasable","17":"product-type-simple"},"_links":{"self":[{"href":"https:\/\/roveyayinevi.com.tr\/index.php\/wp-json\/wp\/v2\/product\/720303","targetHints":{"allow":["GET"]}}],"collection":[{"href":"https:\/\/roveyayinevi.com.tr\/index.php\/wp-json\/wp\/v2\/product"}],"about":[{"href":"https:\/\/roveyayinevi.com.tr\/index.php\/wp-json\/wp\/v2\/types\/product"}],"wp:attachment":[{"href":"https:\/\/roveyayinevi.com.tr\/index.php\/wp-json\/wp\/v2\/media?parent=720303"}],"wp:term":[{"taxonomy":"product_brand","embeddable":true,"href":"https:\/\/roveyayinevi.com.tr\/index.php\/wp-json\/wp\/v2\/product_brand?post=720303"},{"taxonomy":"product_cat","embeddable":true,"href":"https:\/\/roveyayinevi.com.tr\/index.php\/wp-json\/wp\/v2\/product_cat?post=720303"},{"taxonomy":"product_tag","embeddable":true,"href":"https:\/\/roveyayinevi.com.tr\/index.php\/wp-json\/wp\/v2\/product_tag?post=720303"}],"curies":[{"name":"wp","href":"https:\/\/api.w.org\/{rel}","templated":true}]}}