{"id":720302,"date":"2025-08-27T18:34:20","date_gmt":"2025-08-27T15:34:20","guid":{"rendered":"https:\/\/roveyayinevi.com.tr\/index.php\/urun\/cemalnur-sargut-cevapliyor\/"},"modified":"2026-04-16T02:28:04","modified_gmt":"2026-04-15T23:28:04","slug":"cemalnur-sargut-cevapliyor","status":"publish","type":"product","link":"https:\/\/roveyayinevi.com.tr\/index.php\/urun\/cemalnur-sargut-cevapliyor\/","title":{"rendered":"Cemalnur Sargut Cevapl\u0131yor"},"content":{"rendered":"<p>Cem\u00e2lnur Sargut hepimizin s\u0131k\u00e7a sordu\u011fu g\u00fcnl\u00fck sorular\u0131 tasavvuf\u00ee bak\u0131\u015f a\u00e7\u0131s\u0131yla cevapl\u0131yor.Sargut\u2019a g\u00f6re;Tasavvuf, insan\u0131n \u00e7evresiyle kurdu\u011fu ili\u015fkiyi Allah\u2019la irtibat olarak alg\u0131lamas\u0131 ve buna g\u00f6re ya\u015famas\u0131d\u0131r.Tasavvuf, Hz. Peygamberimiz\u2019in (s.a.s) devrinde ya\u015fanm\u0131\u015f ve m\u00fckemmel h\u00e2line ula\u015fm\u0131\u015f ahl\u00e2k\u00ee de\u011ferlerin g\u00fcn\u00fcm\u00fcze uygulanmas\u0131d\u0131r.Tasavvuf, Kur\u2019an\u2019dan ve s\u00fcnnetten ayr\u0131 de\u011fildir.Tasavvuf, zaman ve mek\u00e2ndan ba\u011f\u0131ms\u0131zd\u0131r.Tasavvuf, insanl\u0131k \u00e2lemine bar\u0131\u015f ve huzur getirecek yeg\u00e2ne global lisand\u0131r.<\/p>\n","protected":false},"excerpt":{"rendered":"<p>Cem\u00e2lnur Sargut hepimizin s\u0131k\u00e7a sordu\u011fu g\u00fcnl\u00fck sorular\u0131 tasavvuf\u00ee bak\u0131\u015f a\u00e7\u0131s\u0131yla cevapl\u0131yor.Sargut\u2019a g\u00f6re;Tasavvuf, insan\u0131n \u00e7evresiyle kurdu\u011fu ili\u015fkiyi Allah\u2019la irtibat olarak alg\u0131lamas\u0131 ve buna g\u00f6re ya\u015famas\u0131d\u0131r.Tasavvuf, Hz. Peygamberimiz\u2019in<span class=\"excerpt-hellip\"> [\u2026]<\/span><\/p>\n","protected":false},"featured_media":0,"template":"","meta":{"_monsterinsights_skip_tracking":false,"_monsterinsights_sitenote_active":false,"_monsterinsights_sitenote_note":"","_monsterinsights_sitenote_category":0},"product_brand":[],"product_cat":[12718,12719,12720],"product_tag":[],"class_list":{"0":"post-720302","1":"product","2":"type-product","3":"status-publish","5":"product_cat-din","6":"product_cat-islam","7":"product_cat-tasavvuf-mezhepler-tarikatlar","8":"pa_cilt-ciltsiz","9":"pa_tur-kitap","10":"pa_yayinevi-nefes-yayincilik","11":"pa_yazar-cemalnur-sargut","13":"first","14":"instock","15":"sale","16":"shipping-taxable","17":"purchasable","18":"product-type-simple"},"_links":{"self":[{"href":"https:\/\/roveyayinevi.com.tr\/index.php\/wp-json\/wp\/v2\/product\/720302","targetHints":{"allow":["GET"]}}],"collection":[{"href":"https:\/\/roveyayinevi.com.tr\/index.php\/wp-json\/wp\/v2\/product"}],"about":[{"href":"https:\/\/roveyayinevi.com.tr\/index.php\/wp-json\/wp\/v2\/types\/product"}],"wp:attachment":[{"href":"https:\/\/roveyayinevi.com.tr\/index.php\/wp-json\/wp\/v2\/media?parent=720302"}],"wp:term":[{"taxonomy":"product_brand","embeddable":true,"href":"https:\/\/roveyayinevi.com.tr\/index.php\/wp-json\/wp\/v2\/product_brand?post=720302"},{"taxonomy":"product_cat","embeddable":true,"href":"https:\/\/roveyayinevi.com.tr\/index.php\/wp-json\/wp\/v2\/product_cat?post=720302"},{"taxonomy":"product_tag","embeddable":true,"href":"https:\/\/roveyayinevi.com.tr\/index.php\/wp-json\/wp\/v2\/product_tag?post=720302"}],"curies":[{"name":"wp","href":"https:\/\/api.w.org\/{rel}","templated":true}]}}