{"id":720301,"date":"2025-08-27T18:34:20","date_gmt":"2025-08-27T15:34:20","guid":{"rendered":"https:\/\/roveyayinevi.com.tr\/index.php\/urun\/100-kadin-100-erkek\/"},"modified":"2026-04-16T02:28:04","modified_gmt":"2026-04-15T23:28:04","slug":"100-kadin-100-erkek","status":"publish","type":"product","link":"https:\/\/roveyayinevi.com.tr\/index.php\/urun\/100-kadin-100-erkek\/","title":{"rendered":"100 Kad\u0131n 100 Erkek"},"content":{"rendered":"<p>Her insane ayr\u0131 bir d\u00fcnya, her \u00e7ift ba\u015fkabir hik\u00e2ye\u2026 Bu kitapta 100 kad\u0131n ve 100 erke\u011fin hik\u00e2yesini okuyacaks\u0131n\u0131z.   Bazen ayn\u0131, bazen farkl\u0131 hik\u00e2yelerin i\u00e7inde, benzer insane duygular\u2026 \u0130li\u015fki ya\u015fayan kad\u0131n ve erke\u011fin, ili\u015fkiyi nas\u0131l farkl\u0131 yorumlad\u0131\u011f\u0131n\u0131, kendi penceresinden bakarken kar\u015f\u0131 manzaray\u0131 nas\u0131l ka\u00e7\u0131rabildi\u011fini ke\u015ffedecek, her hik\u00e2yeye dair yazd\u0131\u011f\u0131m notlar\u0131 okurken kendi ili\u015fkinize dair fark\u0131ndal\u0131klar edineceksiniz. O halde en zor sorudan ba\u015flamaya ne dersiniz? A\u015fk her \u015feyi affeder mi? <\/p>\n","protected":false},"excerpt":{"rendered":"<p>Her insane ayr\u0131 bir d\u00fcnya, her \u00e7ift ba\u015fkabir hik\u00e2ye\u2026 Bu kitapta 100 kad\u0131n ve 100 erke\u011fin hik\u00e2yesini okuyacaks\u0131n\u0131z. Bazen ayn\u0131, bazen farkl\u0131 hik\u00e2yelerin i\u00e7inde, benzer insane<span class=\"excerpt-hellip\"> [\u2026]<\/span><\/p>\n","protected":false},"featured_media":0,"template":"","meta":{"_monsterinsights_skip_tracking":false,"_monsterinsights_sitenote_active":false,"_monsterinsights_sitenote_note":"","_monsterinsights_sitenote_category":0},"product_brand":[],"product_cat":[26396,13488],"product_tag":[],"class_list":{"0":"post-720301","1":"product","2":"type-product","3":"status-publish","5":"product_cat-kadin-erkek-iliskileri","6":"product_cat-toplum-ve-insan","7":"pa_cilt-ciltsiz","8":"pa_tur-kitap","9":"pa_yayinevi-inkilap-kitabevi","10":"pa_yazar-yesim-varol","12":"first","13":"instock","14":"sale","15":"shipping-taxable","16":"purchasable","17":"product-type-simple"},"_links":{"self":[{"href":"https:\/\/roveyayinevi.com.tr\/index.php\/wp-json\/wp\/v2\/product\/720301","targetHints":{"allow":["GET"]}}],"collection":[{"href":"https:\/\/roveyayinevi.com.tr\/index.php\/wp-json\/wp\/v2\/product"}],"about":[{"href":"https:\/\/roveyayinevi.com.tr\/index.php\/wp-json\/wp\/v2\/types\/product"}],"wp:attachment":[{"href":"https:\/\/roveyayinevi.com.tr\/index.php\/wp-json\/wp\/v2\/media?parent=720301"}],"wp:term":[{"taxonomy":"product_brand","embeddable":true,"href":"https:\/\/roveyayinevi.com.tr\/index.php\/wp-json\/wp\/v2\/product_brand?post=720301"},{"taxonomy":"product_cat","embeddable":true,"href":"https:\/\/roveyayinevi.com.tr\/index.php\/wp-json\/wp\/v2\/product_cat?post=720301"},{"taxonomy":"product_tag","embeddable":true,"href":"https:\/\/roveyayinevi.com.tr\/index.php\/wp-json\/wp\/v2\/product_tag?post=720301"}],"curies":[{"name":"wp","href":"https:\/\/api.w.org\/{rel}","templated":true}]}}