{"id":720300,"date":"2025-08-27T18:34:19","date_gmt":"2025-08-27T15:34:19","guid":{"rendered":"https:\/\/roveyayinevi.com.tr\/index.php\/urun\/siyaset-bilimi-5\/"},"modified":"2026-04-16T02:28:04","modified_gmt":"2026-04-15T23:28:04","slug":"siyaset-bilimi-5","status":"publish","type":"product","link":"https:\/\/roveyayinevi.com.tr\/index.php\/urun\/siyaset-bilimi-5\/","title":{"rendered":"Siyaset Bilimi"},"content":{"rendered":"<p>Prof. Dr Kudret B\u00fclb\u00fcl\u2019\u00fcn \u00e7al\u0131\u015fmas\u0131, kapsam\u0131, y\u00f6ntemi, dili ve beslendi\u011fi kaynaklar a\u00e7\u0131s\u0131ndan siyaset bilimi literat\u00fcr\u00fcne yeni bir soluk getirecek niteliktedir. Yazar \u00e7al\u0131\u015fmas\u0131nda, siyaset biliminin k\u00f6kenlerini sadece Bat\u0131\u2019da aramayarak, okuyucuya daha geni\u015f bir evrenden beslenme f\u0131rsat\u0131 sunmaktad\u0131r. Yazar\u0131n izledi\u011fi, somut ve pratik olan\u0131 \u00f6nceleme, soyut ve teorik olan\u0131 daha sonraya b\u0131rakma y\u00f6ntemi, konular\u0131 daha rahat anla\u015f\u0131labilir hale getirmektedir. B\u00fclb\u00fcl \u00e7al\u0131\u015fmas\u0131nda, siyasetin mekanizmas\u0131, siyasal kurumlar, kavramlar ve ideolojiler gibi siyaset biliminin temel konular\u0131 yan\u0131 s\u0131ra, yeni, farkl\u0131 ve g\u00fcncel tart\u0131\u015fmalar\u0131 da konu edinmi\u015ftir. Eserde, siyasal idealler ve varsay\u0131mlar ba\u011flam\u0131nda Bat\u0131 siyaset bilimi kitaplar\u0131nda pek yer almayan adalet kavram\u0131na, sosyal bilimlerin b\u00fct\u00fcn alanlar\u0131n\u0131 kapsayan geleneksellik, modernite, postmodernite tart\u0131\u015fmas\u0131na yer verilmi\u015ftir. Yine \u00e7al\u0131\u015fmadaki &#8211; K\u00fcreselle\u015fme-ulus devlet,  &#8211; Kimlik, k\u00fclt\u00fcr, siyaset, &#8211; Tarihin Sonu, Medeniyetler \u00c7at\u0131\u015fmas\u0131, &#8211; \u0130slam ve siyaset, &#8211; G\u00fcvenlik, \u00f6zg\u00fcrl\u00fck, siyaset, &#8211; K\u00fcresel g\u00fcvenlik gibi g\u00fcncel konular, eseri g\u00fcn\u00fcm\u00fcz d\u00fcnyas\u0131n\u0131 anlamak a\u00e7\u0131s\u0131ndan da anlaml\u0131 k\u0131lmaktad\u0131r. Eser, mevcut i\u00e7eri\u011fiyle, klasik siyaset bilimi kitaplar\u0131n\u0131n s\u0131n\u0131rlar\u0131n\u0131 a\u015farak, d\u00fc\u015f\u00fcnce kitab\u0131 tad\u0131nda, farkl\u0131 gerek\u00e7elerle ba\u015fvurulabilecek \u00e7ok y\u00f6nl\u00fc bir kaynak kitaba d\u00f6n\u00fc\u015fm\u00fc\u015f durumdad\u0131r. <\/p>\n","protected":false},"excerpt":{"rendered":"<p>Prof. Dr Kudret B\u00fclb\u00fcl\u2019\u00fcn \u00e7al\u0131\u015fmas\u0131, kapsam\u0131, y\u00f6ntemi, dili ve beslendi\u011fi kaynaklar a\u00e7\u0131s\u0131ndan siyaset bilimi literat\u00fcr\u00fcne yeni bir soluk getirecek niteliktedir. Yazar \u00e7al\u0131\u015fmas\u0131nda, siyaset biliminin k\u00f6kenlerini sadece<span class=\"excerpt-hellip\"> [\u2026]<\/span><\/p>\n","protected":false},"featured_media":0,"template":"","meta":{"_monsterinsights_skip_tracking":false,"_monsterinsights_sitenote_active":false,"_monsterinsights_sitenote_note":"","_monsterinsights_sitenote_category":0},"product_brand":[],"product_cat":[12337,14706],"product_tag":[],"class_list":{"0":"post-720300","1":"product","2":"type-product","3":"status-publish","5":"product_cat-politika-siyaset","6":"product_cat-siyaset-bilimi","7":"pa_cilt-ciltsiz","8":"pa_tur-kitap","9":"pa_yayinevi-adres-yayinlari","10":"pa_yazar-kudret-bulbul","12":"first","13":"instock","14":"sale","15":"shipping-taxable","16":"purchasable","17":"product-type-simple"},"_links":{"self":[{"href":"https:\/\/roveyayinevi.com.tr\/index.php\/wp-json\/wp\/v2\/product\/720300","targetHints":{"allow":["GET"]}}],"collection":[{"href":"https:\/\/roveyayinevi.com.tr\/index.php\/wp-json\/wp\/v2\/product"}],"about":[{"href":"https:\/\/roveyayinevi.com.tr\/index.php\/wp-json\/wp\/v2\/types\/product"}],"wp:attachment":[{"href":"https:\/\/roveyayinevi.com.tr\/index.php\/wp-json\/wp\/v2\/media?parent=720300"}],"wp:term":[{"taxonomy":"product_brand","embeddable":true,"href":"https:\/\/roveyayinevi.com.tr\/index.php\/wp-json\/wp\/v2\/product_brand?post=720300"},{"taxonomy":"product_cat","embeddable":true,"href":"https:\/\/roveyayinevi.com.tr\/index.php\/wp-json\/wp\/v2\/product_cat?post=720300"},{"taxonomy":"product_tag","embeddable":true,"href":"https:\/\/roveyayinevi.com.tr\/index.php\/wp-json\/wp\/v2\/product_tag?post=720300"}],"curies":[{"name":"wp","href":"https:\/\/api.w.org\/{rel}","templated":true}]}}