{"id":720295,"date":"2025-08-27T18:34:16","date_gmt":"2025-08-27T15:34:16","guid":{"rendered":"https:\/\/roveyayinevi.com.tr\/index.php\/urun\/dervisin-yolu-4-kirk-kalbe-kirk-hadis\/"},"modified":"2026-04-16T02:28:04","modified_gmt":"2026-04-15T23:28:04","slug":"dervisin-yolu-4-kirk-kalbe-kirk-hadis","status":"publish","type":"product","link":"https:\/\/roveyayinevi.com.tr\/index.php\/urun\/dervisin-yolu-4-kirk-kalbe-kirk-hadis\/","title":{"rendered":"Dervi\u015fin Yolu 4 ;  K\u0131rk Kalbe K\u0131rk Hadis"},"content":{"rendered":"<p>Senai Demirci&#8217;den yepyeni bir serinin d\u00f6rd\u00fcnc\u00fc kitab\u0131 Niyetim d\u00fc\u015f\u00fcncenin patikalar\u0131nda y\u00fcr\u00fcrken elinden tutmak Hazreti Peygamber\u2019in. \u015eiirin yama\u00e7lar\u0131nda refakat etmek nefeslerine.   Kaybettik. Sava\u015flarda yar\u0131\u015ft\u0131ra yar\u0131\u015ft\u0131ra kaybettik Hazreti Peygamberin[asm] vahyi hak etmek i\u00e7in terleyen \u00f6z\u00fcn\u00fc. Onlu ya\u015flardaki arkada\u015f\u0131 Zeyd bin Sabit\u2019e ku\u015flar\u0131n ne g\u00fczel u\u00e7tu\u011funu anlatan kalbinin kanat seslerini k\u0131rd\u0131k; yaln\u0131zla\u015ft\u0131k. H\u00fcz\u00fcn y\u0131l\u0131n\u0131n e\u015fi\u011finde, O\u2019nu miraca ta\u015f\u0131yan hayretinin yat\u0131\u015fmaz ate\u015fini, Kab-\u0131 Kavseyn\u2019e ta\u015fan tefekk\u00fcr\u00fcn\u00fcn zarif tenini sava\u015flar\u0131n g\u00fcr\u00fclt\u00fcs\u00fcnde ezdik; k\u00f6reldik. Vaktin \u00fcst\u00fcne \u00e7\u0131kan, d\u00fcnyan\u0131n k\u0131y\u0131s\u0131na \u00e7ekilen o \u015fiirli \u015fuurun nabz\u0131n\u0131 duyamad\u0131k; sa\u011f\u0131rla\u015ft\u0131k. K\u0131r\u0131k Kalbe K\u0131rk Hadis\u2019e niyetlenirken, Resulullah\u2019\u0131n[asm] \u015fiirin ak\u0131\u015f\u0131nda yank\u0131lanan, \u015fuurun avucunda demlenen sessiz duru\u015flar\u0131n\u0131 g\u00f6renlerle tan\u0131\u015ft\u0131m. O\u2019nun billur b\/ak\u0131\u015f\u0131n\u0131 suyun ba\u015f\u0131n\u0131 ta\u015flara vuru\u015fuyla anlatan Fuzul\u00ee\u2019ye g\u00fcvendim. Tek bir nefeste aynas\u0131n\u0131 bu\u011fuland\u0131rmaktan korkanlar gibi, vahiy kar\u015f\u0131s\u0131nda nefessiz duru\u015funu g\u00f6ren Mevl\u00e2na Celaleddin-i Rumi\u2019ye sessizce refakat ettim. \u201cElbette ki Muhammed gelecekti\u201d hasretini yana yana seslendiren Rilke\u2019nin siyah\u00ee h\u00fczn\u00fcn\u00fc giyindim. &#8220;Karde\u015f; ay\u0131rma bizi koynundan!\u201d diye a\u011flayan Goethe\u2019nin kalbindeki \u201cda\u011f p\u0131narlar\u0131\u201dn\u0131n sesini ald\u0131m can kula\u011f\u0131ma. O\u2019nu t\u00fcm varolu\u015fun ihti\u015fam\u0131na hayretle mukabelesini b\u00fct\u00fcn zamanlar\u0131n \u201candelib-i zi\u015f\u00e2n\u201d\u0131 diye duyan Said Nursi\u2019nin duyu\u015funu vurdum kalbime. \u201cKu\u015flar u\u00e7ar senin g\u00f6nl\u00fcn\u00fc taklit i\u00e7in\u2026\u201d diyen Sezai Karako\u00e7\u2019un g\u00f6k\u00e7e bak\u0131\u015f\u0131n\u0131 ku\u015fanmaya adand\u0131m.   Niyetim yeni bir duyu\u015fla duymak hadisleri. Ve duyurmak. Gelecek S\u00f6z\u2019\u00fc hak etmek i\u00e7in, gelmi\u015f S\u00f6z\u2019\u00fcn hakk\u0131n\u0131 vermek i\u00e7in \u00e7\u0131rp\u0131nan nebev\u00ee kalbi g\u00f6\u011fs\u00fcm\u00fczde a\u011f\u0131rlamak. D\u00fc\u015f\u00fcncenin patikalar\u0131nda y\u00fcr\u00fcrken elinden tutmak Hazreti Peygamber\u2019in. \u015eiirin yama\u00e7lar\u0131nda refakat etmek nefeslerine. Sahabe hayatlar\u0131n\u0131 bin bir emekle yazd\u0131\u011f\u0131 hayat \u015fiiri diye okumak. \u00dcmidin sesi diye dinlemek susu\u015flar\u0131n\u0131. Ta\u015flara vuran su sesi diye dokunmak bekleyi\u015flerine\u2026 Senai Demirci <\/p>\n","protected":false},"excerpt":{"rendered":"<p>Senai Demirci&#8217;den yepyeni bir serinin d\u00f6rd\u00fcnc\u00fc kitab\u0131 Niyetim d\u00fc\u015f\u00fcncenin patikalar\u0131nda y\u00fcr\u00fcrken elinden tutmak Hazreti Peygamber\u2019in. \u015eiirin yama\u00e7lar\u0131nda refakat etmek nefeslerine. Kaybettik. Sava\u015flarda yar\u0131\u015ft\u0131ra yar\u0131\u015ft\u0131ra kaybettik Hazreti<span class=\"excerpt-hellip\"> [\u2026]<\/span><\/p>\n","protected":false},"featured_media":0,"template":"","meta":{"_monsterinsights_skip_tracking":false,"_monsterinsights_sitenote_active":false,"_monsterinsights_sitenote_note":"","_monsterinsights_sitenote_category":0},"product_brand":[],"product_cat":[12718,12719,15238],"product_tag":[],"class_list":{"0":"post-720295","1":"product","2":"type-product","3":"status-publish","5":"product_cat-din","6":"product_cat-islam","7":"product_cat-tasavvuf","8":"pa_cilt-ciltsiz","9":"pa_tur-kitap","10":"pa_yayinevi-hayykitap","11":"pa_yazar-senai-demirci","13":"first","14":"instock","15":"sale","16":"shipping-taxable","17":"purchasable","18":"product-type-simple"},"_links":{"self":[{"href":"https:\/\/roveyayinevi.com.tr\/index.php\/wp-json\/wp\/v2\/product\/720295","targetHints":{"allow":["GET"]}}],"collection":[{"href":"https:\/\/roveyayinevi.com.tr\/index.php\/wp-json\/wp\/v2\/product"}],"about":[{"href":"https:\/\/roveyayinevi.com.tr\/index.php\/wp-json\/wp\/v2\/types\/product"}],"wp:attachment":[{"href":"https:\/\/roveyayinevi.com.tr\/index.php\/wp-json\/wp\/v2\/media?parent=720295"}],"wp:term":[{"taxonomy":"product_brand","embeddable":true,"href":"https:\/\/roveyayinevi.com.tr\/index.php\/wp-json\/wp\/v2\/product_brand?post=720295"},{"taxonomy":"product_cat","embeddable":true,"href":"https:\/\/roveyayinevi.com.tr\/index.php\/wp-json\/wp\/v2\/product_cat?post=720295"},{"taxonomy":"product_tag","embeddable":true,"href":"https:\/\/roveyayinevi.com.tr\/index.php\/wp-json\/wp\/v2\/product_tag?post=720295"}],"curies":[{"name":"wp","href":"https:\/\/api.w.org\/{rel}","templated":true}]}}