{"id":720293,"date":"2025-08-27T18:34:15","date_gmt":"2025-08-27T15:34:15","guid":{"rendered":"https:\/\/roveyayinevi.com.tr\/index.php\/urun\/tasavvuf-ogretileri\/"},"modified":"2026-04-16T02:28:04","modified_gmt":"2026-04-15T23:28:04","slug":"tasavvuf-ogretileri","status":"publish","type":"product","link":"https:\/\/roveyayinevi.com.tr\/index.php\/urun\/tasavvuf-ogretileri\/","title":{"rendered":"Tasavvuf \u00d6\u011fretileri"},"content":{"rendered":"<p>&#8220;Tasavvuf, Allah&#8217;\u0131n hakikatine itimat etmekten ba\u015fka bir \u015fey de\u011fildir.&#8221; -Eb\u00fb K\u00e2s\u0131m el-Ku\u015feyr\u00ee Tasavvuf \u00d6\u011fretileri, \u0130sl\u00e2m ve tasavvuf ara\u015ft\u0131rmalar\u0131 profes\u00f6r\u00fc Carl W. Ernst&#8217;\u00fcn en \u00f6nemli \u00e7al\u0131\u015fmalar\u0131ndan biri mahiyetindedir. Titiz bir terc\u00fcme s\u00fcreci ile ilk kez T\u00fcrk\u00e7ede ne\u015fredilen bu eser, \u00f6zl\u00fc bir tasavvuf tarihi el kitab\u0131 olma niteli\u011fi ta\u015f\u0131yor. Bunun yan\u0131nda, tasavvufun geli\u015fim boyutunu ele almakla kalm\u0131yor, Kur&#8217;\u00e2n-\u0131 Ker\u00eem&#8217;e en derin boyutuyla odaklanman\u0131n, yani s\u00fbf\u00eey\u00e2ne bak\u0131\u015f\u0131n p\u00fcf noktalar\u0131n\u0131 ortaya koyuyor.\u00c7al\u0131\u015fmalar\u0131nda, tasavvuf\u00ee d\u00fcsturlar\u0131 belirli bir tarihsellik g\u00f6zeterek inceleyen Ernst, bu \u00e7al\u0131\u015fmas\u0131nda birtak\u0131m \u0130slam\u00ee d\u00fcsturlar\u0131n tasavvuf\u00ee bak\u0131\u015f a\u00e7\u0131s\u0131yla yorumunu, Ebu N\u00e2s\u0131r es-Serr\u00e2c&#8217;dan R\u00fbzbih\u00e2n Bakl\u00ee&#8217;ye, Ebu&#8217;l-K\u00e2s\u0131m el-Ku\u015feyr\u00ee&#8217;den Necmeddin K\u00fcbr\u00e2&#8217;ya, bir\u00e7ok tasavvuf b\u00fcy\u00fc\u011f\u00fcne nispetle, onlar\u0131n eserlerinden ve g\u00f6r\u00fc\u015flerinden \u00f6rneklerle inceliyor. Bu anlay\u0131\u015f\u0131n d\u00fcnya \u00e7ap\u0131ndaki dayanak noktalar\u0131n\u0131, insano\u011flunun manev\u00ee aray\u0131\u015fa e\u011filimi \u00e7er\u00e7evesinde irdeliyor.<\/p>\n","protected":false},"excerpt":{"rendered":"<p>&#8220;Tasavvuf, Allah&#8217;\u0131n hakikatine itimat etmekten ba\u015fka bir \u015fey de\u011fildir.&#8221; -Eb\u00fb K\u00e2s\u0131m el-Ku\u015feyr\u00ee Tasavvuf \u00d6\u011fretileri, \u0130sl\u00e2m ve tasavvuf ara\u015ft\u0131rmalar\u0131 profes\u00f6r\u00fc Carl W. Ernst&#8217;\u00fcn en \u00f6nemli \u00e7al\u0131\u015fmalar\u0131ndan biri<span class=\"excerpt-hellip\"> [\u2026]<\/span><\/p>\n","protected":false},"featured_media":0,"template":"","meta":{"_monsterinsights_skip_tracking":false,"_monsterinsights_sitenote_active":false,"_monsterinsights_sitenote_note":"","_monsterinsights_sitenote_category":0},"product_brand":[],"product_cat":[12718,12719,15238],"product_tag":[],"class_list":{"0":"post-720293","1":"product","2":"type-product","3":"status-publish","5":"product_cat-din","6":"product_cat-islam","7":"product_cat-tasavvuf","8":"pa_cilt-ciltsiz","9":"pa_tur-kitap","10":"pa_yayinevi-sufi-kitap","11":"pa_yazar-carl-w-ernst","13":"first","14":"instock","15":"sale","16":"shipping-taxable","17":"purchasable","18":"product-type-simple"},"_links":{"self":[{"href":"https:\/\/roveyayinevi.com.tr\/index.php\/wp-json\/wp\/v2\/product\/720293","targetHints":{"allow":["GET"]}}],"collection":[{"href":"https:\/\/roveyayinevi.com.tr\/index.php\/wp-json\/wp\/v2\/product"}],"about":[{"href":"https:\/\/roveyayinevi.com.tr\/index.php\/wp-json\/wp\/v2\/types\/product"}],"wp:attachment":[{"href":"https:\/\/roveyayinevi.com.tr\/index.php\/wp-json\/wp\/v2\/media?parent=720293"}],"wp:term":[{"taxonomy":"product_brand","embeddable":true,"href":"https:\/\/roveyayinevi.com.tr\/index.php\/wp-json\/wp\/v2\/product_brand?post=720293"},{"taxonomy":"product_cat","embeddable":true,"href":"https:\/\/roveyayinevi.com.tr\/index.php\/wp-json\/wp\/v2\/product_cat?post=720293"},{"taxonomy":"product_tag","embeddable":true,"href":"https:\/\/roveyayinevi.com.tr\/index.php\/wp-json\/wp\/v2\/product_tag?post=720293"}],"curies":[{"name":"wp","href":"https:\/\/api.w.org\/{rel}","templated":true}]}}