{"id":720292,"date":"2025-08-27T18:34:14","date_gmt":"2025-08-27T15:34:14","guid":{"rendered":"https:\/\/roveyayinevi.com.tr\/index.php\/urun\/buyukannem-ve-minik-kus\/"},"modified":"2026-04-11T13:47:10","modified_gmt":"2026-04-11T10:47:10","slug":"buyukannem-ve-minik-kus","status":"publish","type":"product","link":"https:\/\/roveyayinevi.com.tr\/index.php\/urun\/buyukannem-ve-minik-kus\/","title":{"rendered":"B\u00fcy\u00fckannem ve Minik Ku\u015f"},"content":{"rendered":"<p>B\u00fcy\u00fckannesinin yan\u0131na giden Noi\u2019nin tatilde ke\u015ffetti\u011fi minik ku\u015f ile b\u00fct\u00fcn yaz\u0131 de\u011fi\u015fecektir!Yaln\u0131z Balina kitab\u0131 ile tan\u0131d\u0131\u011f\u0131m\u0131z, sessiz bir sahildeki kul\u00fcbede babas\u0131yla birlikte ya\u015fayan Noi, yaz\u0131n b\u00fcy\u00fckannesinin yan\u0131na gider. Ama burada kalmaya hi\u00e7 de hevesli de\u011fildir, \u00e7\u00fcnk\u00fc b\u00fcy\u00fckannesi yosun \u00e7orbas\u0131 yapar, bir i\u015ften di\u011ferine ko\u015far ve oyun oynamaya vakti olmaz. Noi de kendi ba\u015f\u0131na kayal\u0131klar\u0131 ke\u015ffe \u00e7\u0131kar ve f\u0131rt\u0131nada incinmi\u015f, minik bir ku\u015f bulur. Bu minik ku\u015f, b\u00fcy\u00fckannesiyle aras\u0131ndaki ba\u011flar\u0131 g\u00fc\u00e7lendirip yaz tatilini \u00e7ok daha e\u011flenceli hale getirecektir.D\u00fcnyaca \u00fcnl\u00fc yazar-ill\u00fcstrat\u00f6r Benji Davies, canl\u0131 ve detayl\u0131 \u00e7izimleriyle s\u0131cac\u0131k bir hik\u00e2ye anlat\u0131yor. Noi\u2019nin b\u00fcy\u00fckannesiyle aras\u0131ndaki ba\u011f ve dostu minik ku\u015f, \u00e7ocuklara hem aile b\u00fcy\u00fckleriyle ili\u015fkiler konusunda fikir veriyor hem de hayvanlarla kurdu\u011fumuz dostlu\u011fa dikkat \u00e7ekiyor.Benji Davies, ill\u00fcstrat\u00f6r ve animasyon direkt\u00f6r\u00fc olarak \u00e7al\u0131\u015fmaktad\u0131r. \u00c7ocukluktan beri en b\u00fcy\u00fck tutkusu \u00e7izim yapmak olmu\u015ftur. \u00dcniversitede animasyon alan\u0131nda e\u011fitim g\u00f6rm\u00fc\u015f, ard\u0131ndan k\u0131sa animasyon filmleri, resimli kitaplar ve m\u00fczik klipleri gibi farkl\u0131 alanlarda \u00e7al\u0131\u015fm\u0131\u015ft\u0131r. E\u015fi Nina ve k\u0131z\u0131 Esther ile birlikte Londra\u2019da ya\u015famaktad\u0131r.<\/p>\n","protected":false},"excerpt":{"rendered":"<p>B\u00fcy\u00fckannesinin yan\u0131na giden Noi\u2019nin tatilde ke\u015ffetti\u011fi minik ku\u015f ile b\u00fct\u00fcn yaz\u0131 de\u011fi\u015fecektir!Yaln\u0131z Balina kitab\u0131 ile tan\u0131d\u0131\u011f\u0131m\u0131z, sessiz bir sahildeki kul\u00fcbede babas\u0131yla birlikte ya\u015fayan Noi, yaz\u0131n b\u00fcy\u00fckannesinin<span class=\"excerpt-hellip\"> [\u2026]<\/span><\/p>\n","protected":false},"featured_media":0,"template":"","meta":{"_monsterinsights_skip_tracking":false,"_monsterinsights_sitenote_active":false,"_monsterinsights_sitenote_note":"","_monsterinsights_sitenote_category":0},"product_brand":[],"product_cat":[12274,12284],"product_tag":[],"class_list":{"0":"post-720292","1":"product","2":"type-product","3":"status-publish","5":"product_cat-cocuk-ve-genclik-kitaplari","6":"product_cat-hikayeler","7":"pa_cilt-ciltsiz","8":"pa_tur-kitap","9":"pa_yayinevi-redhouse-kidz-yayinlari","10":"pa_yazar-benji-davies","12":"first","13":"instock","14":"sale","15":"shipping-taxable","16":"purchasable","17":"product-type-simple"},"_links":{"self":[{"href":"https:\/\/roveyayinevi.com.tr\/index.php\/wp-json\/wp\/v2\/product\/720292","targetHints":{"allow":["GET"]}}],"collection":[{"href":"https:\/\/roveyayinevi.com.tr\/index.php\/wp-json\/wp\/v2\/product"}],"about":[{"href":"https:\/\/roveyayinevi.com.tr\/index.php\/wp-json\/wp\/v2\/types\/product"}],"wp:attachment":[{"href":"https:\/\/roveyayinevi.com.tr\/index.php\/wp-json\/wp\/v2\/media?parent=720292"}],"wp:term":[{"taxonomy":"product_brand","embeddable":true,"href":"https:\/\/roveyayinevi.com.tr\/index.php\/wp-json\/wp\/v2\/product_brand?post=720292"},{"taxonomy":"product_cat","embeddable":true,"href":"https:\/\/roveyayinevi.com.tr\/index.php\/wp-json\/wp\/v2\/product_cat?post=720292"},{"taxonomy":"product_tag","embeddable":true,"href":"https:\/\/roveyayinevi.com.tr\/index.php\/wp-json\/wp\/v2\/product_tag?post=720292"}],"curies":[{"name":"wp","href":"https:\/\/api.w.org\/{rel}","templated":true}]}}