{"id":720289,"date":"2025-08-27T18:34:11","date_gmt":"2025-08-27T15:34:11","guid":{"rendered":"https:\/\/roveyayinevi.com.tr\/index.php\/urun\/hartli-seyh-esref\/"},"modified":"2026-04-16T02:28:04","modified_gmt":"2026-04-15T23:28:04","slug":"hartli-seyh-esref","status":"publish","type":"product","link":"https:\/\/roveyayinevi.com.tr\/index.php\/urun\/hartli-seyh-esref\/","title":{"rendered":"Hartl\u0131 \u015eeyh E\u015fref"},"content":{"rendered":"<p>Fuat Ba\u015f, ikinci roman\u0131 olan Hartl\u0131 \u015eeyh E\u015fref\u2019te okurunu Osmanl\u0131 Devleti\u2019nin son y\u0131llar\u0131ndaki Anadolu topraklar\u0131nda gezdiriyor. Ger\u00e7ek bir hik\u00e2yeden yola \u00e7\u0131karak kaleme ald\u0131\u011f\u0131 eserinde, bozk\u0131rda insan yeti\u015ftiren, kalbe g\u00fczel ahlak tohumlar\u0131 eken bir \u00e2limin zamanla m\u00fclk\u00ee erk\u00e2nla ya\u015fad\u0131\u011f\u0131 \u00e7at\u0131\u015fmay\u0131, kinin, nefretin ve h\u0131rs\u0131n insanda olu\u015fturdu\u011fu tahribat\u0131 anlatan Ba\u015f, kurguyla ger\u00e7e\u011fi ustal\u0131kla harmanlamakta. Cehaletin kar\u015f\u0131s\u0131nda hakikati savunan, M\u00fcsl\u00fcman T\u00fcrk d\u00fc\u015f\u00fcncesiyle yo\u011frulmu\u015f bir \u00e2limin ve ailesinin sanc\u0131lar\u0131n\u0131, Osmanl\u0131 Devleti\u2019nin d\u00f6nem i\u00e7erisinde ya\u015fad\u0131\u011f\u0131 \u00e7alkant\u0131larla i\u00e7 i\u00e7e anlatan Ba\u015f, farkl\u0131 olay \u00f6rg\u00fcs\u00fcyle in\u015fa etti\u011fi Hartl\u0131 \u015eeyh E\u015fref\u2019te, s\u0131ra d\u0131\u015f\u0131, g\u00fc\u00e7l\u00fc ve inan\u00e7l\u0131 insanlar\u0131n hik\u00e2yelerini belgelerle kuvvetlendirdi\u011fi bir ger\u00e7eklik d\u00fczlemi i\u00e7erisinde aktarmakta. Fuat Ba\u015f, g\u00fczel ahlak\u0131n \u00f6\u011fretilme m\u00fccadelesini ve bu yolda \u00f6denen bedelleri \u00e7arp\u0131c\u0131 bir ger\u00e7eklikle yo\u011furdu\u011fu bu s\u00fcr\u00fckleyici eserinde, vadettiklerinden \u00e7ok daha fazlas\u0131n\u0131 sunuyor. <\/p>\n","protected":false},"excerpt":{"rendered":"<p>Fuat Ba\u015f, ikinci roman\u0131 olan Hartl\u0131 \u015eeyh E\u015fref\u2019te okurunu Osmanl\u0131 Devleti\u2019nin son y\u0131llar\u0131ndaki Anadolu topraklar\u0131nda gezdiriyor. Ger\u00e7ek bir hik\u00e2yeden yola \u00e7\u0131karak kaleme ald\u0131\u011f\u0131 eserinde, bozk\u0131rda insan<span class=\"excerpt-hellip\"> [\u2026]<\/span><\/p>\n","protected":false},"featured_media":0,"template":"","meta":{"_monsterinsights_skip_tracking":false,"_monsterinsights_sitenote_active":false,"_monsterinsights_sitenote_note":"","_monsterinsights_sitenote_category":0},"product_brand":[],"product_cat":[12291,12711],"product_tag":[],"class_list":{"0":"post-720289","1":"product","2":"type-product","3":"status-publish","5":"product_cat-edebiyat","6":"product_cat-roman-oyku","7":"pa_cilt-ciltsiz","8":"pa_tur-kitap","9":"pa_yayinevi-bilge-kultur-sanat","10":"pa_yazar-fuat-bas","12":"first","13":"instock","14":"sale","15":"shipping-taxable","16":"purchasable","17":"product-type-simple"},"_links":{"self":[{"href":"https:\/\/roveyayinevi.com.tr\/index.php\/wp-json\/wp\/v2\/product\/720289","targetHints":{"allow":["GET"]}}],"collection":[{"href":"https:\/\/roveyayinevi.com.tr\/index.php\/wp-json\/wp\/v2\/product"}],"about":[{"href":"https:\/\/roveyayinevi.com.tr\/index.php\/wp-json\/wp\/v2\/types\/product"}],"wp:attachment":[{"href":"https:\/\/roveyayinevi.com.tr\/index.php\/wp-json\/wp\/v2\/media?parent=720289"}],"wp:term":[{"taxonomy":"product_brand","embeddable":true,"href":"https:\/\/roveyayinevi.com.tr\/index.php\/wp-json\/wp\/v2\/product_brand?post=720289"},{"taxonomy":"product_cat","embeddable":true,"href":"https:\/\/roveyayinevi.com.tr\/index.php\/wp-json\/wp\/v2\/product_cat?post=720289"},{"taxonomy":"product_tag","embeddable":true,"href":"https:\/\/roveyayinevi.com.tr\/index.php\/wp-json\/wp\/v2\/product_tag?post=720289"}],"curies":[{"name":"wp","href":"https:\/\/api.w.org\/{rel}","templated":true}]}}