{"id":720288,"date":"2025-08-27T18:34:11","date_gmt":"2025-08-27T15:34:11","guid":{"rendered":"https:\/\/roveyayinevi.com.tr\/index.php\/urun\/benlik-ve-toplum\/"},"modified":"2026-04-16T02:28:04","modified_gmt":"2026-04-15T23:28:04","slug":"benlik-ve-toplum","status":"publish","type":"product","link":"https:\/\/roveyayinevi.com.tr\/index.php\/urun\/benlik-ve-toplum\/","title":{"rendered":"Benlik ve Toplum"},"content":{"rendered":"<p>Benlik ve Toplum g\u00fcncel, a\u00e7\u0131k bir dille yaz\u0131lm\u0131\u015f ve sembolik etkile\u015fimci bak\u0131\u015f a\u00e7\u0131s\u0131n\u0131 hem sosyal psikoloji hem de sosyoloji penceresinden ele alan yetkin bir kaynak olarak kar\u015f\u0131m\u0131za \u00e7\u0131kmaktad\u0131r. Sosyolojik ve sosyal psikolojik bilginin s\u0131n\u0131f ortam\u0131nda kullan\u0131m\u0131na uygun bir kitap olmas\u0131n\u0131n yan\u0131nda, Benlik ve Toplum, bir\u00e7ok sosyal konunun alt\u0131n\u0131 \u00e7izerken ders kitab\u0131 bilgisinin dam\u0131t\u0131lmas\u0131n\u0131n \u00f6tesine ge\u00e7meyi de ba\u015farmaktad\u0131r. Bu y\u00f6n\u00fcyle, sembolik etkile\u015fimcili\u011fe dair bilginin iyi organize edildi\u011fi ve farkl\u0131 okuyucu kitlelerine hitap edebilen bir kaynak olarak literat\u00fcrde yer almaktad\u0131r. Doktoras\u0131n\u0131 Princeton \u00dcniversitesi Sosyoloji B\u00f6l\u00fcm\u00fcnden alm\u0131\u015f olan John P. Hewitt, University of Massachusetts\u2019te g\u00f6revine Profes\u00f6r (Emeritus) olarak devam etmektedir. Lafayette College\u2019da Antropoloji ve Sosyoloji B\u00f6l\u00fcm\u00fcnde B\u00f6l\u00fcm Ba\u015fkanl\u0131\u011f\u0131na devam eden Do\u00e7ent Doktor David Shulman, doktoras\u0131n\u0131 Northwestern \u00dcniversitesi Sosyoloji B\u00f6l\u00fcm\u00fcnde tamamlam\u0131\u015ft\u0131r. Shulman, From Hire to Liar: The Role of Deception in the Workplace (Cornell University Press, 2007) ve Gary Alan Fine ile birlikte Talking Sociology 5th Edition (Allyn and Bacon, 2002) kitaplar\u0131n\u0131n yazar\u0131 olmakla beraber Academic Street Smarts: Informal Professionalization of Graduate Students (American Sociological Association, 2008) kitab\u0131n\u0131n da Ira Silver ile birlikte edit\u00f6rl\u00fc\u011f\u00fcn\u00fc yapm\u0131\u015ft\u0131r. Kand\u0131rma, izlenim y\u00f6netimi ve sembolik etkile\u015fimcilik ba\u015fl\u0131ca ilgi alanlar\u0131n\u0131 olu\u015fturmaktad\u0131r. <\/p>\n","protected":false},"excerpt":{"rendered":"<p>Benlik ve Toplum g\u00fcncel, a\u00e7\u0131k bir dille yaz\u0131lm\u0131\u015f ve sembolik etkile\u015fimci bak\u0131\u015f a\u00e7\u0131s\u0131n\u0131 hem sosyal psikoloji hem de sosyoloji penceresinden ele alan yetkin bir kaynak olarak<span class=\"excerpt-hellip\"> [\u2026]<\/span><\/p>\n","protected":false},"featured_media":0,"template":"","meta":{"_monsterinsights_skip_tracking":false,"_monsterinsights_sitenote_active":false,"_monsterinsights_sitenote_note":"","_monsterinsights_sitenote_category":0},"product_brand":[],"product_cat":[12358,12357],"product_tag":[],"class_list":{"0":"post-720288","1":"product","2":"type-product","3":"status-publish","5":"product_cat-genel-psikoloji","6":"product_cat-psikoloji","7":"pa_cilt-ciltsiz","8":"pa_tur-kitap","9":"pa_yayinevi-bilge-kultur-sanat","10":"pa_yazar-john-p-hewitt-david-shulman","12":"first","13":"instock","14":"sale","15":"shipping-taxable","16":"purchasable","17":"product-type-simple"},"_links":{"self":[{"href":"https:\/\/roveyayinevi.com.tr\/index.php\/wp-json\/wp\/v2\/product\/720288","targetHints":{"allow":["GET"]}}],"collection":[{"href":"https:\/\/roveyayinevi.com.tr\/index.php\/wp-json\/wp\/v2\/product"}],"about":[{"href":"https:\/\/roveyayinevi.com.tr\/index.php\/wp-json\/wp\/v2\/types\/product"}],"wp:attachment":[{"href":"https:\/\/roveyayinevi.com.tr\/index.php\/wp-json\/wp\/v2\/media?parent=720288"}],"wp:term":[{"taxonomy":"product_brand","embeddable":true,"href":"https:\/\/roveyayinevi.com.tr\/index.php\/wp-json\/wp\/v2\/product_brand?post=720288"},{"taxonomy":"product_cat","embeddable":true,"href":"https:\/\/roveyayinevi.com.tr\/index.php\/wp-json\/wp\/v2\/product_cat?post=720288"},{"taxonomy":"product_tag","embeddable":true,"href":"https:\/\/roveyayinevi.com.tr\/index.php\/wp-json\/wp\/v2\/product_tag?post=720288"}],"curies":[{"name":"wp","href":"https:\/\/api.w.org\/{rel}","templated":true}]}}