{"id":720286,"date":"2025-08-27T18:34:10","date_gmt":"2025-08-27T15:34:10","guid":{"rendered":"https:\/\/roveyayinevi.com.tr\/index.php\/urun\/porte-muzik-akademisi-melodika\/"},"modified":"2026-04-16T02:28:04","modified_gmt":"2026-04-15T23:28:04","slug":"porte-muzik-akademisi-melodika","status":"publish","type":"product","link":"https:\/\/roveyayinevi.com.tr\/index.php\/urun\/porte-muzik-akademisi-melodika\/","title":{"rendered":"Porte M\u00fczik Akademisi Melodika"},"content":{"rendered":"<p>Ba\u015flang\u0131\u00e7 notas\u0131 Fa ve biti\u015f notas\u0131 Do\u2019dur.G\u00fcn\u00fcm\u00fcz enst\u00fcrmanlar\u0131nda Do\u2019dan ba\u015flayanlar\u0131 da vard\u0131r. Hortumlu hortumsuz olarak \u00e7al\u0131nabilir. Bu kitapta en kolay ve en kapsaml\u0131 \u00f6\u011frenme bi\u00e7imini bulabilirsiniz. Piyano ve gitar e\u015fli\u011fi oldu\u011fu i\u00e7in toplu g\u00f6sterilerde de yard\u0131mc\u0131 bir kaynak olarak kullan\u0131lmas\u0131n\u0131 okullar\u0131m\u0131z taraf\u0131ndan \u00f6n g\u00f6r\u00fclerek kullan\u0131lmaya ba\u015flanm\u0131\u015f\u0131r<\/p>\n","protected":false},"excerpt":{"rendered":"<p>Ba\u015flang\u0131\u00e7 notas\u0131 Fa ve biti\u015f notas\u0131 Do\u2019dur.G\u00fcn\u00fcm\u00fcz enst\u00fcrmanlar\u0131nda Do\u2019dan ba\u015flayanlar\u0131 da vard\u0131r. Hortumlu hortumsuz olarak \u00e7al\u0131nabilir. Bu kitapta en kolay ve en kapsaml\u0131 \u00f6\u011frenme bi\u00e7imini bulabilirsiniz.<span class=\"excerpt-hellip\"> [\u2026]<\/span><\/p>\n","protected":false},"featured_media":0,"template":"","meta":{"_monsterinsights_skip_tracking":false,"_monsterinsights_sitenote_active":false,"_monsterinsights_sitenote_note":"","_monsterinsights_sitenote_category":0},"product_brand":[],"product_cat":[14556,20810],"product_tag":[],"class_list":{"0":"post-720286","1":"product","2":"type-product","3":"status-publish","5":"product_cat-muzik","6":"product_cat-ogrenim-kitaplari","7":"pa_cilt-ciltsiz","8":"pa_tur-kitap","9":"pa_yayinevi-porte-muzik-egitim-merkezi","10":"pa_yazar-ovunc-yaman","12":"first","13":"instock","14":"sale","15":"shipping-taxable","16":"purchasable","17":"product-type-simple"},"_links":{"self":[{"href":"https:\/\/roveyayinevi.com.tr\/index.php\/wp-json\/wp\/v2\/product\/720286","targetHints":{"allow":["GET"]}}],"collection":[{"href":"https:\/\/roveyayinevi.com.tr\/index.php\/wp-json\/wp\/v2\/product"}],"about":[{"href":"https:\/\/roveyayinevi.com.tr\/index.php\/wp-json\/wp\/v2\/types\/product"}],"wp:attachment":[{"href":"https:\/\/roveyayinevi.com.tr\/index.php\/wp-json\/wp\/v2\/media?parent=720286"}],"wp:term":[{"taxonomy":"product_brand","embeddable":true,"href":"https:\/\/roveyayinevi.com.tr\/index.php\/wp-json\/wp\/v2\/product_brand?post=720286"},{"taxonomy":"product_cat","embeddable":true,"href":"https:\/\/roveyayinevi.com.tr\/index.php\/wp-json\/wp\/v2\/product_cat?post=720286"},{"taxonomy":"product_tag","embeddable":true,"href":"https:\/\/roveyayinevi.com.tr\/index.php\/wp-json\/wp\/v2\/product_tag?post=720286"}],"curies":[{"name":"wp","href":"https:\/\/api.w.org\/{rel}","templated":true}]}}