{"id":720281,"date":"2025-08-27T18:34:07","date_gmt":"2025-08-27T15:34:07","guid":{"rendered":"https:\/\/roveyayinevi.com.tr\/index.php\/urun\/hitler-ve-churchill-duellosu\/"},"modified":"2026-04-16T02:28:04","modified_gmt":"2026-04-15T23:28:04","slug":"hitler-ve-churchill-duellosu","status":"publish","type":"product","link":"https:\/\/roveyayinevi.com.tr\/index.php\/urun\/hitler-ve-churchill-duellosu\/","title":{"rendered":"Hitler ve Churchill D\u00fcellosu"},"content":{"rendered":"<p>\u0130K\u0130 G\u00dc\u00c7L\u00dc L\u0130DER, TEK B\u0130R ARENA: AVRUPA Ayk\u0131r\u0131 tarih\u00e7i Lukacs, bu kez de Hitler ve Churchill\u2019in 80 g\u00fcnl\u00fck satran\u00e7 oyununa kafa yoruyor ve zihnimizi \u00f6nyarg\u0131lardan ar\u0131nd\u0131yor. \u201cHitler d\u00fcnyay\u0131 fethetmek istemiyordu. Bunu ba\u015faramayaca\u011f\u0131n\u0131 biliyordu. D\u00fcnya tek bir milletin kontrol edemeyece\u011fi kadar b\u00fcy\u00fckt\u00fc. Amerika Amerikal\u0131lar\u0131n olacakt\u0131, Avrupa\u2019ya \u00dc\u00e7\u00fcnc\u00fc Reich h\u00e2kim olacakt\u0131, Britanya \u0130mparatorlu\u011fu\u2019na b\u00fcy\u00fck \u00f6l\u00e7\u00fcde dokunulmayacakt\u0131. Alman Reich\u2019\u0131n\u0131 her zamankinden daha g\u00fc\u00e7l\u00fc, daha sayg\u0131n, daha hayat dolu ve sa\u011fl\u0131kl\u0131 k\u0131lmak istiyordu; sava\u015ftan sonra kendini bar\u0131\u015f\u00e7\u0131l u\u011fra\u015flara verecekti. O in\u015fa etmek istiyordu, y\u0131kmak de\u011fil; ama e\u011fer in\u015fa etmek i\u00e7in y\u0131kmak gerekiyorsa, o zaman y\u0131kacakt\u0131; istisnas\u0131z ve ac\u0131mas\u0131zca.\u201d \u201cChurchill\u2019in karakterinde de sald\u0131rgan bir tutum vard\u0131 fakat bu bask\u0131n de\u011fildi. Hitler Kavgam\u2019da kendisini vatansever olmayan bir milliyet\u00e7i olarak tan\u0131ml\u0131yordu; Churchill milliyet\u00e7i de\u011fildi ama kesinlikle bir vatanseverdi. Vatanseverlik, milliyet\u00e7ili\u011fin aksine sald\u0131rgan de\u011fildir. Churchill\u2019in vatanseverli\u011fi korumac\u0131yd\u0131. Churchill \u0130mparatorlu\u011fa inan\u0131yordu ve daha sonra sava\u015f s\u0131ras\u0131nda dile getirdi\u011fi gibi, \u0130mparatorlu\u011fun tasfiye edilmesine g\u00f6z yummayacakt\u0131, fakat toprak kaybetmeyi Hitler\u2019in bar\u0131\u015f \u015fartlar\u0131na boyun e\u011fmeye ye\u011flerdi. Bunun nedeni ne inat\u00e7\u0131l\u0131k ne de nefretti. Churchill, Hitler\u2019in isteklerine boyun e\u011fmenin ne anlama geldi\u011fini biliyordu.\u201d <\/p>\n","protected":false},"excerpt":{"rendered":"<p>\u0130K\u0130 G\u00dc\u00c7L\u00dc L\u0130DER, TEK B\u0130R ARENA: AVRUPA Ayk\u0131r\u0131 tarih\u00e7i Lukacs, bu kez de Hitler ve Churchill\u2019in 80 g\u00fcnl\u00fck satran\u00e7 oyununa kafa yoruyor ve zihnimizi \u00f6nyarg\u0131lardan ar\u0131nd\u0131yor.<span class=\"excerpt-hellip\"> [\u2026]<\/span><\/p>\n","protected":false},"featured_media":0,"template":"","meta":{"_monsterinsights_skip_tracking":false,"_monsterinsights_sitenote_active":false,"_monsterinsights_sitenote_note":"","_monsterinsights_sitenote_category":0},"product_brand":[],"product_cat":[12370,12304],"product_tag":[],"class_list":{"0":"post-720281","1":"product","2":"type-product","3":"status-publish","5":"product_cat-arastirma-inceleme","6":"product_cat-tarih","7":"pa_cilt-ciltsiz","8":"pa_tur-kitap","9":"pa_yayinevi-ketebe-yayinlari","10":"pa_yazar-john-lukacs","12":"first","13":"instock","14":"sale","15":"shipping-taxable","16":"purchasable","17":"product-type-simple"},"_links":{"self":[{"href":"https:\/\/roveyayinevi.com.tr\/index.php\/wp-json\/wp\/v2\/product\/720281","targetHints":{"allow":["GET"]}}],"collection":[{"href":"https:\/\/roveyayinevi.com.tr\/index.php\/wp-json\/wp\/v2\/product"}],"about":[{"href":"https:\/\/roveyayinevi.com.tr\/index.php\/wp-json\/wp\/v2\/types\/product"}],"wp:attachment":[{"href":"https:\/\/roveyayinevi.com.tr\/index.php\/wp-json\/wp\/v2\/media?parent=720281"}],"wp:term":[{"taxonomy":"product_brand","embeddable":true,"href":"https:\/\/roveyayinevi.com.tr\/index.php\/wp-json\/wp\/v2\/product_brand?post=720281"},{"taxonomy":"product_cat","embeddable":true,"href":"https:\/\/roveyayinevi.com.tr\/index.php\/wp-json\/wp\/v2\/product_cat?post=720281"},{"taxonomy":"product_tag","embeddable":true,"href":"https:\/\/roveyayinevi.com.tr\/index.php\/wp-json\/wp\/v2\/product_tag?post=720281"}],"curies":[{"name":"wp","href":"https:\/\/api.w.org\/{rel}","templated":true}]}}