{"id":720280,"date":"2025-08-27T18:34:06","date_gmt":"2025-08-27T15:34:06","guid":{"rendered":"https:\/\/roveyayinevi.com.tr\/index.php\/urun\/endulus-alimleri\/"},"modified":"2026-04-16T02:28:04","modified_gmt":"2026-04-15T23:28:04","slug":"endulus-alimleri","status":"publish","type":"product","link":"https:\/\/roveyayinevi.com.tr\/index.php\/urun\/endulus-alimleri\/","title":{"rendered":"End\u00fcl\u00fcs Alimleri"},"content":{"rendered":"<p>End\u00fcl\u00fcs \u0130slam medeniyetinin in\u015fas\u0131nda ve toplumsal g\u00fcndelik hayatta bilginlerin rol\u00fcn\u00fc detayl\u0131ca ele alan bu \u00e7al\u0131\u015fma, alan\u0131nda bir ilk olma \u00f6zelli\u011fi ta\u015f\u0131yor. \u0130slam k\u00fclt\u00fcr ve medeniyet tarihinin en g\u00fczide \u00f6rneklerinden birinin yakla\u015f\u0131k sekiz y\u00fcz y\u0131l boyunca ortaya konuldu\u011fu ve her a\u00e7\u0131dan Avrupa R\u00f6nesans\u2019\u0131n\u0131n kaynak noktas\u0131 oldu\u011funa hem fikir olunan End\u00fcl\u00fcs, bu g\u00fczide \u00f6rnekli\u011fini hi\u00e7 \u015f\u00fcphesiz yeti\u015ftirdi\u011fi \u00e2lim ve bilginler sayesinde elde etmi\u015fti. Uzun y\u0131llard\u0131r b\u00fct\u00fcn y\u00f6nleriyle End\u00fcl\u00fcs \u00fczerine \u00e7al\u0131\u015fan Prof. Dr. L\u00fctfi \u015eeyban, elinizdeki bu \u00e7al\u0131\u015fmada End\u00fcl\u00fcs\u2019\u00fcn bir bar\u0131\u015f (Convivencia) ve huzur yurduna d\u00f6n\u00fc\u015fmesinde \u00e2limlerin rol\u00fcn\u00fc birincil kaynaklara dayanarak ortaya koyuyor. Bilgilenmenin ayd\u0131nlat\u0131c\u0131 zevkini tadarak okuyaca\u011f\u0131n\u0131z\u0131 \u00fcmid ederek be\u011feninize sunuyoruz. <\/p>\n","protected":false},"excerpt":{"rendered":"<p>End\u00fcl\u00fcs \u0130slam medeniyetinin in\u015fas\u0131nda ve toplumsal g\u00fcndelik hayatta bilginlerin rol\u00fcn\u00fc detayl\u0131ca ele alan bu \u00e7al\u0131\u015fma, alan\u0131nda bir ilk olma \u00f6zelli\u011fi ta\u015f\u0131yor. \u0130slam k\u00fclt\u00fcr ve medeniyet tarihinin<span class=\"excerpt-hellip\"> [\u2026]<\/span><\/p>\n","protected":false},"featured_media":0,"template":"","meta":{"_monsterinsights_skip_tracking":false,"_monsterinsights_sitenote_active":false,"_monsterinsights_sitenote_note":"","_monsterinsights_sitenote_category":0},"product_brand":[],"product_cat":[13072,12291],"product_tag":[],"class_list":{"0":"post-720280","1":"product","2":"type-product","3":"status-publish","5":"product_cat-arastirma-inceleme-referans","6":"product_cat-edebiyat","7":"pa_cilt-ciltsiz","8":"pa_tur-kitap","9":"pa_yayinevi-ketebe-yayinlari","10":"pa_yazar-lutfi-seyban","12":"first","13":"instock","14":"sale","15":"shipping-taxable","16":"purchasable","17":"product-type-simple"},"_links":{"self":[{"href":"https:\/\/roveyayinevi.com.tr\/index.php\/wp-json\/wp\/v2\/product\/720280","targetHints":{"allow":["GET"]}}],"collection":[{"href":"https:\/\/roveyayinevi.com.tr\/index.php\/wp-json\/wp\/v2\/product"}],"about":[{"href":"https:\/\/roveyayinevi.com.tr\/index.php\/wp-json\/wp\/v2\/types\/product"}],"wp:attachment":[{"href":"https:\/\/roveyayinevi.com.tr\/index.php\/wp-json\/wp\/v2\/media?parent=720280"}],"wp:term":[{"taxonomy":"product_brand","embeddable":true,"href":"https:\/\/roveyayinevi.com.tr\/index.php\/wp-json\/wp\/v2\/product_brand?post=720280"},{"taxonomy":"product_cat","embeddable":true,"href":"https:\/\/roveyayinevi.com.tr\/index.php\/wp-json\/wp\/v2\/product_cat?post=720280"},{"taxonomy":"product_tag","embeddable":true,"href":"https:\/\/roveyayinevi.com.tr\/index.php\/wp-json\/wp\/v2\/product_tag?post=720280"}],"curies":[{"name":"wp","href":"https:\/\/api.w.org\/{rel}","templated":true}]}}