{"id":720278,"date":"2025-08-27T18:34:04","date_gmt":"2025-08-27T15:34:04","guid":{"rendered":"https:\/\/roveyayinevi.com.tr\/index.php\/urun\/x\/"},"modified":"2026-04-16T02:28:04","modified_gmt":"2026-04-15T23:28:04","slug":"x","status":"publish","type":"product","link":"https:\/\/roveyayinevi.com.tr\/index.php\/urun\/x\/","title":{"rendered":"&#8216;X&#8217;"},"content":{"rendered":"<p>X, Malcolm X&#8217;in g\u00fcnl\u00fcklerinden, konu\u015fmalar\u0131ndan ve en yak\u0131nlar\u0131 ile yap\u0131lan g\u00f6r\u00fc\u015fmeler sonucunda k\u0131z\u0131 \u0130lyasah Shabazz taraf\u0131ndan kaleme al\u0131nm\u0131\u015f bir eser. Bu tan\u0131kl\u0131klar Malcolm&#8217;un \u00e7ocuklu\u011funa, gen\u00e7li\u011fine ve X olma yolunda ge\u00e7ti\u011fi t\u00fcm yollara \u0131\u015f\u0131k tutuyor. Ben Malcolm\u2019\u0131m. Malcolm Little\u2019\u0131m. Babam\u0131n o\u011fluyum. Ama babam\u0131n o\u011flu olmak, her zaman pe\u015fimde olacaklar\u0131 anlam\u0131na geliyordu. Onlar her zaman pe\u015fimden gelecek ve ben her zaman yakalanacakt\u0131m.   Malcolm Little\u2019\u0131n ailesi ona her zaman istedi\u011fi \u015feyi ba\u015farabilece\u011fini s\u00f6ylemi\u015ftir. Ama o bunlar\u0131n hepsinin yalan dolan oldu\u011funu d\u00fc\u015f\u00fcn\u00fcr \u00e7\u00fcnk\u00fc bu s\u00f6ylemlerine ra\u011fmen babas\u0131 \u00f6ld\u00fcr\u00fclm\u00fc\u015f, annesi ondan kopar\u0131lm\u0131\u015f ve avukat olma hayalleri, a\u015fa\u011f\u0131lanarak okuldan so\u011fumas\u0131 sonucu suya d\u00fc\u015fm\u00fc\u015ft\u00fcr. \u00c7abalaman\u0131n anlams\u0131z oldu\u011fu sonucuna varan Malcolm Boston ve New York\u2019un gece hayat\u0131n\u0131n b\u00fcy\u00fcs\u00fcne kendisini kapt\u0131r\u0131p \u015f\u0131k k\u0131yafetlerin, caz\u0131n, k\u0131zlar\u0131n ve esrar\u0131n d\u00fcnyas\u0131na s\u0131\u011f\u0131nm\u0131\u015ft\u0131r. Ne var ki Malcolm ge\u00e7mi\u015fini ard\u0131nda b\u0131rakmaya \u00e7abalad\u0131k\u00e7a k\u00fc\u00e7\u00fck \u00fc\u00e7ka\u011f\u0131tlarla ba\u015flay\u0131p kap\u0131ld\u0131\u011f\u0131 tehlikeli girdaba daha h\u0131zl\u0131 bir dal\u0131\u015f yapar. Halbuki kendisi de i\u00e7ten i\u00e7e bunun sahte bir \u00f6zg\u00fcrl\u00fck oldu\u011funu ve ge\u00e7mi\u015finden sonsuza dek ka\u00e7amayaca\u011f\u0131n\u0131n fark\u0131ndad\u0131r. X, Malcolm\u2019\u0131n \u00e7ocukluk d\u00f6neminden ba\u015flayarak yirmi ya\u015f\u0131nda h\u0131rs\u0131zl\u0131ktan hapse girip orada inanc\u0131 bulmas\u0131yla kendisine yeni bir yol se\u00e7i\u015fini ve s\u00f6ylemleri bug\u00fcnlere dek ula\u015fan g\u00fc\u00e7l\u00fc bir ses haline geli\u015fini anlat\u0131r. <\/p>\n","protected":false},"excerpt":{"rendered":"<p>X, Malcolm X&#8217;in g\u00fcnl\u00fcklerinden, konu\u015fmalar\u0131ndan ve en yak\u0131nlar\u0131 ile yap\u0131lan g\u00f6r\u00fc\u015fmeler sonucunda k\u0131z\u0131 \u0130lyasah Shabazz taraf\u0131ndan kaleme al\u0131nm\u0131\u015f bir eser. Bu tan\u0131kl\u0131klar Malcolm&#8217;un \u00e7ocuklu\u011funa, gen\u00e7li\u011fine ve<span class=\"excerpt-hellip\"> [\u2026]<\/span><\/p>\n","protected":false},"featured_media":0,"template":"","meta":{"_monsterinsights_skip_tracking":false,"_monsterinsights_sitenote_active":false,"_monsterinsights_sitenote_note":"","_monsterinsights_sitenote_category":0},"product_brand":[],"product_cat":[12291,12711],"product_tag":[],"class_list":{"0":"post-720278","1":"product","2":"type-product","3":"status-publish","5":"product_cat-edebiyat","6":"product_cat-roman-oyku","7":"pa_cilt-ciltsiz","8":"pa_tur-kitap","9":"pa_yayinevi-ketebe-yayinlari","10":"pa_yazar-ilyasah-shabazz-kekla-magoon","12":"first","13":"instock","14":"sale","15":"shipping-taxable","16":"purchasable","17":"product-type-simple"},"_links":{"self":[{"href":"https:\/\/roveyayinevi.com.tr\/index.php\/wp-json\/wp\/v2\/product\/720278","targetHints":{"allow":["GET"]}}],"collection":[{"href":"https:\/\/roveyayinevi.com.tr\/index.php\/wp-json\/wp\/v2\/product"}],"about":[{"href":"https:\/\/roveyayinevi.com.tr\/index.php\/wp-json\/wp\/v2\/types\/product"}],"wp:attachment":[{"href":"https:\/\/roveyayinevi.com.tr\/index.php\/wp-json\/wp\/v2\/media?parent=720278"}],"wp:term":[{"taxonomy":"product_brand","embeddable":true,"href":"https:\/\/roveyayinevi.com.tr\/index.php\/wp-json\/wp\/v2\/product_brand?post=720278"},{"taxonomy":"product_cat","embeddable":true,"href":"https:\/\/roveyayinevi.com.tr\/index.php\/wp-json\/wp\/v2\/product_cat?post=720278"},{"taxonomy":"product_tag","embeddable":true,"href":"https:\/\/roveyayinevi.com.tr\/index.php\/wp-json\/wp\/v2\/product_tag?post=720278"}],"curies":[{"name":"wp","href":"https:\/\/api.w.org\/{rel}","templated":true}]}}