{"id":720277,"date":"2025-08-27T18:34:03","date_gmt":"2025-08-27T15:34:03","guid":{"rendered":"https:\/\/roveyayinevi.com.tr\/index.php\/urun\/ortacag-meslekler-atlasi\/"},"modified":"2026-04-16T02:28:04","modified_gmt":"2026-04-15T23:28:04","slug":"ortacag-meslekler-atlasi","status":"publish","type":"product","link":"https:\/\/roveyayinevi.com.tr\/index.php\/urun\/ortacag-meslekler-atlasi\/","title":{"rendered":"Orta\u00e7a\u011f Meslekler Atlas\u0131"},"content":{"rendered":"<p>ya\u011fmur dinmedi. dinsin de istemedik. \u00e7ocuktuk \u00e7ok ku\u015f seslerinden resim, yar\u0131m kalm\u0131\u015f tarlalardan hayal uzak arsa, taze biber, s\u0131r\u00e7a saray gibi mi sanki de\u011fil billahi. bir yara izi ki arada bir kan g\u00f6r\u00fcn\u00fcr bir yara izi ki kar\u0131\u015f\u0131r topra\u011fa, yenileri yeti\u015fir. <\/p>\n","protected":false},"excerpt":{"rendered":"<p>ya\u011fmur dinmedi. dinsin de istemedik. \u00e7ocuktuk \u00e7ok ku\u015f seslerinden resim, yar\u0131m kalm\u0131\u015f tarlalardan hayal uzak arsa, taze biber, s\u0131r\u00e7a saray gibi mi sanki de\u011fil billahi. bir<span class=\"excerpt-hellip\"> [\u2026]<\/span><\/p>\n","protected":false},"featured_media":0,"template":"","meta":{"_monsterinsights_skip_tracking":false,"_monsterinsights_sitenote_active":false,"_monsterinsights_sitenote_note":"","_monsterinsights_sitenote_category":0},"product_brand":[],"product_cat":[12291,12509],"product_tag":[],"class_list":{"0":"post-720277","1":"product","2":"type-product","3":"status-publish","5":"product_cat-edebiyat","6":"product_cat-siir","7":"pa_cilt-ciltsiz","8":"pa_tur-kitap","9":"pa_yayinevi-ketebe-yayinlari","10":"pa_yazar-ismail-kilicarslan","12":"first","13":"instock","14":"sale","15":"shipping-taxable","16":"purchasable","17":"product-type-simple"},"_links":{"self":[{"href":"https:\/\/roveyayinevi.com.tr\/index.php\/wp-json\/wp\/v2\/product\/720277","targetHints":{"allow":["GET"]}}],"collection":[{"href":"https:\/\/roveyayinevi.com.tr\/index.php\/wp-json\/wp\/v2\/product"}],"about":[{"href":"https:\/\/roveyayinevi.com.tr\/index.php\/wp-json\/wp\/v2\/types\/product"}],"wp:attachment":[{"href":"https:\/\/roveyayinevi.com.tr\/index.php\/wp-json\/wp\/v2\/media?parent=720277"}],"wp:term":[{"taxonomy":"product_brand","embeddable":true,"href":"https:\/\/roveyayinevi.com.tr\/index.php\/wp-json\/wp\/v2\/product_brand?post=720277"},{"taxonomy":"product_cat","embeddable":true,"href":"https:\/\/roveyayinevi.com.tr\/index.php\/wp-json\/wp\/v2\/product_cat?post=720277"},{"taxonomy":"product_tag","embeddable":true,"href":"https:\/\/roveyayinevi.com.tr\/index.php\/wp-json\/wp\/v2\/product_tag?post=720277"}],"curies":[{"name":"wp","href":"https:\/\/api.w.org\/{rel}","templated":true}]}}