{"id":720276,"date":"2025-08-27T18:34:03","date_gmt":"2025-08-27T15:34:03","guid":{"rendered":"https:\/\/roveyayinevi.com.tr\/index.php\/urun\/isgal-feryad-ve-direnis\/"},"modified":"2026-04-16T02:28:04","modified_gmt":"2026-04-15T23:28:04","slug":"isgal-feryad-ve-direnis","status":"publish","type":"product","link":"https:\/\/roveyayinevi.com.tr\/index.php\/urun\/isgal-feryad-ve-direnis\/","title":{"rendered":"\u0130\u015fgal, Feryad ve Direni\u015f"},"content":{"rendered":"<p>Ara\u015ft\u0131rmac\u0131-yazar Tahsin Y\u0131ld\u0131r\u0131m\u2019\u0131n uzun y\u0131llar alan detayl\u0131 ve geni\u015f kaynak taramas\u0131 ile ilk kez bir araya toplad\u0131\u011f\u0131 M\u00fctareke d\u00f6nemi \u0130stanbul mitingleri, T\u00fcrklerin en zor d\u00f6neminde birbirine tutunan, meydanlara ko\u015fan, vatan u\u011fruna m\u00fccadeleye giri\u015fen kahramanlar\u0131n hik\u00e2yesi. Tahsin Y\u0131ld\u0131r\u0131m zor bir i\u015fe giri\u015fiyor ve d\u00f6nemin b\u00fct\u00fcn mitinglerini organizat\u00f6rleri, konu\u015fmac\u0131lar\u0131 ve bas\u0131nda yans\u0131malar\u0131yla detayl\u0131 olarak inceliyor. \u201cT\u00fcrk milleti i\u015fgal hareketi kar\u015f\u0131s\u0131nda, kendisine g\u00f6sterilen haks\u0131zl\u0131klara tepki olarak memleketin en \u00fccra k\u00f6\u015felerinde dahi protesto niteli\u011finde miting ve toplant\u0131lar d\u00fczenlemi\u015ftir. Bu toplant\u0131lar\u0131n sonunda \u00e7e\u015fitli makamlara protesto telgraflar\u0131 g\u00f6nderilerek, olaylar kar\u015f\u0131s\u0131nda tav\u0131r ve d\u00fc\u015f\u00fcnceleri ortaya konulmaya \u00e7al\u0131\u015f\u0131lm\u0131\u015ft\u0131r. Mesela, g\u00fcney b\u00f6lgelerinde yap\u0131lan her i\u015fgal ve de\u011fi\u015fiklikler, Ali R\u0131za Pa\u015fa h\u00fck\u00fcmetinin istifas\u0131, Sevr Antla\u015fmas\u0131\u2019n\u0131n imzalanmas\u0131, herhangi bir devlet adam\u0131n\u0131n T\u00fcrkiye hakk\u0131nda beyanat\u0131 gibi \u00e7e\u015fitli i\u015fgaller kar\u015f\u0131s\u0131nda T\u00fcrk halk\u0131 sessiz kalmam\u0131\u015f, tepkisini sadece cephede g\u00f6stermeyip yerel bazda bir\u00e7ok miting ve protesto g\u00f6sterileri d\u00fczenlemi\u015ftir. \u0130zmir\u2019in i\u015fgalinden sonra \u00fclkenin her bir taraf\u0131nda ad\u0131m ad\u0131m tepkiler y\u00fckselmi\u015ftir. \u0130\u015fgal edenlere kar\u015f\u0131 Fatih, \u00dcsk\u00fcdar, Sultanahmet Meydan\u0131 ve Kad\u0131k\u00f6y gibi \u0130stanbul\u2019un \u00e7e\u015fitli semtlerinde ve di\u011fer \u015fehirlerde \u00e7ok b\u00fcy\u00fck kalabal\u0131klar\u0131n kat\u0131ld\u0131\u011f\u0131 \u201ci\u015fgali protesto\u201d mitingleri yap\u0131lm\u0131\u015ft\u0131r.\u201d<\/p>\n","protected":false},"excerpt":{"rendered":"<p>Ara\u015ft\u0131rmac\u0131-yazar Tahsin Y\u0131ld\u0131r\u0131m\u2019\u0131n uzun y\u0131llar alan detayl\u0131 ve geni\u015f kaynak taramas\u0131 ile ilk kez bir araya toplad\u0131\u011f\u0131 M\u00fctareke d\u00f6nemi \u0130stanbul mitingleri, T\u00fcrklerin en zor d\u00f6neminde birbirine<span class=\"excerpt-hellip\"> [\u2026]<\/span><\/p>\n","protected":false},"featured_media":0,"template":"","meta":{"_monsterinsights_skip_tracking":false,"_monsterinsights_sitenote_active":false,"_monsterinsights_sitenote_note":"","_monsterinsights_sitenote_category":0},"product_brand":[],"product_cat":[12370,12304],"product_tag":[],"class_list":{"0":"post-720276","1":"product","2":"type-product","3":"status-publish","5":"product_cat-arastirma-inceleme","6":"product_cat-tarih","7":"pa_cilt-ciltsiz","8":"pa_tur-kitap","9":"pa_yayinevi-ketebe-yayinlari","10":"pa_yazar-tahsin-yildirim","12":"first","13":"instock","14":"sale","15":"shipping-taxable","16":"purchasable","17":"product-type-simple"},"_links":{"self":[{"href":"https:\/\/roveyayinevi.com.tr\/index.php\/wp-json\/wp\/v2\/product\/720276","targetHints":{"allow":["GET"]}}],"collection":[{"href":"https:\/\/roveyayinevi.com.tr\/index.php\/wp-json\/wp\/v2\/product"}],"about":[{"href":"https:\/\/roveyayinevi.com.tr\/index.php\/wp-json\/wp\/v2\/types\/product"}],"wp:attachment":[{"href":"https:\/\/roveyayinevi.com.tr\/index.php\/wp-json\/wp\/v2\/media?parent=720276"}],"wp:term":[{"taxonomy":"product_brand","embeddable":true,"href":"https:\/\/roveyayinevi.com.tr\/index.php\/wp-json\/wp\/v2\/product_brand?post=720276"},{"taxonomy":"product_cat","embeddable":true,"href":"https:\/\/roveyayinevi.com.tr\/index.php\/wp-json\/wp\/v2\/product_cat?post=720276"},{"taxonomy":"product_tag","embeddable":true,"href":"https:\/\/roveyayinevi.com.tr\/index.php\/wp-json\/wp\/v2\/product_tag?post=720276"}],"curies":[{"name":"wp","href":"https:\/\/api.w.org\/{rel}","templated":true}]}}