{"id":720275,"date":"2025-08-27T18:34:02","date_gmt":"2025-08-27T15:34:02","guid":{"rendered":"https:\/\/roveyayinevi.com.tr\/index.php\/urun\/imkansizin-ihlali\/"},"modified":"2026-04-16T02:28:04","modified_gmt":"2026-04-15T23:28:04","slug":"imkansizin-ihlali","status":"publish","type":"product","link":"https:\/\/roveyayinevi.com.tr\/index.php\/urun\/imkansizin-ihlali\/","title":{"rendered":"\u0130mkans\u0131z\u0131n \u0130hlali"},"content":{"rendered":"<p>\u2018\u2018\u00d6l\u00e7\u00fclebilen uzakl\u0131k ile \u00f6l\u00e7\u00fclemez yak\u0131nl\u0131k aras\u0131nda bir yer vard\u0131r ve \u015fairler oradan konu\u015fur. Bu geometrik \u00e7eli\u015fki, bilincin yeri konusunda ancak ayr\u0131nt\u0131lar\u0131n b\u00fcy\u00fctebildi\u011fi bir kan\u0131 verir. \u015e\u00f6yle de s\u00f6yleyebiliriz; abs\u00fcrt ile a\u015f\u0131r\u0131-ger\u00e7ek aras\u0131nda atom par\u00e7ac\u0131klar\u0131 gibi hareketli kelimeler bir s\u00f6ylem haritas\u0131 meydana getirir. Kelimenin yeni bir ses de\u011feri kazanmas\u0131, u\u011fultunun m\u00fczikal bir karars\u0131zl\u0131k i\u00e7inde ritme d\u00f6n\u00fc\u015fme e\u011filimi, anlam\u0131n imk\u00e2ns\u0131z\u0131 ihlali modern \u015fiirin yeni dinamikleridir. \u015eairin doktriner bir kimlik ile toplumsal etkisini bayrakla\u015ft\u0131rabilmesi de edebiyat sand\u0131\u011f\u0131n\u0131n en alt\u0131nda o merakl\u0131 ve k\u00e2\u015fif g\u00f6z\u00fcn bir g\u00fcn kendisini fark edece\u011fi an\u0131 bekleme ihtimali de her iki y\u00f6ne limitlerin bu denli geni\u015f olmas\u0131ndan kaynaklan\u0131r.\u201d \u0130mk\u00e2ns\u0131z\u0131n \u0130hlali, Furkan \u00c7al\u0131\u015fkan\u2019\u0131n \u201cbir \u015fiirden\u201d yaz\u0131lar\u0131ndan olu\u015fuyor. Bu kitapla \u015fair, bir yandan modern zamanlarda \u015fiir sanat\u0131n\u0131n pe\u015fine d\u00fc\u015ferken \u00f6te yandan da modern T\u00fcrk \u015fiirinde kendi \u015fiir anlay\u0131\u015f\u0131n\u0131n izini s\u00fcr\u00fcyor.<\/p>\n","protected":false},"excerpt":{"rendered":"<p>\u2018\u2018\u00d6l\u00e7\u00fclebilen uzakl\u0131k ile \u00f6l\u00e7\u00fclemez yak\u0131nl\u0131k aras\u0131nda bir yer vard\u0131r ve \u015fairler oradan konu\u015fur. Bu geometrik \u00e7eli\u015fki, bilincin yeri konusunda ancak ayr\u0131nt\u0131lar\u0131n b\u00fcy\u00fctebildi\u011fi bir kan\u0131 verir. \u015e\u00f6yle<span class=\"excerpt-hellip\"> [\u2026]<\/span><\/p>\n","protected":false},"featured_media":0,"template":"","meta":{"_monsterinsights_skip_tracking":false,"_monsterinsights_sitenote_active":false,"_monsterinsights_sitenote_note":"","_monsterinsights_sitenote_category":0},"product_brand":[],"product_cat":[12291,12509],"product_tag":[],"class_list":{"0":"post-720275","1":"product","2":"type-product","3":"status-publish","5":"product_cat-edebiyat","6":"product_cat-siir","7":"pa_cilt-ciltsiz","8":"pa_tur-kitap","9":"pa_yayinevi-ketebe-yayinlari","10":"pa_yazar-furkan-caliskan","12":"first","13":"instock","14":"sale","15":"shipping-taxable","16":"purchasable","17":"product-type-simple"},"_links":{"self":[{"href":"https:\/\/roveyayinevi.com.tr\/index.php\/wp-json\/wp\/v2\/product\/720275","targetHints":{"allow":["GET"]}}],"collection":[{"href":"https:\/\/roveyayinevi.com.tr\/index.php\/wp-json\/wp\/v2\/product"}],"about":[{"href":"https:\/\/roveyayinevi.com.tr\/index.php\/wp-json\/wp\/v2\/types\/product"}],"wp:attachment":[{"href":"https:\/\/roveyayinevi.com.tr\/index.php\/wp-json\/wp\/v2\/media?parent=720275"}],"wp:term":[{"taxonomy":"product_brand","embeddable":true,"href":"https:\/\/roveyayinevi.com.tr\/index.php\/wp-json\/wp\/v2\/product_brand?post=720275"},{"taxonomy":"product_cat","embeddable":true,"href":"https:\/\/roveyayinevi.com.tr\/index.php\/wp-json\/wp\/v2\/product_cat?post=720275"},{"taxonomy":"product_tag","embeddable":true,"href":"https:\/\/roveyayinevi.com.tr\/index.php\/wp-json\/wp\/v2\/product_tag?post=720275"}],"curies":[{"name":"wp","href":"https:\/\/api.w.org\/{rel}","templated":true}]}}