{"id":720273,"date":"2025-08-27T18:34:00","date_gmt":"2025-08-27T15:34:00","guid":{"rendered":"https:\/\/roveyayinevi.com.tr\/index.php\/urun\/azizler-ve-haydutlar\/"},"modified":"2026-04-16T02:28:04","modified_gmt":"2026-04-15T23:28:04","slug":"azizler-ve-haydutlar","status":"publish","type":"product","link":"https:\/\/roveyayinevi.com.tr\/index.php\/urun\/azizler-ve-haydutlar\/","title":{"rendered":"Azizler ve Haydutlar"},"content":{"rendered":"<p>Yeni kurulan, D\u00fcnya T\u00fcrk Olsun Ba\u015fkanl\u0131\u011f\u0131n\u0131n ilk ba\u015fkan\u0131 Nedret Bey ve kahraman sekretaryas\u0131 d\u00fcnya bar\u0131\u015f\u0131n\u0131 tesisi \u00e7in b\u00fcy\u00fck ve \u00f6nemli bir g\u00f6re ve giri\u015firler: Uluslar aras\u0131 Baca Temizleyicileri Konferans\u0131 d\u00fczenlemek! G\u00fcng\u00f6rm\u00fc\u015f bir ailenin kendi halinde \u00e7ocu\u011fu Bekir, devlette sakin bir liman aramaktad\u0131r. Fakat bir tak\u0131m yanl\u0131\u015f anla\u015f\u0131lmalar neticesinde kendisini Baca Temizleyicileri Konferans\u0131\u2019n\u0131n kelimenin tamanlam\u0131yla \u201cacayip\u201d sekretaryas\u0131nda bulur. Maruz kald\u0131\u011f\u0131 yo\u011fun g\u00fcndem de kaybolmamak i\u00e7in rahmetli b\u00fcy\u00fck annesinden yard\u0131m istemekten ba\u015fka \u00e7aresi yoktur. Konferans d\u00fczenlenebilecekmidir, d\u00fcnya bar\u0131\u015f\u0131n\u0131n ak\u0131beti ne olacakt\u0131r? G\u00f6bekli Teke, Alfons Cezmi, Kezban ve bak\u0131\u015fs\u0131z bir kedi kara K\u0131lbaz\u2019\u0131n tarassutu alt\u0131nda seyreden Bekir\u2019e b\u00fcy\u00fck annesi yard\u0131m edebilecekmidir? Selman Bayer\u2019den abs\u00fcrtl\u00fcklerle dolu bir kara komedi.<\/p>\n","protected":false},"excerpt":{"rendered":"<p>Yeni kurulan, D\u00fcnya T\u00fcrk Olsun Ba\u015fkanl\u0131\u011f\u0131n\u0131n ilk ba\u015fkan\u0131 Nedret Bey ve kahraman sekretaryas\u0131 d\u00fcnya bar\u0131\u015f\u0131n\u0131 tesisi \u00e7in b\u00fcy\u00fck ve \u00f6nemli bir g\u00f6re ve giri\u015firler: Uluslar aras\u0131<span class=\"excerpt-hellip\"> [\u2026]<\/span><\/p>\n","protected":false},"featured_media":0,"template":"","meta":{"_monsterinsights_skip_tracking":false,"_monsterinsights_sitenote_active":false,"_monsterinsights_sitenote_note":"","_monsterinsights_sitenote_category":0},"product_brand":[],"product_cat":[12291,12711],"product_tag":[],"class_list":{"0":"post-720273","1":"product","2":"type-product","3":"status-publish","5":"product_cat-edebiyat","6":"product_cat-roman-oyku","7":"pa_cilt-ciltsiz","8":"pa_tur-kitap","9":"pa_yayinevi-ketebe-yayinlari","10":"pa_yazar-selman-bayer","12":"first","13":"instock","14":"sale","15":"shipping-taxable","16":"purchasable","17":"product-type-simple"},"_links":{"self":[{"href":"https:\/\/roveyayinevi.com.tr\/index.php\/wp-json\/wp\/v2\/product\/720273","targetHints":{"allow":["GET"]}}],"collection":[{"href":"https:\/\/roveyayinevi.com.tr\/index.php\/wp-json\/wp\/v2\/product"}],"about":[{"href":"https:\/\/roveyayinevi.com.tr\/index.php\/wp-json\/wp\/v2\/types\/product"}],"wp:attachment":[{"href":"https:\/\/roveyayinevi.com.tr\/index.php\/wp-json\/wp\/v2\/media?parent=720273"}],"wp:term":[{"taxonomy":"product_brand","embeddable":true,"href":"https:\/\/roveyayinevi.com.tr\/index.php\/wp-json\/wp\/v2\/product_brand?post=720273"},{"taxonomy":"product_cat","embeddable":true,"href":"https:\/\/roveyayinevi.com.tr\/index.php\/wp-json\/wp\/v2\/product_cat?post=720273"},{"taxonomy":"product_tag","embeddable":true,"href":"https:\/\/roveyayinevi.com.tr\/index.php\/wp-json\/wp\/v2\/product_tag?post=720273"}],"curies":[{"name":"wp","href":"https:\/\/api.w.org\/{rel}","templated":true}]}}