{"id":720272,"date":"2025-08-27T18:33:59","date_gmt":"2025-08-27T15:33:59","guid":{"rendered":"https:\/\/roveyayinevi.com.tr\/index.php\/urun\/40-makam-40-anlam\/"},"modified":"2026-04-16T02:28:04","modified_gmt":"2026-04-15T23:28:04","slug":"40-makam-40-anlam","status":"publish","type":"product","link":"https:\/\/roveyayinevi.com.tr\/index.php\/urun\/40-makam-40-anlam\/","title":{"rendered":"40 Makam 40 Anlam"},"content":{"rendered":"<p>\u201cBu kitapta mak\u00e2mlar\u0131n hem anlamlar\u0131n\u0131 hem de duygu d\u00fcnyalar\u0131n\u0131 sizlere a\u00e7\u0131yoruz. M\u00fczi\u011fi \u2018e\u011flence\u2019 de\u011fil, bir \u2018kendini ve \u00f6z\u00fcn\u00fc bilme\u2019 arac\u0131 olarak g\u00f6rd\u00fc\u011f\u00fcm\u00fcz i\u00e7in mak\u00e2mlar\u0131 da anlamlar\u0131yla sizlere tan\u0131tmak istedik. Hem zihninize hem de zevkinize hitap ederek&#8230; Bunun i\u00e7in bug\u00fcn bilinen 119 mak\u00e2mdan 40\u2019\u0131n\u0131 se\u00e7tik. Bu kitapta 40 mak\u00e2m\u0131n her birinin ta\u015f\u0131d\u0131\u011f\u0131 anlam\u0131 sizlerle payla\u015fmak istiyoruz. Elbette \u00e7a\u011fr\u0131\u015f\u0131m ki\u015fiden ki\u015fiye de\u011fi\u015fir. Biz mak\u00e2mlar\u0131n anlamlar\u0131n\u0131 hem m\u00fbsik\u00ee miras\u0131m\u0131za hem de kendi m\u00fbsik\u00ee birikimimize dayanarak ortaya koymaya \u00e7al\u0131\u015ft\u0131k. Kitab\u0131m\u0131z\u0131 iki k\u0131sma ay\u0131rd\u0131k. \u0130lk k\u0131s\u0131mda sizlere m\u00fczi\u011fimizin temel kavramlar\u0131 olan perde, mak\u00e2m ve us\u00fbl\u00fcn ne oldu\u011funu teknik ayr\u0131nt\u0131lara girmeden s\u00e2de bir \u00fcslup ile anlatmaya \u00e7al\u0131\u015f\u0131yoruz. \u0130kinci k\u0131s\u0131mda ise 40 mak\u00e2m\u0131n \u00f6zelliklerini, anlam\u0131n\u0131, \u00e7a\u011fr\u0131\u015f\u0131mlar\u0131n\u0131 a\u00e7\u0131klamaya \u00e7al\u0131\u015ft\u0131k. Bir yandan da sazlar\u0131m\u0131z, bestek\u00e2rlar\u0131m\u0131z, m\u00fczi\u011fimiz \u00fczerine sohbet ettik. Size tavsiyemiz, her mak\u00e2m i\u00e7in verdi\u011fimiz \u00f6rnek eseri dinleyerek o b\u00f6l\u00fcm\u00fc okuman\u0131z. Bir yandan kula\u011f\u0131n\u0131z, bir yandan g\u00f6z\u00fcn\u00fcz ve ikisinin hitap etti\u011fi g\u00f6nl\u00fcn\u00fcz o mak\u00e2mla dolarak sohbetimize kat\u0131l\u0131n\u0131z.\u201d <\/p>\n","protected":false},"excerpt":{"rendered":"<p>\u201cBu kitapta mak\u00e2mlar\u0131n hem anlamlar\u0131n\u0131 hem de duygu d\u00fcnyalar\u0131n\u0131 sizlere a\u00e7\u0131yoruz. M\u00fczi\u011fi \u2018e\u011flence\u2019 de\u011fil, bir \u2018kendini ve \u00f6z\u00fcn\u00fc bilme\u2019 arac\u0131 olarak g\u00f6rd\u00fc\u011f\u00fcm\u00fcz i\u00e7in mak\u00e2mlar\u0131 da anlamlar\u0131yla<span class=\"excerpt-hellip\"> [\u2026]<\/span><\/p>\n","protected":false},"featured_media":0,"template":"","meta":{"_monsterinsights_skip_tracking":false,"_monsterinsights_sitenote_active":false,"_monsterinsights_sitenote_note":"","_monsterinsights_sitenote_category":0},"product_brand":[],"product_cat":[13072,12291],"product_tag":[],"class_list":{"0":"post-720272","1":"product","2":"type-product","3":"status-publish","5":"product_cat-arastirma-inceleme-referans","6":"product_cat-edebiyat","7":"pa_cilt-ciltsiz","8":"pa_tur-kitap","9":"pa_yayinevi-ketebe-yayinlari","10":"pa_yazar-savas-s-barkcin","12":"first","13":"instock","14":"sale","15":"shipping-taxable","16":"purchasable","17":"product-type-simple"},"_links":{"self":[{"href":"https:\/\/roveyayinevi.com.tr\/index.php\/wp-json\/wp\/v2\/product\/720272","targetHints":{"allow":["GET"]}}],"collection":[{"href":"https:\/\/roveyayinevi.com.tr\/index.php\/wp-json\/wp\/v2\/product"}],"about":[{"href":"https:\/\/roveyayinevi.com.tr\/index.php\/wp-json\/wp\/v2\/types\/product"}],"wp:attachment":[{"href":"https:\/\/roveyayinevi.com.tr\/index.php\/wp-json\/wp\/v2\/media?parent=720272"}],"wp:term":[{"taxonomy":"product_brand","embeddable":true,"href":"https:\/\/roveyayinevi.com.tr\/index.php\/wp-json\/wp\/v2\/product_brand?post=720272"},{"taxonomy":"product_cat","embeddable":true,"href":"https:\/\/roveyayinevi.com.tr\/index.php\/wp-json\/wp\/v2\/product_cat?post=720272"},{"taxonomy":"product_tag","embeddable":true,"href":"https:\/\/roveyayinevi.com.tr\/index.php\/wp-json\/wp\/v2\/product_tag?post=720272"}],"curies":[{"name":"wp","href":"https:\/\/api.w.org\/{rel}","templated":true}]}}