{"id":720271,"date":"2025-08-27T18:33:59","date_gmt":"2025-08-27T15:33:59","guid":{"rendered":"https:\/\/roveyayinevi.com.tr\/index.php\/urun\/risk-tibbi\/"},"modified":"2026-04-16T02:28:04","modified_gmt":"2026-04-15T23:28:04","slug":"risk-tibbi","status":"publish","type":"product","link":"https:\/\/roveyayinevi.com.tr\/index.php\/urun\/risk-tibbi\/","title":{"rendered":"Risk T\u0131bb\u0131"},"content":{"rendered":"<p>Giderek daha da hassas hale gelen kanser tarama programlar\u0131 sayesinde daha iyi, daha uzun mu ya\u015f\u0131yoruz? Kronik hastal\u0131klar\u0131n olas\u0131 komplikasyonlar\u0131n\u0131 \u00f6ng\u00f6rmeye ve \u00f6nlemeye y\u00f6nelik bitmek bilmez \u00e7abalar bizi daha sa\u011fl\u0131kl\u0131, daha mutlu mu k\u0131l\u0131yor? Ne olur ne olmaz diye ameliyatlar\u0131n yap\u0131lmas\u0131, ya\u015fam kalitemizi art\u0131rma bahanesiyle sa\u011fl\u0131kl\u0131 dokular\u0131n al\u0131nmas\u0131 do\u011fru mu? Risk T\u0131bb\u0131\u2019n\u0131n yazar\u0131 Robert Aronowitz bu sorular\u0131n cevab\u0131n\u0131n her zaman olumlu olmad\u0131\u011f\u0131n\u0131 savunuyor.G\u00fcn\u00fcm\u00fczde sa\u011fl\u0131k sisteminin ve klinik uygulamalar\u0131n pek \u00e7ok a\u00e7\u0131dan risk azaltmaya ve risk kontrol\u00fcne odakland\u0131\u011f\u0131n\u0131 ortaya koyan Aronowitz, son otuz k\u0131rk y\u0131l i\u00e7inde sa\u011fl\u0131k sekt\u00f6r\u00fcnde, doktorlar\u0131 semptomlar\u0131 gidermek veya hastal\u0131klar\u0131 iyile\u015ftirmek yerine risk azaltmaya y\u00f6nlendiren d\u00f6n\u00fc\u015f\u00fcmleri mercek alt\u0131na al\u0131yor. Bu d\u00f6n\u00fc\u015f\u00fcm\u00fcn ard\u0131nda, k\u0131smen, \u00fcr\u00fcnlerini n\u00fcfusun belli bir hastal\u0131ktan ger\u00e7ekten mustarip ufak bir y\u00fczdesi yerine, risk grubuna giren daha b\u00fcy\u00fck bir y\u00fczdesine pazarlamak isteyen ila\u00e7 \u015firketlerinin bulundu\u011funu savunuyor. Kanser tarama programlar\u0131 ve \u00e7e\u015fitli \u00f6nleyici a\u015f\u0131lar gibi \u00f6rneklerden yola \u00e7\u0131kan yazar, g\u00fcn\u00fcm\u00fczde pek \u00e7ok m\u00fcdahalenin as\u0131l amac\u0131n\u0131n, korkular\u0131 ve belirsizli\u011fi azaltmak oldu\u011funu iddia ediyor.Risk T\u0131bb\u0131, modern t\u0131bb\u0131n risk tak\u0131nt\u0131s\u0131na dikkat \u00e7ekerken, risk azalt\u0131c\u0131 m\u00fcdahalelerin daha s\u0131k\u0131 denetlenmesi ve sa\u011fl\u0131k sekt\u00f6r\u00fcn\u00fcn, hastal\u0131klardan mustarip insanlar\u0131n tedavisine ve \u0131st\u0131raplar\u0131n\u0131n dindirilmesine odaklanmas\u0131 \u00e7a\u011fr\u0131s\u0131nda bulunuyor.<\/p>\n","protected":false},"excerpt":{"rendered":"<p>Giderek daha da hassas hale gelen kanser tarama programlar\u0131 sayesinde daha iyi, daha uzun mu ya\u015f\u0131yoruz? Kronik hastal\u0131klar\u0131n olas\u0131 komplikasyonlar\u0131n\u0131 \u00f6ng\u00f6rmeye ve \u00f6nlemeye y\u00f6nelik bitmek bilmez<span class=\"excerpt-hellip\"> [\u2026]<\/span><\/p>\n","protected":false},"featured_media":0,"template":"","meta":{"_monsterinsights_skip_tracking":false,"_monsterinsights_sitenote_active":false,"_monsterinsights_sitenote_note":"","_monsterinsights_sitenote_category":0},"product_brand":[],"product_cat":[13005,15998],"product_tag":[],"class_list":{"0":"post-720271","1":"product","2":"type-product","3":"status-publish","5":"product_cat-bilim-muhendislik","6":"product_cat-bilim-tarihi","7":"pa_cilt-ciltsiz","8":"pa_tur-kitap","9":"pa_yayinevi-koc-universitesi-yayinlari","10":"pa_yazar-robert-aronowitz","12":"first","13":"instock","14":"sale","15":"shipping-taxable","16":"purchasable","17":"product-type-simple"},"_links":{"self":[{"href":"https:\/\/roveyayinevi.com.tr\/index.php\/wp-json\/wp\/v2\/product\/720271","targetHints":{"allow":["GET"]}}],"collection":[{"href":"https:\/\/roveyayinevi.com.tr\/index.php\/wp-json\/wp\/v2\/product"}],"about":[{"href":"https:\/\/roveyayinevi.com.tr\/index.php\/wp-json\/wp\/v2\/types\/product"}],"wp:attachment":[{"href":"https:\/\/roveyayinevi.com.tr\/index.php\/wp-json\/wp\/v2\/media?parent=720271"}],"wp:term":[{"taxonomy":"product_brand","embeddable":true,"href":"https:\/\/roveyayinevi.com.tr\/index.php\/wp-json\/wp\/v2\/product_brand?post=720271"},{"taxonomy":"product_cat","embeddable":true,"href":"https:\/\/roveyayinevi.com.tr\/index.php\/wp-json\/wp\/v2\/product_cat?post=720271"},{"taxonomy":"product_tag","embeddable":true,"href":"https:\/\/roveyayinevi.com.tr\/index.php\/wp-json\/wp\/v2\/product_tag?post=720271"}],"curies":[{"name":"wp","href":"https:\/\/api.w.org\/{rel}","templated":true}]}}