{"id":720270,"date":"2025-08-27T18:33:58","date_gmt":"2025-08-27T15:33:58","guid":{"rendered":"https:\/\/roveyayinevi.com.tr\/index.php\/urun\/ruya-sehirler\/"},"modified":"2026-04-16T02:28:04","modified_gmt":"2026-04-15T23:28:04","slug":"ruya-sehirler","status":"publish","type":"product","link":"https:\/\/roveyayinevi.com.tr\/index.php\/urun\/ruya-sehirler\/","title":{"rendered":"R\u00fcya \u015eehirler"},"content":{"rendered":"<p>19. y\u00fczy\u0131ldan bug\u00fcne bazen \u00fctopik, bazen tuhaf ama genelde tart\u0131\u015fmal\u0131 bir\u00e7ok tasar\u0131m fikri kademeli olarak benimsendi ve Dubai\u2019den Tokyo\u2019ya, Londra\u2019dan Los Angeles\u2019a d\u00fcnyan\u0131n her yerindeki \u015fehirlerde uyguland\u0131. Graham, bu tasar\u0131m fikirlerinin arkas\u0131ndaki vizyonerlerin ve onlar\u0131n rakiplerinin ya\u015fam \u00f6yk\u00fclerinden yola \u00e7\u0131karak, \u015fehir peyzajlar\u0131n\u0131n analizini yap\u0131yor, \u015fehir formlar\u0131m\u0131z\u0131n nereden geldi\u011fini, bizim onlar\u0131 ve onlar\u0131n bizi nas\u0131l \u015fekillendirdi\u011fini g\u00f6stermeyi ama\u00e7l\u0131yor.Wade Graham \u015fehirleri planlar, tasar\u0131mlar, mimari ak\u0131mlar \u0131\u015f\u0131\u011f\u0131nda anlat\u0131rken t\u00fcm bunlar\u0131n asl\u0131nda nas\u0131l ya\u015famam\u0131z, nas\u0131l \u00e7al\u0131\u015fmam\u0131z, nas\u0131l al\u0131\u015fveri\u015f yapmam\u0131z ve neye inanmam\u0131z gerekti\u011fine dair fikirlerin bir d\u0131\u015favurumu oldu\u011funu da g\u00f6steriyor. Bertram Goodhue\u2019nun barok fantastik k\u00f6ylerinden, Le Corbusier\u2019nin I\u015f\u0131yan \u015eehir\u2019ine; l\u00fcks ye\u015fil banliy\u00f6leri, \u015fehir merkezindeki g\u00f6kdelenleri, bo\u015f arazilerin ortas\u0131nda yapayaln\u0131z dikilen y\u00fcksek bloklar\u0131, yepyeni deneyimler vaat eden al\u0131\u015fveri\u015f merkezlerini, eko-siteleri, meydanlar\u0131, dar sokaklar\u0131, otoyollar\u0131 bamba\u015fka bir g\u00f6zle g\u00f6rmemizi sa\u011fl\u0131yor.Canl\u0131, \u00f6zg\u00fcn ve genel okura hitap eden bir k\u00fclt\u00fcr tarihi sunan R\u00fcya \u015eehirler, \u015fehirle\u015fmi\u015f d\u00fcnyay\u0131 anlamak i\u00e7in bir k\u0131lavuz kitap.<\/p>\n","protected":false},"excerpt":{"rendered":"<p>19. y\u00fczy\u0131ldan bug\u00fcne bazen \u00fctopik, bazen tuhaf ama genelde tart\u0131\u015fmal\u0131 bir\u00e7ok tasar\u0131m fikri kademeli olarak benimsendi ve Dubai\u2019den Tokyo\u2019ya, Londra\u2019dan Los Angeles\u2019a d\u00fcnyan\u0131n her yerindeki \u015fehirlerde<span class=\"excerpt-hellip\"> [\u2026]<\/span><\/p>\n","protected":false},"featured_media":0,"template":"","meta":{"_monsterinsights_skip_tracking":false,"_monsterinsights_sitenote_active":false,"_monsterinsights_sitenote_note":"","_monsterinsights_sitenote_category":0},"product_brand":[],"product_cat":[13512,12408],"product_tag":[],"class_list":{"0":"post-720270","1":"product","2":"type-product","3":"status-publish","5":"product_cat-mimarlik","6":"product_cat-sanat","7":"pa_cilt-ciltsiz","8":"pa_tur-kitap","9":"pa_yayinevi-koc-universitesi-yayinlari","10":"pa_yazar-wade-graham","12":"first","13":"instock","14":"sale","15":"shipping-taxable","16":"purchasable","17":"product-type-simple"},"_links":{"self":[{"href":"https:\/\/roveyayinevi.com.tr\/index.php\/wp-json\/wp\/v2\/product\/720270","targetHints":{"allow":["GET"]}}],"collection":[{"href":"https:\/\/roveyayinevi.com.tr\/index.php\/wp-json\/wp\/v2\/product"}],"about":[{"href":"https:\/\/roveyayinevi.com.tr\/index.php\/wp-json\/wp\/v2\/types\/product"}],"wp:attachment":[{"href":"https:\/\/roveyayinevi.com.tr\/index.php\/wp-json\/wp\/v2\/media?parent=720270"}],"wp:term":[{"taxonomy":"product_brand","embeddable":true,"href":"https:\/\/roveyayinevi.com.tr\/index.php\/wp-json\/wp\/v2\/product_brand?post=720270"},{"taxonomy":"product_cat","embeddable":true,"href":"https:\/\/roveyayinevi.com.tr\/index.php\/wp-json\/wp\/v2\/product_cat?post=720270"},{"taxonomy":"product_tag","embeddable":true,"href":"https:\/\/roveyayinevi.com.tr\/index.php\/wp-json\/wp\/v2\/product_tag?post=720270"}],"curies":[{"name":"wp","href":"https:\/\/api.w.org\/{rel}","templated":true}]}}