{"id":720269,"date":"2025-08-27T18:33:58","date_gmt":"2025-08-27T15:33:58","guid":{"rendered":"https:\/\/roveyayinevi.com.tr\/index.php\/urun\/evliya-celebi-seyahatnamesinde-yemek-kulturu\/"},"modified":"2026-04-16T02:28:03","modified_gmt":"2026-04-15T23:28:03","slug":"evliya-celebi-seyahatnamesinde-yemek-kulturu","status":"publish","type":"product","link":"https:\/\/roveyayinevi.com.tr\/index.php\/urun\/evliya-celebi-seyahatnamesinde-yemek-kulturu\/","title":{"rendered":"Evliya \u00c7elebi Seyahatnamesi&#8217;nde Yemek K\u00fclt\u00fcr\u00fc"},"content":{"rendered":"<p>Seyy\u00e2h-\u0131 \u00e2lem Evliy\u00e2 \u00c7elebi\u2019nin Seyahatn\u00e2me\u2019si 17. y\u00fczy\u0131l T\u00fcrk\u00e7esinin en \u00f6nemli metinlerinden biri olmas\u0131n\u0131n yan\u0131 s\u0131ra, verdi\u011fi bilgiler a\u00e7\u0131s\u0131ndan da son derece zengin bir ba\u015fvuru kayna\u011f\u0131.Marianna Yerasimos bu \u00e7al\u0131\u015fmas\u0131nda Seyahatn\u00e2me\u2019yi didik didik ederek \u201cy\u0131lan m\u00e2slukas\u0131\u201dndan \u201cabd\u00fcssel\u00e2m otu\u201dna, \u201cz\u00fcr\u00e2fe-p\u00ee\u00e7e\u201dden \u201cb\u00fchtan kavunu\u201dna var\u0131ncaya dek \u201cmemduh\u201d yiyecek ve i\u00e7eceklerin, bal\u0131klar\u0131n, meyvelerin, hamur i\u015flerinin, \u00e7orbalar\u0131n, pilavlar\u0131n, sebzelerin, sofra gere\u00e7lerinin, esnaf\u0131n, taam mek\u00e2nlar\u0131n\u0131n, k\u0131sacas\u0131 yeme\u011fe ili\u015fkin her \u015feyin ayr\u0131nt\u0131l\u0131 bir d\u00f6k\u00fcm\u00fcn\u00fc yap\u0131yor.Evliy\u00e2 \u00c7elebi Seyahatn\u00e2mesi\u2019nde Yemek K\u00fclt\u00fcr\u00fc &#8211; Yorumlar ve Sistematik Dizin Evliy\u00e2 \u00c7elebi\u2019nin yediklerinin izinde, e\u015fine az rastlanan, lezzetli bir \u00e7al\u0131\u015fma.Evliy\u00e2\u2019n\u0131n bu kelime oburlu\u011funa Marianna Yerasimos da aynen cevap veriyor. Tabii Evliy\u00e2\u2019n\u0131n hi\u00e7 yapmad\u0131\u011f\u0131 \u015fekilde, b\u00fct\u00fcn bu kelimeleri ara\u015ft\u0131r\u0131yor: Nereden, hangi k\u00f6kten gelmi\u015f olmal\u0131, nelerle akraba, ne anlama geliyor? Ama Marianna Yerasimos\u2019un elindeki malzemeyi s\u0131n\u0131fland\u0131rarak yazd\u0131\u011f\u0131 b\u00f6l\u00fcmler bilgi verdi\u011fi kadar e\u011flenceli de.Murat Belge<\/p>\n","protected":false},"excerpt":{"rendered":"<p>Seyy\u00e2h-\u0131 \u00e2lem Evliy\u00e2 \u00c7elebi\u2019nin Seyahatn\u00e2me\u2019si 17. y\u00fczy\u0131l T\u00fcrk\u00e7esinin en \u00f6nemli metinlerinden biri olmas\u0131n\u0131n yan\u0131 s\u0131ra, verdi\u011fi bilgiler a\u00e7\u0131s\u0131ndan da son derece zengin bir ba\u015fvuru kayna\u011f\u0131.Marianna Yerasimos<span class=\"excerpt-hellip\"> [\u2026]<\/span><\/p>\n","protected":false},"featured_media":0,"template":"","meta":{"_monsterinsights_skip_tracking":false,"_monsterinsights_sitenote_active":false,"_monsterinsights_sitenote_note":"","_monsterinsights_sitenote_category":0},"product_brand":[],"product_cat":[12370,12304],"product_tag":[],"class_list":{"0":"post-720269","1":"product","2":"type-product","3":"status-publish","5":"product_cat-arastirma-inceleme","6":"product_cat-tarih","7":"pa_cilt-ciltsiz","8":"pa_tur-kitap","9":"pa_yayinevi-yapi-kredi-yayinlari","10":"pa_yazar-marianna-yerasimos","12":"first","13":"instock","14":"sale","15":"shipping-taxable","16":"purchasable","17":"product-type-simple"},"_links":{"self":[{"href":"https:\/\/roveyayinevi.com.tr\/index.php\/wp-json\/wp\/v2\/product\/720269","targetHints":{"allow":["GET"]}}],"collection":[{"href":"https:\/\/roveyayinevi.com.tr\/index.php\/wp-json\/wp\/v2\/product"}],"about":[{"href":"https:\/\/roveyayinevi.com.tr\/index.php\/wp-json\/wp\/v2\/types\/product"}],"wp:attachment":[{"href":"https:\/\/roveyayinevi.com.tr\/index.php\/wp-json\/wp\/v2\/media?parent=720269"}],"wp:term":[{"taxonomy":"product_brand","embeddable":true,"href":"https:\/\/roveyayinevi.com.tr\/index.php\/wp-json\/wp\/v2\/product_brand?post=720269"},{"taxonomy":"product_cat","embeddable":true,"href":"https:\/\/roveyayinevi.com.tr\/index.php\/wp-json\/wp\/v2\/product_cat?post=720269"},{"taxonomy":"product_tag","embeddable":true,"href":"https:\/\/roveyayinevi.com.tr\/index.php\/wp-json\/wp\/v2\/product_tag?post=720269"}],"curies":[{"name":"wp","href":"https:\/\/api.w.org\/{rel}","templated":true}]}}