{"id":720268,"date":"2025-08-27T18:33:57","date_gmt":"2025-08-27T15:33:57","guid":{"rendered":"https:\/\/roveyayinevi.com.tr\/index.php\/urun\/magaradaki-zihin\/"},"modified":"2026-01-24T02:40:12","modified_gmt":"2026-01-23T23:40:12","slug":"magaradaki-zihin","status":"publish","type":"product","link":"https:\/\/roveyayinevi.com.tr\/index.php\/urun\/magaradaki-zihin\/","title":{"rendered":"Ma\u011faradaki Zihin"},"content":{"rendered":"<p>Lascaux, Chauvet ve Altamira gibi ma\u011faralar\u0131n duvarlar\u0131nda bulunan hayvan resimleri ve semboller bize ge\u00e7mi\u015f d\u00f6nem insanlar\u0131n\u0131n zihinleri hakk\u0131nda ne s\u00f6yler?Antropolog ve kaya sanat\u0131 tarih\u00e7isi David Lewis-Williams Ma\u011faradaki Zihin isimli \u00e7al\u0131\u015fmas\u0131nda Paleolitik (yontma ta\u015f) d\u00f6nem insan\u0131n\u0131n ma\u011fara duvarlar\u0131na \u00e7izdi\u011fi imgelerin d\u00fc\u015f\u00fcnsel ve itkisel ser\u00fcvenini anlat\u0131yor.Lewis-Williams evrim, sinirbilim ve yap\u0131salc\u0131 antropolojinin \u0131\u015f\u0131\u011f\u0131nda insan\u0131n atalar\u0131n\u0131n karanl\u0131k gizemine ve bilincimizin do\u011fas\u0131na b\u00fcy\u00fck bir ustal\u0131kla \u0131\u015f\u0131k tutuyor.\u201c\u0130nsanl\u0131k ser\u00fcvenin en etkileyici d\u00f6nemlerinden birinin b\u00fcy\u00fcleyici analizi.\u201dColin Renfrew, Cambridge \u00dcniversitesi\u201cD\u00e2hiyane bir ba\u015fyap\u0131t.\u201dJean Clottes<\/p>\n","protected":false},"excerpt":{"rendered":"<p>Lascaux, Chauvet ve Altamira gibi ma\u011faralar\u0131n duvarlar\u0131nda bulunan hayvan resimleri ve semboller bize ge\u00e7mi\u015f d\u00f6nem insanlar\u0131n\u0131n zihinleri hakk\u0131nda ne s\u00f6yler?Antropolog ve kaya sanat\u0131 tarih\u00e7isi David Lewis-Williams<span class=\"excerpt-hellip\"> [\u2026]<\/span><\/p>\n","protected":false},"featured_media":0,"template":"","meta":{"_monsterinsights_skip_tracking":false,"_monsterinsights_sitenote_active":false,"_monsterinsights_sitenote_note":"","_monsterinsights_sitenote_category":0},"product_brand":[],"product_cat":[12408,14197],"product_tag":[],"class_list":{"0":"post-720268","1":"product","2":"type-product","3":"status-publish","5":"product_cat-sanat","6":"product_cat-sanat-tarihi","7":"pa_cilt-ciltsiz","8":"pa_tur-kitap","9":"pa_yayinevi-yapi-kredi-yayinlari","10":"pa_yazar-james-david-lewis-williams","12":"first","13":"instock","14":"sale","15":"shipping-taxable","16":"purchasable","17":"product-type-simple"},"_links":{"self":[{"href":"https:\/\/roveyayinevi.com.tr\/index.php\/wp-json\/wp\/v2\/product\/720268","targetHints":{"allow":["GET"]}}],"collection":[{"href":"https:\/\/roveyayinevi.com.tr\/index.php\/wp-json\/wp\/v2\/product"}],"about":[{"href":"https:\/\/roveyayinevi.com.tr\/index.php\/wp-json\/wp\/v2\/types\/product"}],"wp:attachment":[{"href":"https:\/\/roveyayinevi.com.tr\/index.php\/wp-json\/wp\/v2\/media?parent=720268"}],"wp:term":[{"taxonomy":"product_brand","embeddable":true,"href":"https:\/\/roveyayinevi.com.tr\/index.php\/wp-json\/wp\/v2\/product_brand?post=720268"},{"taxonomy":"product_cat","embeddable":true,"href":"https:\/\/roveyayinevi.com.tr\/index.php\/wp-json\/wp\/v2\/product_cat?post=720268"},{"taxonomy":"product_tag","embeddable":true,"href":"https:\/\/roveyayinevi.com.tr\/index.php\/wp-json\/wp\/v2\/product_tag?post=720268"}],"curies":[{"name":"wp","href":"https:\/\/api.w.org\/{rel}","templated":true}]}}