{"id":720267,"date":"2025-08-27T18:33:57","date_gmt":"2025-08-27T15:33:57","guid":{"rendered":"https:\/\/roveyayinevi.com.tr\/index.php\/urun\/elleri-var-ozgurlugun\/"},"modified":"2026-04-16T02:28:03","modified_gmt":"2026-04-15T23:28:03","slug":"elleri-var-ozgurlugun","status":"publish","type":"product","link":"https:\/\/roveyayinevi.com.tr\/index.php\/urun\/elleri-var-ozgurlugun\/","title":{"rendered":"Elleri Var \u00d6zg\u00fcrl\u00fc\u011f\u00fcn"},"content":{"rendered":"<p>Bak\u0131yorum, ne yeteri kadar a\u011fac\u0131m,Ne \u00e7ak\u0131l\u0131m, ne insan\u0131m yeteri kadar.T\u00fcrl\u00fc giysilerle \u00e7\u0131pla\u011f\u0131m, \u00fc\u015f\u00fcyorum.Yap\u0131 Kredi Yay\u0131nlar\u0131 modern \u015fiirimizi yaratan ustalar\u0131n kitaplar\u0131n\u0131n ayr\u0131 bas\u0131m\u0131n\u0131 s\u00fcrd\u00fcr\u00fcyor. Elleri Var \u00d6zg\u00fcrl\u00fc\u011f\u00fcn, Oktay Rifat\u2019\u0131n  G\u00fczelleme\u2019yi ayr\u0131 tutarsak Garip ortak kitab\u0131ndan sonraki ilk kitab\u0131d\u0131r. Oktay Rifat\u2019\u0131n tarihsel ki\u015filerle destanla\u015fan kitab\u0131 yeni ve ayr\u0131 bir bas\u0131mla okuruna ula\u015f\u0131yor.1966 y\u0131l\u0131nda \u00e7\u0131kan kitap ozan\u0131n \u015fiir ser\u00fcveninde yeni bir y\u00f6neli\u015fe i\u015faret eder. Garip\u2019le \u00e7\u0131kt\u0131\u011f\u0131 yolda Per\u00e7emli Sokak ile \u0130kinci Yeni \u00e7izgisini belirleyen Rifat, Elleri Var \u00d6zg\u00fcrl\u00fc\u011f\u00fcn ile \u00fc\u00e7\u00fcnc\u00fc at\u0131l\u0131m\u0131n\u0131 yaparak toplumcu \u015fiirin izlekleriyle b\u00fct\u00fcnle\u015fir. Kendi s\u00f6yleyi\u015fini iyice derinle\u015ftirmi\u015ftir art\u0131k. Tarihten g\u00fcncelli\u011fe uzanan anlam katmanlar\u0131yla, imge \u00f6rg\u00fcs\u00fcyle insanl\u0131k durumunu \u015fiirle\u015ftirmi\u015ftir.Elleri Var \u00d6zg\u00fcrl\u00fc\u011f\u00fcn, bir \u00f6zg\u00fcrl\u00fck manifestosuyla a\u00e7\u0131l\u0131r; Agamemnon adl\u0131 ilk b\u00f6l\u00fcm antik Yunan destanlar\u0131yla, tragedyalarla ilerler. D\u00fc\u015f\u00fcnceyle duygunun, imgeyle anlam\u0131n alt\u0131n oran\u0131n\u0131 buldu\u011fu ikinci b\u00f6l\u00fcmdeyse sonraki kitaplar\u0131n\u0131 m\u00fcjdeleyen \u015fiirler vard\u0131r.Oktay Rifat\u2019\u0131n ustal\u0131k belgelerinden Elleri Var \u00d6zg\u00fcrl\u00fc\u011f\u00fcn, ortaya koydu\u011fu etik sorgulamalarla yepyeni anlamlara b\u00fcr\u00fcn\u00fcyor.<\/p>\n","protected":false},"excerpt":{"rendered":"<p>Bak\u0131yorum, ne yeteri kadar a\u011fac\u0131m,Ne \u00e7ak\u0131l\u0131m, ne insan\u0131m yeteri kadar.T\u00fcrl\u00fc giysilerle \u00e7\u0131pla\u011f\u0131m, \u00fc\u015f\u00fcyorum.Yap\u0131 Kredi Yay\u0131nlar\u0131 modern \u015fiirimizi yaratan ustalar\u0131n kitaplar\u0131n\u0131n ayr\u0131 bas\u0131m\u0131n\u0131 s\u00fcrd\u00fcr\u00fcyor. Elleri Var \u00d6zg\u00fcrl\u00fc\u011f\u00fcn,<span class=\"excerpt-hellip\"> [\u2026]<\/span><\/p>\n","protected":false},"featured_media":0,"template":"","meta":{"_monsterinsights_skip_tracking":false,"_monsterinsights_sitenote_active":false,"_monsterinsights_sitenote_note":"","_monsterinsights_sitenote_category":0},"product_brand":[],"product_cat":[12291,12509],"product_tag":[],"class_list":{"0":"post-720267","1":"product","2":"type-product","3":"status-publish","5":"product_cat-edebiyat","6":"product_cat-siir","7":"pa_cilt-ciltsiz","8":"pa_tur-kitap","9":"pa_yayinevi-yapi-kredi-yayinlari","10":"pa_yazar-oktay-rifat","12":"first","13":"instock","14":"sale","15":"shipping-taxable","16":"purchasable","17":"product-type-simple"},"_links":{"self":[{"href":"https:\/\/roveyayinevi.com.tr\/index.php\/wp-json\/wp\/v2\/product\/720267","targetHints":{"allow":["GET"]}}],"collection":[{"href":"https:\/\/roveyayinevi.com.tr\/index.php\/wp-json\/wp\/v2\/product"}],"about":[{"href":"https:\/\/roveyayinevi.com.tr\/index.php\/wp-json\/wp\/v2\/types\/product"}],"wp:attachment":[{"href":"https:\/\/roveyayinevi.com.tr\/index.php\/wp-json\/wp\/v2\/media?parent=720267"}],"wp:term":[{"taxonomy":"product_brand","embeddable":true,"href":"https:\/\/roveyayinevi.com.tr\/index.php\/wp-json\/wp\/v2\/product_brand?post=720267"},{"taxonomy":"product_cat","embeddable":true,"href":"https:\/\/roveyayinevi.com.tr\/index.php\/wp-json\/wp\/v2\/product_cat?post=720267"},{"taxonomy":"product_tag","embeddable":true,"href":"https:\/\/roveyayinevi.com.tr\/index.php\/wp-json\/wp\/v2\/product_tag?post=720267"}],"curies":[{"name":"wp","href":"https:\/\/api.w.org\/{rel}","templated":true}]}}