{"id":720265,"date":"2025-08-27T18:33:55","date_gmt":"2025-08-27T15:33:55","guid":{"rendered":"https:\/\/roveyayinevi.com.tr\/index.php\/urun\/ah-ayetleri-furug-ferruhzad-hakkinda-soylenmemis-sozler\/"},"modified":"2026-04-16T02:28:03","modified_gmt":"2026-04-15T23:28:03","slug":"ah-ayetleri-furug-ferruhzad-hakkinda-soylenmemis-sozler","status":"publish","type":"product","link":"https:\/\/roveyayinevi.com.tr\/index.php\/urun\/ah-ayetleri-furug-ferruhzad-hakkinda-soylenmemis-sozler\/","title":{"rendered":"Ah Ayetleri &#8211; \u201cFuru\u011f Ferruhzad Hakk\u0131nda S\u00f6ylenmemi\u015f S\u00f6zler\u201d"},"content":{"rendered":"<p>Ah Ayetleri, sadece modern \u0130ran \u015fiirinin de\u011fil, \u00e7a\u011fda\u015f d\u00fcnya \u015fiirinin de \u00f6nemli isimlerinden olan Furu\u011f Ferruhzad\u2019\u0131n kendini ve \u015fiirini var ederken verdi\u011fi m\u00fccadeleyi, \u00f6dedi\u011fi a\u011f\u0131r bedelleri, cesareti, isyank\u00e2rl\u0131\u011f\u0131 ve yetene\u011fiyle imza att\u0131\u011f\u0131 ba\u015far\u0131lar\u0131 g\u00f6zler \u00f6n\u00fcne seriyor.   Kitapta, \u0130ranl\u0131 y\u00f6netmen Nasser Saffarian\u2019\u0131n 2002\u2019de \u00e7ekti\u011fi, \u00fc\u00e7 k\u0131sa belgeselden olu\u015fan \u201cFuru\u011f Ferruhzad \u00dc\u00e7lemesi\u201d i\u00e7in yap\u0131lan \u015f\u00f6yle\u015filer yer al\u0131yor. Ailesi, yak\u0131n dostlar\u0131, aralar\u0131nda \u0130ran \u015fiirinin \u00f6nemli isimlerinden Simin Behbahani ile Feridun Mo\u015firi\u2019nin de oldu\u011fu \u015fairler ve sanat\u00e7\u0131lar Furu\u011f hakk\u0131nda s\u00f6ylenmemi\u015fleri anlat\u0131yor. \u0130lk kez dile getirilen pek \u00e7ok \u015fa\u015f\u0131rt\u0131c\u0131 detay okura, \u015fiirin yan\u0131 s\u0131ra sinema ve tiyatroyla da ilgilenen Furu\u011f\u2019u bilinmeyen y\u00f6nleriyle tan\u0131ma imk\u00e2n\u0131 sunuyor.   B\u00fct\u00fcn \u015fiirlerinin yer ald\u0131\u011f\u0131 R\u00fczg\u00e2r Bizi G\u00f6t\u00fcrecek kitab\u0131n\u0131n ard\u0131ndan yay\u0131mlad\u0131\u011f\u0131m\u0131z Ah Ayetleri\u201c\u015eairin hayat\u0131 \u015fiire dahil\u201d s\u00f6z\u00fcn\u00fc kan\u0131tlar nitelikte.   Ya\u015fam\u0131n\u0131n t\u00fcm\u00fc \u015fiire d\u00f6n\u00fc\u015fm\u00fc\u015ft\u00fc. Kendisinin de bir yerde s\u00f6yledi\u011fi gibi: \u201cBenim y\u00e2rim \u015fiir ve benim sevgilim \u015fiir \/ Onu bulmaya gidiyorum.\u201d Furu\u011f t\u00fcm ya\u015fam\u0131n\u0131 \u015fiir i\u00e7in feda etti. Simin Behbahani <\/p>\n","protected":false},"excerpt":{"rendered":"<p>Ah Ayetleri, sadece modern \u0130ran \u015fiirinin de\u011fil, \u00e7a\u011fda\u015f d\u00fcnya \u015fiirinin de \u00f6nemli isimlerinden olan Furu\u011f Ferruhzad\u2019\u0131n kendini ve \u015fiirini var ederken verdi\u011fi m\u00fccadeleyi, \u00f6dedi\u011fi a\u011f\u0131r bedelleri,<span class=\"excerpt-hellip\"> [\u2026]<\/span><\/p>\n","protected":false},"featured_media":0,"template":"","meta":{"_monsterinsights_skip_tracking":false,"_monsterinsights_sitenote_active":false,"_monsterinsights_sitenote_note":"","_monsterinsights_sitenote_category":0},"product_brand":[],"product_cat":[12291,30969],"product_tag":[],"class_list":{"0":"post-720265","1":"product","2":"type-product","3":"status-publish","5":"product_cat-edebiyat","6":"product_cat-soylesi-edebiyat","7":"pa_cilt-ciltsiz","8":"pa_tur-kitap","9":"pa_yayinevi-yapi-kredi-yayinlari","10":"pa_yazar-nasser-saffarian","12":"first","13":"instock","14":"sale","15":"shipping-taxable","16":"purchasable","17":"product-type-simple"},"_links":{"self":[{"href":"https:\/\/roveyayinevi.com.tr\/index.php\/wp-json\/wp\/v2\/product\/720265","targetHints":{"allow":["GET"]}}],"collection":[{"href":"https:\/\/roveyayinevi.com.tr\/index.php\/wp-json\/wp\/v2\/product"}],"about":[{"href":"https:\/\/roveyayinevi.com.tr\/index.php\/wp-json\/wp\/v2\/types\/product"}],"wp:attachment":[{"href":"https:\/\/roveyayinevi.com.tr\/index.php\/wp-json\/wp\/v2\/media?parent=720265"}],"wp:term":[{"taxonomy":"product_brand","embeddable":true,"href":"https:\/\/roveyayinevi.com.tr\/index.php\/wp-json\/wp\/v2\/product_brand?post=720265"},{"taxonomy":"product_cat","embeddable":true,"href":"https:\/\/roveyayinevi.com.tr\/index.php\/wp-json\/wp\/v2\/product_cat?post=720265"},{"taxonomy":"product_tag","embeddable":true,"href":"https:\/\/roveyayinevi.com.tr\/index.php\/wp-json\/wp\/v2\/product_tag?post=720265"}],"curies":[{"name":"wp","href":"https:\/\/api.w.org\/{rel}","templated":true}]}}