{"id":720262,"date":"2025-08-27T18:33:53","date_gmt":"2025-08-27T15:33:53","guid":{"rendered":"https:\/\/roveyayinevi.com.tr\/index.php\/urun\/bu-kitabi-sakin-okuma\/"},"modified":"2026-04-16T02:28:03","modified_gmt":"2026-04-15T23:28:03","slug":"bu-kitabi-sakin-okuma","status":"publish","type":"product","link":"https:\/\/roveyayinevi.com.tr\/index.php\/urun\/bu-kitabi-sakin-okuma\/","title":{"rendered":"Bu Kitab\u0131 Sak\u0131n Okuma!"},"content":{"rendered":"<p>Bu kitab\u0131 sak\u0131n okuma ! Sinirlerin Alt \u00dcst Olur \u015eimdi sana son uyar\u0131m\u0131z\u0131 yap\u0131p \u201cbak yol yak\u0131nken d\u00f6n, durduk yere keyfini ka\u00e7\u0131rma, hayat\u0131n\u0131n ak\u0131\u015f\u0131n\u0131 de\u011fi\u015ftirme, kapat kitab\u0131 koy rafa\u201d derdik ama belli ki dinlemiyorsun, eh o zaman kolay gelsin. <\/p>\n","protected":false},"excerpt":{"rendered":"<p>Bu kitab\u0131 sak\u0131n okuma ! Sinirlerin Alt \u00dcst Olur \u015eimdi sana son uyar\u0131m\u0131z\u0131 yap\u0131p \u201cbak yol yak\u0131nken d\u00f6n, durduk yere keyfini ka\u00e7\u0131rma, hayat\u0131n\u0131n ak\u0131\u015f\u0131n\u0131 de\u011fi\u015ftirme, kapat<span class=\"excerpt-hellip\"> [\u2026]<\/span><\/p>\n","protected":false},"featured_media":0,"template":"","meta":{"_monsterinsights_skip_tracking":false,"_monsterinsights_sitenote_active":false,"_monsterinsights_sitenote_note":"","_monsterinsights_sitenote_category":0},"product_brand":[],"product_cat":[12777,12291],"product_tag":[],"class_list":{"0":"post-720262","1":"product","2":"type-product","3":"status-publish","5":"product_cat-deneme","6":"product_cat-edebiyat","7":"pa_cilt-ciltsiz","8":"pa_tur-kitap","9":"pa_yayinevi-hayykitap","10":"pa_yazar-mehmet-yildiz","12":"first","13":"instock","14":"sale","15":"shipping-taxable","16":"purchasable","17":"product-type-simple"},"_links":{"self":[{"href":"https:\/\/roveyayinevi.com.tr\/index.php\/wp-json\/wp\/v2\/product\/720262","targetHints":{"allow":["GET"]}}],"collection":[{"href":"https:\/\/roveyayinevi.com.tr\/index.php\/wp-json\/wp\/v2\/product"}],"about":[{"href":"https:\/\/roveyayinevi.com.tr\/index.php\/wp-json\/wp\/v2\/types\/product"}],"wp:attachment":[{"href":"https:\/\/roveyayinevi.com.tr\/index.php\/wp-json\/wp\/v2\/media?parent=720262"}],"wp:term":[{"taxonomy":"product_brand","embeddable":true,"href":"https:\/\/roveyayinevi.com.tr\/index.php\/wp-json\/wp\/v2\/product_brand?post=720262"},{"taxonomy":"product_cat","embeddable":true,"href":"https:\/\/roveyayinevi.com.tr\/index.php\/wp-json\/wp\/v2\/product_cat?post=720262"},{"taxonomy":"product_tag","embeddable":true,"href":"https:\/\/roveyayinevi.com.tr\/index.php\/wp-json\/wp\/v2\/product_tag?post=720262"}],"curies":[{"name":"wp","href":"https:\/\/api.w.org\/{rel}","templated":true}]}}