{"id":720260,"date":"2025-08-27T18:33:51","date_gmt":"2025-08-27T15:33:51","guid":{"rendered":"https:\/\/roveyayinevi.com.tr\/index.php\/urun\/hare\/"},"modified":"2026-04-16T02:28:03","modified_gmt":"2026-04-15T23:28:03","slug":"hare","status":"publish","type":"product","link":"https:\/\/roveyayinevi.com.tr\/index.php\/urun\/hare\/","title":{"rendered":"Hare"},"content":{"rendered":"<p>\u00d6z\u00fcne kaz\u0131mak istedi\u011fin duygular\u0131 ya\u015famaktan korkma.  Her duygu, antrenman\u0131d\u0131r ruhunun. Duygular\u0131n\u0131n rengini s\u00f6yleyebilir misin mesela? G\u00f6r\u00fcn\u00fcr olsalard\u0131 ne renk olurlard\u0131 acaba? Ona bakt\u0131\u011f\u0131nda hissetti\u011fin duyguyla, onun sende hissettikleri ayn\u0131 m\u0131? Belki de de\u011fil&#8230; Hatta muhtemelen de\u011fil&#8230; \u00dcz\u00fclme, \u00e7\u00fcnk\u00fc \u201canlam\u201d herkes i\u00e7in farkl\u0131&#8230; Beklentiler de \u00f6yle&#8230; Bir d\u00fc\u015f\u00fcn bakal\u0131m, belki sevdi\u011fin o de\u011fil, ona kar\u015f\u0131 besledi\u011fin duygulard\u0131r, olamaz m\u0131? Olur&#8230;  Ondaki duygunu o san\u0131yorsundur belki kim bilir&#8230; Halbuki ger\u00e7ek olan duygundur, o de\u011fil&#8230; \u0130kisiyle de tan\u0131\u015fmaya haz\u0131r m\u0131s\u0131n? <\/p>\n","protected":false},"excerpt":{"rendered":"<p>\u00d6z\u00fcne kaz\u0131mak istedi\u011fin duygular\u0131 ya\u015famaktan korkma. Her duygu, antrenman\u0131d\u0131r ruhunun. Duygular\u0131n\u0131n rengini s\u00f6yleyebilir misin mesela? G\u00f6r\u00fcn\u00fcr olsalard\u0131 ne renk olurlard\u0131 acaba? Ona bakt\u0131\u011f\u0131nda hissetti\u011fin duyguyla, onun<span class=\"excerpt-hellip\"> [\u2026]<\/span><\/p>\n","protected":false},"featured_media":0,"template":"","meta":{"_monsterinsights_skip_tracking":false,"_monsterinsights_sitenote_active":false,"_monsterinsights_sitenote_note":"","_monsterinsights_sitenote_category":0},"product_brand":[],"product_cat":[12777,12291],"product_tag":[],"class_list":{"0":"post-720260","1":"product","2":"type-product","3":"status-publish","5":"product_cat-deneme","6":"product_cat-edebiyat","7":"pa_cilt-ciltsiz","8":"pa_tur-kitap","9":"pa_yayinevi-destek-yayinlari","10":"pa_yazar-sule-alkis","12":"first","13":"instock","14":"sale","15":"shipping-taxable","16":"purchasable","17":"product-type-simple"},"_links":{"self":[{"href":"https:\/\/roveyayinevi.com.tr\/index.php\/wp-json\/wp\/v2\/product\/720260","targetHints":{"allow":["GET"]}}],"collection":[{"href":"https:\/\/roveyayinevi.com.tr\/index.php\/wp-json\/wp\/v2\/product"}],"about":[{"href":"https:\/\/roveyayinevi.com.tr\/index.php\/wp-json\/wp\/v2\/types\/product"}],"wp:attachment":[{"href":"https:\/\/roveyayinevi.com.tr\/index.php\/wp-json\/wp\/v2\/media?parent=720260"}],"wp:term":[{"taxonomy":"product_brand","embeddable":true,"href":"https:\/\/roveyayinevi.com.tr\/index.php\/wp-json\/wp\/v2\/product_brand?post=720260"},{"taxonomy":"product_cat","embeddable":true,"href":"https:\/\/roveyayinevi.com.tr\/index.php\/wp-json\/wp\/v2\/product_cat?post=720260"},{"taxonomy":"product_tag","embeddable":true,"href":"https:\/\/roveyayinevi.com.tr\/index.php\/wp-json\/wp\/v2\/product_tag?post=720260"}],"curies":[{"name":"wp","href":"https:\/\/api.w.org\/{rel}","templated":true}]}}