{"id":720259,"date":"2025-08-27T18:33:50","date_gmt":"2025-08-27T15:33:50","guid":{"rendered":"https:\/\/roveyayinevi.com.tr\/index.php\/urun\/dijital-tapinak\/"},"modified":"2026-04-08T02:35:15","modified_gmt":"2026-04-07T23:35:15","slug":"dijital-tapinak","status":"publish","type":"product","link":"https:\/\/roveyayinevi.com.tr\/index.php\/urun\/dijital-tapinak\/","title":{"rendered":"Dijital Tap\u0131nak"},"content":{"rendered":"<p>Amerika On dakika boyunca ses \u00e7\u0131karmadan konu\u015fan botlar\u0131 dinlediler. D\u00fcnya dillerine kesinlikle benzemiyordu. \u201cBiz sadece \u0130ngilizce yaz\u0131l\u0131m y\u00fcklemi\u015ftik\u201d diye s\u00f6ylendi Albert. Durumu b\u00fcy\u00fck patrona bildirmek zorundayd\u0131lar. Facebook\u2019un patronu Mark Elliot Zuckerberg\u2019in d\u00fcnya dilleri konusunda uzman on ki\u015fiyle birlikte a\u015fa\u011f\u0131ya inmesi uzun s\u00fcrmedi. Tuhaf bir dilde konu\u015fan botlara verdi dikkatini. Yan\u0131nda getirdi\u011fi uzmanlar da konu\u015fulan dili anlayabilmek ad\u0131na sessizce dinlemeye ba\u015flad\u0131lar. Yar\u0131m saat sonra sabr\u0131 t\u00fckenen Mark\u2019\u0131n sesi duyuldu: \u201cBana bu sa\u00e7mal\u0131\u011f\u0131n ne oldu\u011funu a\u00e7\u0131klayacak biri var m\u0131 aran\u0131zda?\u201d K\u0131sa s\u00fcren bir sessizli\u011fin ard\u0131ndan uzmanlardan biri yan\u0131t verdi: \u201cBu d\u00fcnya d\u0131\u015f\u0131 bir dil.\u201d \u201cAnlamad\u0131m?\u201d \u201cD\u00fcnya d\u0131\u015f\u0131 bir dil geli\u015ftirmi\u015fler Mark.\u201d \u0130stanbul \u015eehrin bitmeyen u\u011fultusu aras\u0131nda yay\u0131lan frekanslar\u0131n gizemli yaz\u0131l\u0131mlar\u0131 beyinlerine i\u015flerken verdikleri her karar\u0131 kendi iradeleriyle ald\u0131klar\u0131n\u0131 sanan insanlar\u0131n ya\u015fad\u0131\u011f\u0131 yerdi \u0130stanbul. Reng\u00e2renk reklam panolar\u0131, \u0131\u015f\u0131kl\u0131 tabelalar, dijital ekranlardaki b\u00fcy\u00fcl\u00fc g\u00f6r\u00fcnt\u00fcler, ma\u011faza ve kafelerden yay\u0131lan m\u00fczikler, AVM\u2019lerin dayan\u0131lmaz \u00e7ekicili\u011fi, hepsi ama hepsi tek bir d\u00fc\u015f\u00fc k\u00f6r\u00fckl\u00fcyorlard\u0131: Konfor i\u00e7inde bir ya\u015fam ve \u00e7\u0131lg\u0131ncas\u0131na t\u00fcketim&#8230; \u0130skenderun \u0130nsan kula\u011f\u0131n\u0131n duyamayaca\u011f\u0131 y\u00fcksekli\u011fe eri\u015fen frekanslar\u0131n i\u00e7ine yerle\u015ftirilmi\u015f olan subliminal mesajlar beyinlerine nak\u0131\u015f gibi i\u015flenirken ayin ba\u015flad\u0131. Kendi ekseni etraf\u0131nda d\u00f6nmeye ba\u015flayan sar\u0131\u015f\u0131n\u0131n h\u0131z\u0131 gittik\u00e7e art\u0131yordu. V\u00fccudundaki ter, b\u00fcy\u00fck lekeler halinde beyaz elbisesinin \u00fczerinde belirmeye ba\u015flad\u0131\u011f\u0131nda sesi duyuldu: \u201cDeus Mitra adiuva me.\u201d (Yard\u0131m et bize Tanr\u0131 Mitra.) Antik \u00e7a\u011flarda u\u011fruna binlerce gen\u00e7 k\u0131z\u0131n yak\u0131larak kurban edildi\u011fi Tanr\u0131 Mitra, sadece o d\u00f6nemlerde h\u00fck\u00fcm s\u00fcrd\u00fc\u011f\u00fc Akdeniz\u2019e de\u011fil, bu kez t\u00fcm d\u00fcnyaya h\u00e2kim olabilmek i\u00e7in geri d\u00f6n\u00fcyordu.   Dijital tap\u0131naklar d\u00fcnyan\u0131n her yerindeydi, insanlar\u0131n evlerinde, ceplerinde, i\u015fyerlerinde, okullarda&#8230; Nefes kesen bir maceran\u0131n e\u015fli\u011finde dijital tap\u0131na\u011f\u0131n kutsal suna\u011f\u0131na girmeye haz\u0131r m\u0131s\u0131n? <\/p>\n","protected":false},"excerpt":{"rendered":"<p>Amerika On dakika boyunca ses \u00e7\u0131karmadan konu\u015fan botlar\u0131 dinlediler. D\u00fcnya dillerine kesinlikle benzemiyordu. \u201cBiz sadece \u0130ngilizce yaz\u0131l\u0131m y\u00fcklemi\u015ftik\u201d diye s\u00f6ylendi Albert. Durumu b\u00fcy\u00fck patrona bildirmek zorundayd\u0131lar.<span class=\"excerpt-hellip\"> [\u2026]<\/span><\/p>\n","protected":false},"featured_media":0,"template":"","meta":{"_monsterinsights_skip_tracking":false,"_monsterinsights_sitenote_active":false,"_monsterinsights_sitenote_note":"","_monsterinsights_sitenote_category":0},"product_brand":[],"product_cat":[12291,12711],"product_tag":[],"class_list":{"0":"post-720259","1":"product","2":"type-product","3":"status-publish","5":"product_cat-edebiyat","6":"product_cat-roman-oyku","7":"pa_cilt-ciltsiz","8":"pa_tur-kitap","9":"pa_yayinevi-destek-yayinlari","10":"pa_yazar-haluk-ozdil","12":"first","13":"instock","14":"sale","15":"shipping-taxable","16":"purchasable","17":"product-type-simple"},"_links":{"self":[{"href":"https:\/\/roveyayinevi.com.tr\/index.php\/wp-json\/wp\/v2\/product\/720259","targetHints":{"allow":["GET"]}}],"collection":[{"href":"https:\/\/roveyayinevi.com.tr\/index.php\/wp-json\/wp\/v2\/product"}],"about":[{"href":"https:\/\/roveyayinevi.com.tr\/index.php\/wp-json\/wp\/v2\/types\/product"}],"wp:attachment":[{"href":"https:\/\/roveyayinevi.com.tr\/index.php\/wp-json\/wp\/v2\/media?parent=720259"}],"wp:term":[{"taxonomy":"product_brand","embeddable":true,"href":"https:\/\/roveyayinevi.com.tr\/index.php\/wp-json\/wp\/v2\/product_brand?post=720259"},{"taxonomy":"product_cat","embeddable":true,"href":"https:\/\/roveyayinevi.com.tr\/index.php\/wp-json\/wp\/v2\/product_cat?post=720259"},{"taxonomy":"product_tag","embeddable":true,"href":"https:\/\/roveyayinevi.com.tr\/index.php\/wp-json\/wp\/v2\/product_tag?post=720259"}],"curies":[{"name":"wp","href":"https:\/\/api.w.org\/{rel}","templated":true}]}}