{"id":720257,"date":"2025-08-27T18:33:49","date_gmt":"2025-08-27T15:33:49","guid":{"rendered":"https:\/\/roveyayinevi.com.tr\/index.php\/urun\/devrim-isyan-direnis\/"},"modified":"2026-04-16T02:28:03","modified_gmt":"2026-04-15T23:28:03","slug":"devrim-isyan-direnis","status":"publish","type":"product","link":"https:\/\/roveyayinevi.com.tr\/index.php\/urun\/devrim-isyan-direnis\/","title":{"rendered":"Devrim \u0130syan Direni\u015f"},"content":{"rendered":"<p>Devrimler ni\u00e7in olur? On y\u0131llar boyunca yap\u0131lan sosyal bilim ara\u015ft\u0131rmalar\u0131, devrimlerin, ne zaman, nerede ve kimlerin aras\u0131nda ortaya \u00e7\u0131kt\u0131\u011f\u0131n\u0131 anlatmakta c\u0131l\u0131z katk\u0131lar yapm\u0131\u015ft\u0131r. Eric Selbin bu \u00e7\u0131\u011f\u0131r a\u00e7\u0131c\u0131 kitapta, ekonomik, politik ve sosyal ko\u015fullar\u0131n d\u0131\u015f\u0131nda devrim yapan insanlar\u0131n d\u00fc\u015f\u00fcnce ve duygular\u0131na da bakmam\u0131z gerekti\u011fini s\u00f6yl\u00fcyor. \u00d6zellikle daha iyi bir gelecek i\u00e7in \u015fu anda m\u00fccadele eden insanlar\u0131n ge\u00e7mi\u015fin adaletsizliklerine y\u00f6nelik olarak anlatt\u0131klar\u0131 hik\u00e2yeleri anlamam\u0131za ihtiya\u00e7 oldu\u011funu vurguluyor. Frans\u0131z Devrimi&#8217;nden Seattle M\u00fccadelesi&#8217;ne, Rusya, \u00c7in, K\u00fcba, Vietnam ve Nijerya&#8217;ya kadar konu edinen Devrim, \u0130syan, Direni\u015f, mit, haf\u0131za ve mimesisin bu hik\u00e2yeleri yaratt\u0131\u011f\u0131n\u0131, s\u00fcrd\u00fcrd\u00fc\u011f\u00fcn\u00fc ve yayd\u0131\u011f\u0131n\u0131 g\u00f6steriyor. Bu \u00e7al\u0131\u015fma akademisyenler ile aktivistlere verdi\u011fi mesajda hayli g\u00fc\u00e7l\u00fc, ilk sayfas\u0131ndan \u00e7\u0131kard\u0131\u011f\u0131 a\u00e7\u0131k sonu\u00e7lara kadar ba\u015fl\u0131\u011f\u0131n\u0131n uyand\u0131rd\u0131\u011f\u0131 \u00e7a\u011fr\u0131\u015f\u0131mlara tamamen ba\u011fl\u0131 bir \u00e7al\u0131\u015fma. JOHN FORAN UC SANTA BARBARA SELB\u0130N&#8217;in b\u00fcy\u00fck katk\u0131s\u0131, sadece hik\u00e2yelerin ni\u00e7in ilgin\u00e7 oldu\u011funu g\u00f6stermesi de\u011fil, onlar\u0131n devrimci hareketin \u015furada ba\u015far\u0131l\u0131 ama ba\u015fka bir yerde ba\u015far\u0131s\u0131z oldu\u011funu anlamam\u0131zda ara\u00e7 olduklar\u0131n\u0131 g\u00f6stermesidir.                                                                               KAREM E. KAMPW\u0130RTH, KNOX COLLEGEBazen ama sadece bazen, s\u0131radan insanlar kendilerini dramatik sosyal d\u00f6n\u00fc\u015f\u00fcm hik\u00e2yelerinin anlat\u0131c\u0131s\u0131 olarak g\u00f6rmektedir. Eric Selbin bu hik\u00e2yeleri kapsaml\u0131 bir kavray\u0131\u015f ve zek\u00e2yla incelemi\u015f. Anlat\u0131s\u0131n\u0131 d\u00f6rt temel devrim hik\u00e2yesi- bir k\u0131sm\u0131 elitist, bir k\u0131sm\u0131 pop\u00fcler, bir k\u0131sm\u0131 muhafazak\u00e2r, bir k\u0131sm\u0131 y\u0131k\u0131c\u0131 &#8211; \u00fczerine kuran Selbin politik m\u00fccadele ile ilgilenen herkesin okumas\u0131 gereken bir kitap \u00e7\u0131karm\u0131\u015f ortaya. SIDNEY TARROW, CORNEL UNIVERSITY <\/p>\n","protected":false},"excerpt":{"rendered":"<p>Devrimler ni\u00e7in olur? On y\u0131llar boyunca yap\u0131lan sosyal bilim ara\u015ft\u0131rmalar\u0131, devrimlerin, ne zaman, nerede ve kimlerin aras\u0131nda ortaya \u00e7\u0131kt\u0131\u011f\u0131n\u0131 anlatmakta c\u0131l\u0131z katk\u0131lar yapm\u0131\u015ft\u0131r. Eric Selbin bu<span class=\"excerpt-hellip\"> [\u2026]<\/span><\/p>\n","protected":false},"featured_media":0,"template":"","meta":{"_monsterinsights_skip_tracking":false,"_monsterinsights_sitenote_active":false,"_monsterinsights_sitenote_note":"","_monsterinsights_sitenote_category":0},"product_brand":[],"product_cat":[12337,14528],"product_tag":[],"class_list":{"0":"post-720257","1":"product","2":"type-product","3":"status-publish","5":"product_cat-politika-siyaset","6":"product_cat-siyaset-tarihi","7":"pa_cilt-ciltsiz","8":"pa_tur-kitap","9":"pa_yayinevi-abis-yayincilik","10":"pa_yazar-eric-selbin","12":"first","13":"instock","14":"sale","15":"shipping-taxable","16":"purchasable","17":"product-type-simple"},"_links":{"self":[{"href":"https:\/\/roveyayinevi.com.tr\/index.php\/wp-json\/wp\/v2\/product\/720257","targetHints":{"allow":["GET"]}}],"collection":[{"href":"https:\/\/roveyayinevi.com.tr\/index.php\/wp-json\/wp\/v2\/product"}],"about":[{"href":"https:\/\/roveyayinevi.com.tr\/index.php\/wp-json\/wp\/v2\/types\/product"}],"wp:attachment":[{"href":"https:\/\/roveyayinevi.com.tr\/index.php\/wp-json\/wp\/v2\/media?parent=720257"}],"wp:term":[{"taxonomy":"product_brand","embeddable":true,"href":"https:\/\/roveyayinevi.com.tr\/index.php\/wp-json\/wp\/v2\/product_brand?post=720257"},{"taxonomy":"product_cat","embeddable":true,"href":"https:\/\/roveyayinevi.com.tr\/index.php\/wp-json\/wp\/v2\/product_cat?post=720257"},{"taxonomy":"product_tag","embeddable":true,"href":"https:\/\/roveyayinevi.com.tr\/index.php\/wp-json\/wp\/v2\/product_tag?post=720257"}],"curies":[{"name":"wp","href":"https:\/\/api.w.org\/{rel}","templated":true}]}}