{"id":720255,"date":"2025-08-27T18:33:48","date_gmt":"2025-08-27T15:33:48","guid":{"rendered":"https:\/\/roveyayinevi.com.tr\/index.php\/urun\/kus-muyuz-tanrim\/"},"modified":"2026-04-12T02:33:57","modified_gmt":"2026-04-11T23:33:57","slug":"kus-muyuz-tanrim","status":"publish","type":"product","link":"https:\/\/roveyayinevi.com.tr\/index.php\/urun\/kus-muyuz-tanrim\/","title":{"rendered":"K\u00fcs M\u00fcy\u00fcz Tanr\u0131m?"},"content":{"rendered":"<p>Bazen senin i\u00e7in zaman durur. Arka arkaya \u00f6yle zorluklar ya\u015fars\u0131n ki dayanacak g\u00fcc\u00fcn kalmaz. Bu ya\u015fad\u0131klar\u0131n\u0131 bir nebze olsun hafifletecek tek bir g\u00fczel \u015fey bile olmaz. Bir yard\u0131m eli uzanmaz. Bir telefon bile \u00e7almaz. Iss\u0131zl\u0131\u011f\u0131n ortas\u0131nda, d\u00fcnya ba\u015fkalar\u0131 i\u00e7in d\u00f6nerken sen bir ba\u015f\u0131nakalakalm\u0131\u015fs\u0131nd\u0131r. Dayanacak g\u00fcc\u00fcn kalmam\u0131\u015ft\u0131r. Yalvar\u0131rs\u0131n; ne sesin \u00e7\u0131kar ne de duyulur. D\u00fcnyan\u0131n ortas\u0131nda yapayaln\u0131z hissedersin. Son bir gayretle seslenirsin Yaradan\u2019a, bu \u00e7a\u011fr\u0131n da sessizlikle kar\u015f\u0131la\u015f\u0131r. \u201cNe oluyor Tanr\u0131m?\u201d dersin, \u201cK\u00fcs m\u00fcy\u00fcz?\u201d \u201cNeden beni duymuyorsun? Neden g\u00f6rm\u00fcyorsun? Yollar\u0131m\u0131a\u00e7m\u0131yor, yard\u0131m etmiyorsun?\u201d \u0130\u015fte o zaman en b\u00fcy\u00fck s\u0131navdas\u0131nd\u0131r ve b\u00fcy\u00fck s\u0131navlarda \u201c\u00f6\u011fretmen\u201d hep sessizdir. O seni hep g\u00f6r\u00fcr, ama bir e\u015fi\u011fi ge\u00e7men, bir dersi \u00f6\u011frenmen gerekiyordur. Zaman\u0131n, dayanman\u0131n, iradenin, hayat dersinin, kendini yeniden yap\u0131land\u0131rman\u0131n ve inanman\u0131n \u00f6d\u00fcl\u00fc gelecektir. Zaman\u0131n efendisi b\u00fcy\u00fck \u00f6\u011fretmen Sat\u00fcrn elinde \u00f6d\u00fcl\u00fc tam o e\u015fi\u011fin ard\u0131nda seni beklemektedir.  Astrolog Olgu Ilg\u0131n\u2019dan benzersiz bir astroloji ve ki\u015fisel geli\u015fim kitab\u0131. Sadece do\u011fum y\u0131l\u0131n\u0131za bakarak, bu d\u00fcnyaya neyi \u00f6\u011frenmek i\u00e7in geldi\u011finizi anlayaca\u011f\u0131n\u0131z muhte\u015fem bir rehber.  <\/p>\n","protected":false},"excerpt":{"rendered":"<p>Bazen senin i\u00e7in zaman durur. Arka arkaya \u00f6yle zorluklar ya\u015fars\u0131n ki dayanacak g\u00fcc\u00fcn kalmaz. Bu ya\u015fad\u0131klar\u0131n\u0131 bir nebze olsun hafifletecek tek bir g\u00fczel \u015fey bile olmaz.<span class=\"excerpt-hellip\"> [\u2026]<\/span><\/p>\n","protected":false},"featured_media":0,"template":"","meta":{"_monsterinsights_skip_tracking":false,"_monsterinsights_sitenote_active":false,"_monsterinsights_sitenote_note":"","_monsterinsights_sitenote_category":0},"product_brand":[],"product_cat":[12364,12376],"product_tag":[],"class_list":{"0":"post-720255","1":"product","2":"type-product","3":"status-publish","5":"product_cat-genel-konular","6":"product_cat-kisisel-gelisim","7":"pa_cilt-ciltsiz","8":"pa_tur-kitap","9":"pa_yayinevi-dogan-novus","10":"pa_yazar-olgu-ilgin","12":"first","13":"instock","14":"sale","15":"shipping-taxable","16":"purchasable","17":"product-type-simple"},"_links":{"self":[{"href":"https:\/\/roveyayinevi.com.tr\/index.php\/wp-json\/wp\/v2\/product\/720255","targetHints":{"allow":["GET"]}}],"collection":[{"href":"https:\/\/roveyayinevi.com.tr\/index.php\/wp-json\/wp\/v2\/product"}],"about":[{"href":"https:\/\/roveyayinevi.com.tr\/index.php\/wp-json\/wp\/v2\/types\/product"}],"wp:attachment":[{"href":"https:\/\/roveyayinevi.com.tr\/index.php\/wp-json\/wp\/v2\/media?parent=720255"}],"wp:term":[{"taxonomy":"product_brand","embeddable":true,"href":"https:\/\/roveyayinevi.com.tr\/index.php\/wp-json\/wp\/v2\/product_brand?post=720255"},{"taxonomy":"product_cat","embeddable":true,"href":"https:\/\/roveyayinevi.com.tr\/index.php\/wp-json\/wp\/v2\/product_cat?post=720255"},{"taxonomy":"product_tag","embeddable":true,"href":"https:\/\/roveyayinevi.com.tr\/index.php\/wp-json\/wp\/v2\/product_tag?post=720255"}],"curies":[{"name":"wp","href":"https:\/\/api.w.org\/{rel}","templated":true}]}}