{"id":720254,"date":"2025-08-27T18:33:47","date_gmt":"2025-08-27T15:33:47","guid":{"rendered":"https:\/\/roveyayinevi.com.tr\/index.php\/urun\/curuk-elmalar-masum-mahkumlar\/"},"modified":"2026-04-16T02:28:03","modified_gmt":"2026-04-15T23:28:03","slug":"curuk-elmalar-masum-mahkumlar","status":"publish","type":"product","link":"https:\/\/roveyayinevi.com.tr\/index.php\/urun\/curuk-elmalar-masum-mahkumlar\/","title":{"rendered":"\u00c7\u00fcr\u00fck Elmalar Masum Mahkumlar"},"content":{"rendered":"<p>Adli bilimlerin \u00f6nde gelen ismi, \u201cdelil avc\u0131s\u0131\u201d Prof. Dr. Sevil Atasoy\u2019dan, iyi ile k\u00f6t\u00fcy\u00fc, do\u011fru ile yalan\u0131 birbirinden ay\u0131rmaya \u00e7al\u0131\u015fanlar\u0131n zorlu d\u00fcnyas\u0131ndan  son geli\u015fmeler ve ilgin\u00e7 vakalar\u2026 G\u00fcn\u00fcm\u00fczde soru\u015fturmalar\u0131n sihirli de\u011fne\u011fi olan DNA analizleri\u2026 Parmak izinden ya da sald\u0131rgan\u0131n olay yerinde damlayan kan\u0131ndan elde edilen inan\u0131lmaz bilgiler&#8230;  Su\u00e7u ayd\u0131nlatmay\u0131 de\u011fil, \u00f6nlemeyihedefleyenlerin yeni ara\u015ft\u0131rma alan\u0131: d\u00fc\u015f\u00fcnce okuma\u2026Olay yeri inceleme uzmanlar\u0131n\u0131n, laboratuvar \u00e7al\u0131\u015fanlar\u0131n\u0131n bilerek ya da bilmeyerek yapt\u0131\u011f\u0131 yanl\u0131\u015flar\u2026 \u201cSu\u00e7 i\u015fleyebilir\u201d iddias\u0131yla \u00f6zg\u00fcrl\u00fckleri k\u0131s\u0131tlanan masumlar\u2026 Ve g\u00fcvenlik u\u011fruna gelecekte kar\u015f\u0131la\u015f\u0131labilecek yeni tehlikeler\u2026Seri katillerle evlenen kad\u0131nlar, roman yazmak i\u00e7in cana k\u0131yan yazarlar, delil \u201ceken\u201d polisler, hastalar\u0131n\u0131 \u00f6ld\u00fcren hem\u015fireler, hayat\u0131 oyun san\u0131p cana k\u0131yan bilgisayar ba\u011f\u0131ml\u0131lar\u0131\u2026 Tek toprak taneci\u011finin y\u00f6nlendirdi\u011fi efsane soru\u015fturma, tek foto\u011frafa dayal\u0131 m\u00fcthi\u015f savunma, tek b\u00f6ce\u011fin yasaklatt\u0131\u011f\u0131 idam\u2026Botsvana, Katar, Moritanya, \u00d6zbekistan gibi a\u015fina olmad\u0131\u011f\u0131m\u0131z co\u011frafyalardaki ilgin\u00e7 vakalar\u2026Otuz iki k\u0131s\u0131m tekmili birden \u00c7\u00fcr\u00fck Elmalar Masum Mahk\u00fbmlar\u2019da okurunu bekliyor\u2026 <\/p>\n","protected":false},"excerpt":{"rendered":"<p>Adli bilimlerin \u00f6nde gelen ismi, \u201cdelil avc\u0131s\u0131\u201d Prof. Dr. Sevil Atasoy\u2019dan, iyi ile k\u00f6t\u00fcy\u00fc, do\u011fru ile yalan\u0131 birbirinden ay\u0131rmaya \u00e7al\u0131\u015fanlar\u0131n zorlu d\u00fcnyas\u0131ndan son geli\u015fmeler ve ilgin\u00e7<span class=\"excerpt-hellip\"> [\u2026]<\/span><\/p>\n","protected":false},"featured_media":0,"template":"","meta":{"_monsterinsights_skip_tracking":false,"_monsterinsights_sitenote_active":false,"_monsterinsights_sitenote_note":"","_monsterinsights_sitenote_category":0},"product_brand":[],"product_cat":[13072,12291],"product_tag":[],"class_list":{"0":"post-720254","1":"product","2":"type-product","3":"status-publish","5":"product_cat-arastirma-inceleme-referans","6":"product_cat-edebiyat","7":"pa_cilt-ciltsiz","8":"pa_tur-kitap","9":"pa_yayinevi-dogan-kitap","10":"pa_yazar-sevil-atasoy","12":"first","13":"instock","14":"sale","15":"shipping-taxable","16":"purchasable","17":"product-type-simple"},"_links":{"self":[{"href":"https:\/\/roveyayinevi.com.tr\/index.php\/wp-json\/wp\/v2\/product\/720254","targetHints":{"allow":["GET"]}}],"collection":[{"href":"https:\/\/roveyayinevi.com.tr\/index.php\/wp-json\/wp\/v2\/product"}],"about":[{"href":"https:\/\/roveyayinevi.com.tr\/index.php\/wp-json\/wp\/v2\/types\/product"}],"wp:attachment":[{"href":"https:\/\/roveyayinevi.com.tr\/index.php\/wp-json\/wp\/v2\/media?parent=720254"}],"wp:term":[{"taxonomy":"product_brand","embeddable":true,"href":"https:\/\/roveyayinevi.com.tr\/index.php\/wp-json\/wp\/v2\/product_brand?post=720254"},{"taxonomy":"product_cat","embeddable":true,"href":"https:\/\/roveyayinevi.com.tr\/index.php\/wp-json\/wp\/v2\/product_cat?post=720254"},{"taxonomy":"product_tag","embeddable":true,"href":"https:\/\/roveyayinevi.com.tr\/index.php\/wp-json\/wp\/v2\/product_tag?post=720254"}],"curies":[{"name":"wp","href":"https:\/\/api.w.org\/{rel}","templated":true}]}}