{"id":720253,"date":"2025-08-27T18:33:46","date_gmt":"2025-08-27T15:33:46","guid":{"rendered":"https:\/\/roveyayinevi.com.tr\/index.php\/urun\/aglamalar-ve-ofke-nobetleri\/"},"modified":"2026-04-16T02:28:03","modified_gmt":"2026-04-15T23:28:03","slug":"aglamalar-ve-ofke-nobetleri","status":"publish","type":"product","link":"https:\/\/roveyayinevi.com.tr\/index.php\/urun\/aglamalar-ve-ofke-nobetleri\/","title":{"rendered":"A\u011flamalar ve \u00d6fke N\u00f6betleri"},"content":{"rendered":"<p>\u00c7ocu\u011funuz a\u011flayarak asl\u0131nda ne anlatmak ister? A\u011flamaya ihtiyac\u0131 oldu\u011funu nas\u0131l anlars\u0131n\u0131z? \u00d6fke n\u00f6betlerinin anlam\u0131 nedir? \u00c7ocu\u011funuz a\u011flamalar\u0131n\u0131 bast\u0131rmay\u0131 nas\u0131l \u00f6\u011frenir? \u00c7ocuklar\u0131n a\u011flamalar\u0131 ve \u00f6fke n\u00f6betleri anne babalar i\u00e7in ba\u015fa \u00e7\u0131kmas\u0131 en zor konulardan biridir. Anne babalar \u00e7ocuklar\u0131 \u00f6fke n\u00f6betine girdi\u011finde ya da b\u00fct\u00fcn g\u00fcn m\u0131z\u0131rdand\u0131\u011f\u0131nda nas\u0131l davranmalar\u0131 gerekti\u011fini bilemezler. A\u011flayan \u00e7ocu\u011fu rahatlatmak m\u0131, g\u00f6rmezden gelmek mi ya da empati kurarak dinlemek mi gerekir?Bilin\u00e7li ebeveynlik ak\u0131m\u0131n\u0131n kurucusu olan Aletha Solter, hem a\u011flama ve \u00f6fke n\u00f6betlerinin alt\u0131nda yatan ihtiya\u00e7lar\u0131, hem de anne babalar\u0131n ve \u00e7ocuklarla ilgilenen di\u011fer yeti\u015fkinlerin bu sorunla nas\u0131l ba\u015fa \u00e7\u0131kabileceklerini devrim niteli\u011finde bir yakla\u015f\u0131mla anlat\u0131yor. Okurlara \u015fa\u015f\u0131rt\u0131c\u0131, etkili ve i\u015fe yarayan \u00e7\u00f6z\u00fcmler sunuyor. <\/p>\n","protected":false},"excerpt":{"rendered":"<p>\u00c7ocu\u011funuz a\u011flayarak asl\u0131nda ne anlatmak ister? A\u011flamaya ihtiyac\u0131 oldu\u011funu nas\u0131l anlars\u0131n\u0131z? \u00d6fke n\u00f6betlerinin anlam\u0131 nedir? \u00c7ocu\u011funuz a\u011flamalar\u0131n\u0131 bast\u0131rmay\u0131 nas\u0131l \u00f6\u011frenir? \u00c7ocuklar\u0131n a\u011flamalar\u0131 ve \u00f6fke n\u00f6betleri anne<span class=\"excerpt-hellip\"> [\u2026]<\/span><\/p>\n","protected":false},"featured_media":0,"template":"","meta":{"_monsterinsights_skip_tracking":false,"_monsterinsights_sitenote_active":false,"_monsterinsights_sitenote_note":"","_monsterinsights_sitenote_category":0},"product_brand":[],"product_cat":[12831,12324],"product_tag":[],"class_list":{"0":"post-720253","1":"product","2":"type-product","3":"status-publish","5":"product_cat-aile-ve-cocuk","6":"product_cat-sosyoloji","7":"pa_cilt-ciltsiz","8":"pa_tur-kitap","9":"pa_yayinevi-dogan-kitap","10":"pa_yazar-aletha-j-solter","12":"first","13":"instock","14":"sale","15":"shipping-taxable","16":"purchasable","17":"product-type-simple"},"_links":{"self":[{"href":"https:\/\/roveyayinevi.com.tr\/index.php\/wp-json\/wp\/v2\/product\/720253","targetHints":{"allow":["GET"]}}],"collection":[{"href":"https:\/\/roveyayinevi.com.tr\/index.php\/wp-json\/wp\/v2\/product"}],"about":[{"href":"https:\/\/roveyayinevi.com.tr\/index.php\/wp-json\/wp\/v2\/types\/product"}],"wp:attachment":[{"href":"https:\/\/roveyayinevi.com.tr\/index.php\/wp-json\/wp\/v2\/media?parent=720253"}],"wp:term":[{"taxonomy":"product_brand","embeddable":true,"href":"https:\/\/roveyayinevi.com.tr\/index.php\/wp-json\/wp\/v2\/product_brand?post=720253"},{"taxonomy":"product_cat","embeddable":true,"href":"https:\/\/roveyayinevi.com.tr\/index.php\/wp-json\/wp\/v2\/product_cat?post=720253"},{"taxonomy":"product_tag","embeddable":true,"href":"https:\/\/roveyayinevi.com.tr\/index.php\/wp-json\/wp\/v2\/product_tag?post=720253"}],"curies":[{"name":"wp","href":"https:\/\/api.w.org\/{rel}","templated":true}]}}