{"id":720251,"date":"2025-08-27T18:33:45","date_gmt":"2025-08-27T15:33:45","guid":{"rendered":"https:\/\/roveyayinevi.com.tr\/index.php\/urun\/modern-ortadoguda-zorunlu-goc-ve-mulksuzlestirme\/"},"modified":"2026-04-16T02:28:03","modified_gmt":"2026-04-15T23:28:03","slug":"modern-ortadoguda-zorunlu-goc-ve-mulksuzlestirme","status":"publish","type":"product","link":"https:\/\/roveyayinevi.com.tr\/index.php\/urun\/modern-ortadoguda-zorunlu-goc-ve-mulksuzlestirme\/","title":{"rendered":"Modern Ortado\u011fu\u2019da Zorunlu G\u00f6\u00e7 ve M\u00fclks\u00fczle\u015ftirme"},"content":{"rendered":"<p>M\u00fclks\u00fczle\u015ftirme ve zorunlu g\u00f6\u00e7, Ortado\u011fu\u2019da ge\u00e7mi\u015ften g\u00fcn\u00fcm\u00fcze b\u00f6lgedeki ya\u015fam\u0131n \u00f6nemli unsurlar\u0131ndan birisi olmaya devam etmektedir. DawnChatty\u2019nin elinizdeki kitab\u0131, yirminci y\u00fczy\u0131l\u0131n ba\u015f\u0131nda bir sava\u015f\u0131n k\u00fcllerinden ve Osmanl\u0131 \u0130mparatorlu\u011fu\u2019nun y\u0131k\u0131nt\u0131lar\u0131ndan yeniden in\u015fa edilen Ortado\u011fu\u2019da, yeni \u00e7izilen s\u0131n\u0131rlarla birbirinden ayr\u0131lan \u201cmekanlar\u201dda kendilerini anavatanlar\u0131ndan kopar\u0131lm\u0131\u015f m\u00fclteciler olarak bulan halklar\u0131 konu almaktad\u0131r. Yazar, bir antropolog olarak \u00f6zellikle insanlar\u0131n bireysel deneyimleri ve bu deneyimlerin siyasi, sosyal ve \u00e7evresel anlamda bir b\u00fct\u00fcn olarak toplum \u00fczerindeki etkileriyle ilgilenmektedir. Farkl\u0131 topluluklar\u0131n \u00fcyeleriyle yapt\u0131\u011f\u0131 g\u00f6r\u00fc\u015fmeler ve onlardan toplad\u0131\u011f\u0131 ki\u015fisel hik\u00e2yeler Ermeniler ve \u00c7erkesler gibi baz\u0131 az\u0131nl\u0131klar\u0131n nas\u0131l uyum sa\u011flad\u0131\u011f\u0131n\u0131 ve yeni kimlikler yaratt\u0131\u011f\u0131n\u0131; Filistinliler ve K\u00fcrtler gibi ba\u015fka topluluklar\u0131n ise ge\u00e7ici manzaralarda nas\u0131l yurtsuz b\u0131rak\u0131ld\u0131klar\u0131n\u0131 g\u00f6stermektedir. Elinizdeki kitap, m\u00fcltecilerin ve g\u00f6\u00e7menlerin g\u00fcnl\u00fck deneyimlerini Akdeniz tarihi ba\u011flam\u0131nda ele alarak analiz eden bir etnografik yakla\u015f\u0131m i\u00e7ermesi anlam\u0131nda s\u0131ra d\u0131\u015f\u0131 bir \u00e7al\u0131\u015fman\u0131n \u00fcr\u00fcn\u00fcd\u00fcr. Ortado\u011fu \u00e7al\u0131\u015fmalar\u0131, tarih, siyaset bilimi ve antropoloji alanlar\u0131nda \u00e7al\u0131\u015fma y\u00fcr\u00fctenlerin yan\u0131 s\u0131ra b\u00f6lgedeki sava\u015flar ve \u00e7at\u0131\u015fmalarla ilgilenen genel okuyucuya da hitap eden bir kitap olma \u00f6zelli\u011fini ta\u015f\u0131maktad\u0131r.   <\/p>\n","protected":false},"excerpt":{"rendered":"<p>M\u00fclks\u00fczle\u015ftirme ve zorunlu g\u00f6\u00e7, Ortado\u011fu\u2019da ge\u00e7mi\u015ften g\u00fcn\u00fcm\u00fcze b\u00f6lgedeki ya\u015fam\u0131n \u00f6nemli unsurlar\u0131ndan birisi olmaya devam etmektedir. DawnChatty\u2019nin elinizdeki kitab\u0131, yirminci y\u00fczy\u0131l\u0131n ba\u015f\u0131nda bir sava\u015f\u0131n k\u00fcllerinden ve Osmanl\u0131<span class=\"excerpt-hellip\"> [\u2026]<\/span><\/p>\n","protected":false},"featured_media":0,"template":"","meta":{"_monsterinsights_skip_tracking":false,"_monsterinsights_sitenote_active":false,"_monsterinsights_sitenote_note":"","_monsterinsights_sitenote_category":0},"product_brand":[],"product_cat":[12312,12304],"product_tag":[],"class_list":{"0":"post-720251","1":"product","2":"type-product","3":"status-publish","5":"product_cat-diger","6":"product_cat-tarih","7":"pa_cilt-ciltsiz","8":"pa_tur-kitap","9":"pa_yayinevi-koyusiyah-kitap","10":"pa_yazar-dawn-chatty","12":"first","13":"instock","14":"sale","15":"shipping-taxable","16":"purchasable","17":"product-type-simple"},"_links":{"self":[{"href":"https:\/\/roveyayinevi.com.tr\/index.php\/wp-json\/wp\/v2\/product\/720251","targetHints":{"allow":["GET"]}}],"collection":[{"href":"https:\/\/roveyayinevi.com.tr\/index.php\/wp-json\/wp\/v2\/product"}],"about":[{"href":"https:\/\/roveyayinevi.com.tr\/index.php\/wp-json\/wp\/v2\/types\/product"}],"wp:attachment":[{"href":"https:\/\/roveyayinevi.com.tr\/index.php\/wp-json\/wp\/v2\/media?parent=720251"}],"wp:term":[{"taxonomy":"product_brand","embeddable":true,"href":"https:\/\/roveyayinevi.com.tr\/index.php\/wp-json\/wp\/v2\/product_brand?post=720251"},{"taxonomy":"product_cat","embeddable":true,"href":"https:\/\/roveyayinevi.com.tr\/index.php\/wp-json\/wp\/v2\/product_cat?post=720251"},{"taxonomy":"product_tag","embeddable":true,"href":"https:\/\/roveyayinevi.com.tr\/index.php\/wp-json\/wp\/v2\/product_tag?post=720251"}],"curies":[{"name":"wp","href":"https:\/\/api.w.org\/{rel}","templated":true}]}}