{"id":720248,"date":"2025-08-27T18:33:43","date_gmt":"2025-08-27T15:33:43","guid":{"rendered":"https:\/\/roveyayinevi.com.tr\/index.php\/urun\/bahcede-ters-giden-bir-sey-var\/"},"modified":"2026-04-16T02:28:03","modified_gmt":"2026-04-15T23:28:03","slug":"bahcede-ters-giden-bir-sey-var","status":"publish","type":"product","link":"https:\/\/roveyayinevi.com.tr\/index.php\/urun\/bahcede-ters-giden-bir-sey-var\/","title":{"rendered":"Bah\u00e7ede Ters Giden Bir \u015eey Var"},"content":{"rendered":"<p>Hayata bir de tersinden bak!Yazar, \u00e7izgi film senaristi ve hik\u00e2ye anlat\u0131c\u0131s\u0131 kimliklerinin yan\u0131 s\u0131ra tutkulu bir do\u011fa ve ya\u015fam savunucusu olan Beyza Aky\u00fcz\u2019\u00fcn, \u00e7ocukluk an\u0131lar\u0131ndan esinlenerek kaleme ald\u0131\u011f\u0131 Bah\u00e7ede Ters Giden Bir \u015eey Var, k\u0131p\u0131r k\u0131p\u0131r hik\u00e2yesi ve f\u0131k\u0131r f\u0131k\u0131r kahramanlar\u0131yla, g\u00fcnce tad\u0131nda okunacak, s\u0131cac\u0131k bir roman.Hayata bir de tersinden bakmak isteyen dokuz ya\u015f ve \u00fczeri \u00e7ocuklar ile y\u00fcre\u011findeki \u00e7ocu\u011fun sesini hi\u00e7 yitirmeyen delidolu yeti\u015fkinlerin, k\u00e2h g\u00fclerek k\u00e2h h\u00fcz\u00fcnlenerek okuyacaklar\u0131 bu naif kitap, do\u011fadaki s\u00fcrekli devinimi ve de\u011fi\u015fimi ger\u00e7ek\u00fcst\u00fc bir boyuta ta\u015f\u0131yarak, do\u011fru bildi\u011fimiz her \u015feyi tepetaklak ediyor.Envai\u00e7e\u015fit b\u00f6rt\u00fc b\u00f6ce\u011fe ve ye\u015filin bin bir tonuna ev sahipli\u011fi yapan \u2018s\u0131radan\u2019 bir bah\u00e7eyi, s\u0131n\u0131rs\u0131z hayal g\u00fcc\u00fc, az\u0131c\u0131k ser\u00fcven ve bir tutam da sihir ekleyerek cennetten bir k\u00f6\u015feye d\u00f6n\u00fc\u015ft\u00fcren yazar, g\u00fcn\u00fcm\u00fcz\u00fcn do\u011fadan kopuk kentli \u00e7ocuklar\u0131na, benzersiz bir do\u011fal ya\u015fam deneyimi vadediyor.Afacan kuzenler Misket ve Gazoz, s\u0131ra d\u0131\u015f\u0131 dostlar\u0131 B\u00f6cek Tepetaklak ile birlikte bir yaz daha aile yadig\u00e2r\u0131 bah\u00e7elerinin alt\u0131n\u0131 \u00fcst\u00fcne getirmeye kararl\u0131d\u0131r. Serde g\u00f6z\u00fc peklik ve az biraz da merakl\u0131l\u0131k olunca, ayaklar\u0131ndaki \u00e7amur daha kurumadan bir maceradan \u00f6tekine z\u0131playan k\u0131zlar, \u00e7ok ge\u00e7meden bah\u00e7ede ters giden baz\u0131 \u015feylerin fark\u0131na var\u0131rlar. G\u00f6k g\u00f6zl\u00fc kad\u0131n\u0131n bavulundaki hazine, Sakall\u0131 Kaya\u2019n\u0131n davetsiz gece misafirleri derken k\u00fc\u00e7\u00fck kalplerini h\u0131zl\u0131 h\u0131zl\u0131 att\u0131racak nice heyecanl\u0131 olaya kar\u0131\u015f\u0131rlar. Neyse ki sa\u011fduyular\u0131 ve bilge dostlar\u0131 her daim yanlar\u0131ndad\u0131r. \u0130kilinin, tatil boyunca hayattan \u00f6\u011frenecekleri \u00e7ok \u015fey vard\u0131r. Ama en \u00e7ok da B\u00f6cek Tepetaklak\u2019tan\u2026Okurlar\u0131n\u0131, 90\u2019l\u0131 y\u0131llar\u0131n teknolojiden uzak, uzun ve sakin yaz tatillerine g\u00f6t\u00fcren bu ne\u015feli kitap, b\u00fclb\u00fcller \u00f6tmeden dutlar\u0131n olgunla\u015fmad\u0131\u011f\u0131, gece treninin d\u00fcd\u00fc\u011f\u00fc duyulmadan uykuya dal\u0131nmad\u0131\u011f\u0131 bir k\u0131r ya\u015fant\u0131s\u0131 resmederek, herkesi do\u011fan\u0131n diline kulak vermeye ve do\u011fal olan\u0131 kucaklamaya davet ediyor.B\u00f6cek Tepetaklak\u2019\u0131n k\u0131lavuzlu\u011funda hayata tersinden bakman\u0131n g\u00fczelliklerini ke\u015ffettiren Bah\u00e7ede Ters Giden Bir \u015eey Var, keyifli anlat\u0131m\u0131n\u0131n sat\u0131r aralar\u0131nda \u00f6nemli konulara de\u011finerek uzun uzun d\u00fc\u015f\u00fcnd\u00fcr\u00fcyor.Sahi, herkes d\u00fcz giderken neden bazen ters gitmemiz gerekir, hi\u00e7 d\u00fc\u015f\u00fcnd\u00fcn\u00fcz m\u00fc?..<\/p>\n","protected":false},"excerpt":{"rendered":"<p>Hayata bir de tersinden bak!Yazar, \u00e7izgi film senaristi ve hik\u00e2ye anlat\u0131c\u0131s\u0131 kimliklerinin yan\u0131 s\u0131ra tutkulu bir do\u011fa ve ya\u015fam savunucusu olan Beyza Aky\u00fcz\u2019\u00fcn, \u00e7ocukluk an\u0131lar\u0131ndan esinlenerek<span class=\"excerpt-hellip\"> [\u2026]<\/span><\/p>\n","protected":false},"featured_media":0,"template":"","meta":{"_monsterinsights_skip_tracking":false,"_monsterinsights_sitenote_active":false,"_monsterinsights_sitenote_note":"","_monsterinsights_sitenote_category":0},"product_brand":[],"product_cat":[12274,12284],"product_tag":[],"class_list":{"0":"post-720248","1":"product","2":"type-product","3":"status-publish","5":"product_cat-cocuk-ve-genclik-kitaplari","6":"product_cat-hikayeler","7":"pa_cilt-ciltsiz","8":"pa_tur-kitap","9":"pa_yayinevi-tudem-yayinlari","10":"pa_yazar-beyza-akyuz","12":"first","13":"instock","14":"sale","15":"shipping-taxable","16":"purchasable","17":"product-type-simple"},"_links":{"self":[{"href":"https:\/\/roveyayinevi.com.tr\/index.php\/wp-json\/wp\/v2\/product\/720248","targetHints":{"allow":["GET"]}}],"collection":[{"href":"https:\/\/roveyayinevi.com.tr\/index.php\/wp-json\/wp\/v2\/product"}],"about":[{"href":"https:\/\/roveyayinevi.com.tr\/index.php\/wp-json\/wp\/v2\/types\/product"}],"wp:attachment":[{"href":"https:\/\/roveyayinevi.com.tr\/index.php\/wp-json\/wp\/v2\/media?parent=720248"}],"wp:term":[{"taxonomy":"product_brand","embeddable":true,"href":"https:\/\/roveyayinevi.com.tr\/index.php\/wp-json\/wp\/v2\/product_brand?post=720248"},{"taxonomy":"product_cat","embeddable":true,"href":"https:\/\/roveyayinevi.com.tr\/index.php\/wp-json\/wp\/v2\/product_cat?post=720248"},{"taxonomy":"product_tag","embeddable":true,"href":"https:\/\/roveyayinevi.com.tr\/index.php\/wp-json\/wp\/v2\/product_tag?post=720248"}],"curies":[{"name":"wp","href":"https:\/\/api.w.org\/{rel}","templated":true}]}}