{"id":720247,"date":"2025-08-27T18:33:42","date_gmt":"2025-08-27T15:33:42","guid":{"rendered":"https:\/\/roveyayinevi.com.tr\/index.php\/urun\/gecmisi-kullanma-kilavuzu\/"},"modified":"2025-11-21T05:33:59","modified_gmt":"2025-11-21T02:33:59","slug":"gecmisi-kullanma-kilavuzu","status":"publish","type":"product","link":"https:\/\/roveyayinevi.com.tr\/index.php\/urun\/gecmisi-kullanma-kilavuzu\/","title":{"rendered":"Ge\u00e7mi\u015fi Kullanma K\u0131lavuzu"},"content":{"rendered":"<p>Bellek hakk\u0131 ve talebi g\u00fcn\u00fcm\u00fcz\u00fcn pek \u00e7ok siyasal m\u00fccadelesinde art\u0131k ba\u015frolde yer al\u0131yor. 20. y\u00fczy\u0131l\u0131n sava\u015flar\u0131n\u0131n, diktat\u00f6rl\u00fcklerinin, bask\u0131 rejimlerinin kurbanlar\u0131 hakikati dile getirmek i\u00e7in ses y\u00fck seltiyor, tarihi sorguluyor, tahakk\u00fcm\u00fc lanetliyor ve adalet talep ediyorlar. \u00d6te yandan belle\u011fin politik g\u00fc\u00e7ler taraf\u0131ndan kullan\u0131lmaya elveri\u015fli ve mu\u011flak niteli\u011fiyle zoru ve bask\u0131y\u0131, hatta mevcut d\u00fczeni me\u015frula\u015ft\u0131rmak i\u00e7in \u00f6ne s\u00fcr\u00fclmesi nadir rastlanan bir olgu de\u011fil. Bellek, direni\u015fin ve hakl\u0131 bir m\u00fccadelenin anahtar\u0131 da olabiliyor, bizzat tahakk\u00fcm\u00fcn bi\u00e7im de\u011fi\u015ftirerek s\u00fcrmesine zemin haz\u0131rlayacak bi\u00e7imde k\u00f6t\u00fcye de kullan\u0131labiliyor. \u00d6yle ki Avrupa, soyk\u0131r\u0131m belle\u011fi \u00fczerine yap\u0131lan say\u0131s\u0131z tart\u0131\u015fman\u0131n ortas\u0131nda s\u00f6m\u00fcrgeci ge\u00e7mi\u015f s\u00f6z konusu oldu\u011funda suskun kalabiliyor, totalitarizmin hayaleti liberal d\u00fczenin me\u015frula\u015ft\u0131r\u0131lmas\u0131na yard\u0131m edebiliyor. O halde tarihi bir \u00e7\u0131rp\u0131da elimizin tersiyle itip yerine belle\u011fi tek ve ger\u00e7ek hakikat olarak koymak ne kadar do\u011fru? Ge\u00e7mi\u015fi Kullanma K\u0131lavuzu, t\u00fcm d\u00fcnyada y\u00fckselen bellek ve hakikat taleplerine kulak verirken onun k\u00f6t\u00fcye kullan\u0131mlar\u0131na, ge\u00e7mi\u015fin \u201cbellek turizminin\u201d konusu haline getirilmesine kar\u015f\u0131 bizleri uyar\u0131yor ve uzun s\u00fcre kapanmayacak bir tart\u0131\u015fmay\u0131 ayd\u0131nlatmak i\u00e7in bizleri hem ge\u00e7mi\u015fe hem de bug\u00fcne dair bir sorgulamaya davet ediyor.<\/p>\n","protected":false},"excerpt":{"rendered":"<p>Bellek hakk\u0131 ve talebi g\u00fcn\u00fcm\u00fcz\u00fcn pek \u00e7ok siyasal m\u00fccadelesinde art\u0131k ba\u015frolde yer al\u0131yor. 20. y\u00fczy\u0131l\u0131n sava\u015flar\u0131n\u0131n, diktat\u00f6rl\u00fcklerinin, bask\u0131 rejimlerinin kurbanlar\u0131 hakikati dile getirmek i\u00e7in ses y\u00fck<span class=\"excerpt-hellip\"> [\u2026]<\/span><\/p>\n","protected":false},"featured_media":0,"template":"","meta":{"_monsterinsights_skip_tracking":false,"_monsterinsights_sitenote_active":false,"_monsterinsights_sitenote_note":"","_monsterinsights_sitenote_category":0},"product_brand":[],"product_cat":[12370,12304],"product_tag":[],"class_list":{"0":"post-720247","1":"product","2":"type-product","3":"status-publish","5":"product_cat-arastirma-inceleme","6":"product_cat-tarih","7":"pa_cilt-ciltsiz","8":"pa_tur-kitap","9":"pa_yayinevi-iletisim-yayinlari","10":"pa_yazar-enzo-traverso","12":"first","13":"instock","14":"sale","15":"shipping-taxable","16":"purchasable","17":"product-type-simple"},"_links":{"self":[{"href":"https:\/\/roveyayinevi.com.tr\/index.php\/wp-json\/wp\/v2\/product\/720247","targetHints":{"allow":["GET"]}}],"collection":[{"href":"https:\/\/roveyayinevi.com.tr\/index.php\/wp-json\/wp\/v2\/product"}],"about":[{"href":"https:\/\/roveyayinevi.com.tr\/index.php\/wp-json\/wp\/v2\/types\/product"}],"wp:attachment":[{"href":"https:\/\/roveyayinevi.com.tr\/index.php\/wp-json\/wp\/v2\/media?parent=720247"}],"wp:term":[{"taxonomy":"product_brand","embeddable":true,"href":"https:\/\/roveyayinevi.com.tr\/index.php\/wp-json\/wp\/v2\/product_brand?post=720247"},{"taxonomy":"product_cat","embeddable":true,"href":"https:\/\/roveyayinevi.com.tr\/index.php\/wp-json\/wp\/v2\/product_cat?post=720247"},{"taxonomy":"product_tag","embeddable":true,"href":"https:\/\/roveyayinevi.com.tr\/index.php\/wp-json\/wp\/v2\/product_tag?post=720247"}],"curies":[{"name":"wp","href":"https:\/\/api.w.org\/{rel}","templated":true}]}}