{"id":720246,"date":"2025-08-27T18:33:41","date_gmt":"2025-08-27T15:33:41","guid":{"rendered":"https:\/\/roveyayinevi.com.tr\/index.php\/urun\/yaraticilik-kurallari\/"},"modified":"2026-04-16T02:28:03","modified_gmt":"2026-04-15T23:28:03","slug":"yaraticilik-kurallari","status":"publish","type":"product","link":"https:\/\/roveyayinevi.com.tr\/index.php\/urun\/yaraticilik-kurallari\/","title":{"rendered":"Yarat\u0131c\u0131l\u0131k Kurallar\u0131"},"content":{"rendered":"<p>Hayallerinizi Ger\u00e7e\u011fe Nas\u0131l D\u00f6n\u00fc\u015ft\u00fcrebilirsiniz? Yarat\u0131c\u0131l\u0131k, tesad\u00fcflere ba\u011fl\u0131 de\u011fil, spesifik kurallar i\u00e7inde akan bir s\u00fcre\u00e7tir. Stanford \u00dcniversitesi profes\u00f6r\u00fc Tina Seelig\u2019in on be\u015f y\u0131ld\u0131r verdi\u011fi yarat\u0131c\u0131l\u0131k kursu ABD\u2019de \u00e7ok pop\u00fclerdir. \u00d6zellikle giri\u015fimci olmay\u0131 hayal eden gen\u00e7 \u00fcniversite mezunlar\u0131 mutlaka bu kursu almaya \u00e7al\u0131\u015f\u0131rlar. \u0130lgi ve talep yo\u011fun olunca bu kursun yaz\u0131ya d\u00f6k\u00fclmesi gerekti ve b\u00f6ylece elinizdeki kitap ortaya \u00e7\u0131kt\u0131. Prof. Seelig giri\u015fimci ruhlar\u0131n nas\u0131l yarat\u0131c\u0131 bir \u015fekilde serbest b\u0131rak\u0131laca\u011f\u0131n\u0131 anlat\u0131rken fikirleri ger\u00e7e\u011fe d\u00f6n\u00fc\u015ft\u00fcrmek i\u00e7in ilham ve rehberlik sunan bir bilgeli\u011fi payla\u015f\u0131yor. En az \u015feyle en \u00e7ok \u015fey ger\u00e7ekle\u015ftirmek i\u00e7in Bulu\u015f D\u00f6ng\u00fcs\u00fc&#8217;n\u00fcn d\u00f6rt a\u015famas\u0131n\u0131 ve bu a\u015famalarda ne yapmak ve nas\u0131l hareket etmek gerekti\u011fini iyi kavramak gerekir; \u00e7\u00fcnk\u00fc: Hayal g\u00fcc\u00fc, aktif kat\u0131l\u0131m ve alternatifleri zihinde canland\u0131rma gerektirir. Yarat\u0131c\u0131l\u0131k, sorunlar\u0131 ele almak i\u00e7in motivasyon ve deneme gerektirir. \u0130novasyon, benzersiz \u00e7\u00f6z\u00fcmler \u00fcretmek i\u00e7in odaklanma ve yeni bir \u00e7er\u00e7eveden bak\u0131\u015f gerektirir. Giri\u015fimcilik, kararl\u0131l\u0131k ve ba\u015fkalar\u0131na ilham verme kabiliyeti gerektirir. Hayalleriniz varsa, bunlar\u0131 ger\u00e7e\u011fe d\u00f6n\u00fc\u015ft\u00fcrmek i\u00e7in yeterli enerji ve motivasyona sahipseniz, yeni ve benzersiz \u00e7\u00f6z\u00fcm yollar\u0131 bulmak konusunda iddial\u0131 ve kararl\u0131ysan\u0131z, bu kitap size iyi bir rehber olacakt\u0131r.<\/p>\n","protected":false},"excerpt":{"rendered":"<p>Hayallerinizi Ger\u00e7e\u011fe Nas\u0131l D\u00f6n\u00fc\u015ft\u00fcrebilirsiniz? Yarat\u0131c\u0131l\u0131k, tesad\u00fcflere ba\u011fl\u0131 de\u011fil, spesifik kurallar i\u00e7inde akan bir s\u00fcre\u00e7tir. Stanford \u00dcniversitesi profes\u00f6r\u00fc Tina Seelig\u2019in on be\u015f y\u0131ld\u0131r verdi\u011fi yarat\u0131c\u0131l\u0131k kursu ABD\u2019de<span class=\"excerpt-hellip\"> [\u2026]<\/span><\/p>\n","protected":false},"featured_media":0,"template":"","meta":{"_monsterinsights_skip_tracking":false,"_monsterinsights_sitenote_active":false,"_monsterinsights_sitenote_note":"","_monsterinsights_sitenote_category":0},"product_brand":[],"product_cat":[12364,12376],"product_tag":[],"class_list":{"0":"post-720246","1":"product","2":"type-product","3":"status-publish","5":"product_cat-genel-konular","6":"product_cat-kisisel-gelisim","7":"pa_cilt-ciltsiz","8":"pa_tur-kitap","9":"pa_yayinevi-kuraldisi-yayinevi","10":"pa_yazar-tina-seelig","12":"first","13":"instock","14":"sale","15":"shipping-taxable","16":"purchasable","17":"product-type-simple"},"_links":{"self":[{"href":"https:\/\/roveyayinevi.com.tr\/index.php\/wp-json\/wp\/v2\/product\/720246","targetHints":{"allow":["GET"]}}],"collection":[{"href":"https:\/\/roveyayinevi.com.tr\/index.php\/wp-json\/wp\/v2\/product"}],"about":[{"href":"https:\/\/roveyayinevi.com.tr\/index.php\/wp-json\/wp\/v2\/types\/product"}],"wp:attachment":[{"href":"https:\/\/roveyayinevi.com.tr\/index.php\/wp-json\/wp\/v2\/media?parent=720246"}],"wp:term":[{"taxonomy":"product_brand","embeddable":true,"href":"https:\/\/roveyayinevi.com.tr\/index.php\/wp-json\/wp\/v2\/product_brand?post=720246"},{"taxonomy":"product_cat","embeddable":true,"href":"https:\/\/roveyayinevi.com.tr\/index.php\/wp-json\/wp\/v2\/product_cat?post=720246"},{"taxonomy":"product_tag","embeddable":true,"href":"https:\/\/roveyayinevi.com.tr\/index.php\/wp-json\/wp\/v2\/product_tag?post=720246"}],"curies":[{"name":"wp","href":"https:\/\/api.w.org\/{rel}","templated":true}]}}