{"id":720244,"date":"2025-08-27T18:33:40","date_gmt":"2025-08-27T15:33:40","guid":{"rendered":"https:\/\/roveyayinevi.com.tr\/index.php\/urun\/milyarlarca-ve-milyarlarca\/"},"modified":"2026-04-16T02:28:03","modified_gmt":"2026-04-15T23:28:03","slug":"milyarlarca-ve-milyarlarca","status":"publish","type":"product","link":"https:\/\/roveyayinevi.com.tr\/index.php\/urun\/milyarlarca-ve-milyarlarca\/","title":{"rendered":"Milyarlarca ve Milyarlarca"},"content":{"rendered":"<p>Hayat\u0131n\u0131 bilime ve bilimi sevdirmeye adam\u0131\u015f usta bilimci Carl Sagan bu son kitab\u0131nda, bir \u00f6mu\u0308r boyu dam\u0131tt\u0131\u011f\u0131 bilgeli\u011fiyle ya\u015fama, du\u0308nyaya ve bizi ku\u015fatan evrene dair yak\u0131c\u0131 sorulara yan\u0131t ar\u0131yor. Gelecek yu\u0308zy\u0131l\u0131n insan\u0131n \u00f6nu\u0308ne \u00e7\u0131karaca\u011f\u0131 gu\u0308\u00e7lu\u0308klerle mu\u0308cadele edebilmek i\u00e7in bilim ve \u015fefkatin nas\u0131l kayna\u015ft\u0131r\u0131laca\u011f\u0131 meselesini eksene alarak, ba\u015fta ya\u015fam, sevgi, \u00f6lu\u0308m, tanr\u0131 kavramlar\u0131 olmak u\u0308zere kozmosun s\u0131n\u0131rlar\u0131ndan insan zihninin derinliklerine kadar uzanan \u00e7ok geni\u015f bir alanda pek \u00e7ok konuya de\u011finiyor. Bir kez daha okumak isteyece\u011finiz tu\u0308rden bir kitap\u2026   \u201cCarl Sagan \u015f\u00f6hret \u0131\u015f\u0131klar\u0131n\u0131 cehalet, a\u00e7g\u00f6zlu\u0308lu\u0308k ve iktidar h\u0131rs\u0131n\u0131n bizi i\u00e7ine yuvarlayabilece\u011fi u\u00e7urumun ne denli derin oldu\u011funu ayd\u0131nlatmak i\u00e7in kullan\u0131yor.\u201d The Washington Post c<\/p>\n","protected":false},"excerpt":{"rendered":"<p>Hayat\u0131n\u0131 bilime ve bilimi sevdirmeye adam\u0131\u015f usta bilimci Carl Sagan bu son kitab\u0131nda, bir \u00f6mu\u0308r boyu dam\u0131tt\u0131\u011f\u0131 bilgeli\u011fiyle ya\u015fama, du\u0308nyaya ve bizi ku\u015fatan evrene dair yak\u0131c\u0131<span class=\"excerpt-hellip\"> [\u2026]<\/span><\/p>\n","protected":false},"featured_media":0,"template":"","meta":{"_monsterinsights_skip_tracking":false,"_monsterinsights_sitenote_active":false,"_monsterinsights_sitenote_note":"","_monsterinsights_sitenote_category":0},"product_brand":[],"product_cat":[13005,37328],"product_tag":[],"class_list":{"0":"post-720244","1":"product","2":"type-product","3":"status-publish","5":"product_cat-bilim-muhendislik","6":"product_cat-diger-bilim-muhendislik","7":"pa_cilt-ciltsiz","8":"pa_tur-kitap","9":"pa_yayinevi-say-yayinlari","10":"pa_yazar-carl-sagan","12":"first","13":"instock","14":"sale","15":"shipping-taxable","16":"purchasable","17":"product-type-simple"},"_links":{"self":[{"href":"https:\/\/roveyayinevi.com.tr\/index.php\/wp-json\/wp\/v2\/product\/720244","targetHints":{"allow":["GET"]}}],"collection":[{"href":"https:\/\/roveyayinevi.com.tr\/index.php\/wp-json\/wp\/v2\/product"}],"about":[{"href":"https:\/\/roveyayinevi.com.tr\/index.php\/wp-json\/wp\/v2\/types\/product"}],"wp:attachment":[{"href":"https:\/\/roveyayinevi.com.tr\/index.php\/wp-json\/wp\/v2\/media?parent=720244"}],"wp:term":[{"taxonomy":"product_brand","embeddable":true,"href":"https:\/\/roveyayinevi.com.tr\/index.php\/wp-json\/wp\/v2\/product_brand?post=720244"},{"taxonomy":"product_cat","embeddable":true,"href":"https:\/\/roveyayinevi.com.tr\/index.php\/wp-json\/wp\/v2\/product_cat?post=720244"},{"taxonomy":"product_tag","embeddable":true,"href":"https:\/\/roveyayinevi.com.tr\/index.php\/wp-json\/wp\/v2\/product_tag?post=720244"}],"curies":[{"name":"wp","href":"https:\/\/api.w.org\/{rel}","templated":true}]}}