{"id":720243,"date":"2025-08-27T18:33:40","date_gmt":"2025-08-27T15:33:40","guid":{"rendered":"https:\/\/roveyayinevi.com.tr\/index.php\/urun\/erken-cocuklukta-egitim-programlari-ve-uygulamalar\/"},"modified":"2026-04-16T02:28:03","modified_gmt":"2026-04-15T23:28:03","slug":"erken-cocuklukta-egitim-programlari-ve-uygulamalar","status":"publish","type":"product","link":"https:\/\/roveyayinevi.com.tr\/index.php\/urun\/erken-cocuklukta-egitim-programlari-ve-uygulamalar\/","title":{"rendered":"Erken \u00c7ocuklukta E\u011fitim Programlar\u0131 ve Uygulamalar"},"content":{"rendered":"<p>Bu kitap, erken \u00e7ocukluk e\u011fitiminin temel konular\u0131ndan olan program\u0131n uygulanmas\u0131, ailelerin etkin kat\u0131l\u0131mlar\u0131, e\u011fitim ortamlar\u0131n\u0131n d\u00fczenlenmesi, e\u011fitim materyallerinin \u00f6zellikleri ve se\u00e7imi, \u00f6\u011frenme s\u00fcre\u00e7lerinin olu\u015fturulmas\u0131 ve farkl\u0131 y\u00f6ntem ve tekniklerle uygulanmas\u0131 konular\u0131n\u0131 bir b\u00fct\u00fcnl\u00fck i\u00e7inde, \u00f6rnek \u00e7al\u0131\u015fmalarla vermeyi ama\u00e7lam\u0131\u015ft\u0131r. Kitab\u0131n temel \u00f6zelli\u011fi, erken \u00e7ocukluk e\u011fitim program\u0131n\u0131n \u00f6zelliklerini ve uygulama esaslar\u0131n\u0131 vermenin yan\u0131 s\u0131ra, uygulamalar\u0131n yap\u0131l\u0131\u015f bi\u00e7imleri, dikkat edilmesi gereken noktalar\u0131 vurgulamas\u0131, farkl\u0131 y\u00f6ntem ve tekniklerle \u00f6\u011frenme s\u00fcrecinin geli\u015ftirilmesini desteklemesidir.<\/p>\n","protected":false},"excerpt":{"rendered":"<p>Bu kitap, erken \u00e7ocukluk e\u011fitiminin temel konular\u0131ndan olan program\u0131n uygulanmas\u0131, ailelerin etkin kat\u0131l\u0131mlar\u0131, e\u011fitim ortamlar\u0131n\u0131n d\u00fczenlenmesi, e\u011fitim materyallerinin \u00f6zellikleri ve se\u00e7imi, \u00f6\u011frenme s\u00fcre\u00e7lerinin olu\u015fturulmas\u0131 ve farkl\u0131<span class=\"excerpt-hellip\"> [\u2026]<\/span><\/p>\n","protected":false},"featured_media":0,"template":"","meta":{"_monsterinsights_skip_tracking":false,"_monsterinsights_sitenote_active":false,"_monsterinsights_sitenote_note":"","_monsterinsights_sitenote_category":0},"product_brand":[],"product_cat":[12573,12566],"product_tag":[],"class_list":{"0":"post-720243","1":"product","2":"type-product","3":"status-publish","5":"product_cat-akademik-kitaplar","6":"product_cat-egitim","7":"pa_cilt-ciltsiz","8":"pa_tur-kitap","9":"pa_yayinevi-ani-yayincilik","10":"pa_yazar-ani-yayincilik-kolektif","12":"first","13":"instock","14":"sale","15":"shipping-taxable","16":"purchasable","17":"product-type-simple"},"_links":{"self":[{"href":"https:\/\/roveyayinevi.com.tr\/index.php\/wp-json\/wp\/v2\/product\/720243","targetHints":{"allow":["GET"]}}],"collection":[{"href":"https:\/\/roveyayinevi.com.tr\/index.php\/wp-json\/wp\/v2\/product"}],"about":[{"href":"https:\/\/roveyayinevi.com.tr\/index.php\/wp-json\/wp\/v2\/types\/product"}],"wp:attachment":[{"href":"https:\/\/roveyayinevi.com.tr\/index.php\/wp-json\/wp\/v2\/media?parent=720243"}],"wp:term":[{"taxonomy":"product_brand","embeddable":true,"href":"https:\/\/roveyayinevi.com.tr\/index.php\/wp-json\/wp\/v2\/product_brand?post=720243"},{"taxonomy":"product_cat","embeddable":true,"href":"https:\/\/roveyayinevi.com.tr\/index.php\/wp-json\/wp\/v2\/product_cat?post=720243"},{"taxonomy":"product_tag","embeddable":true,"href":"https:\/\/roveyayinevi.com.tr\/index.php\/wp-json\/wp\/v2\/product_tag?post=720243"}],"curies":[{"name":"wp","href":"https:\/\/api.w.org\/{rel}","templated":true}]}}