{"id":720242,"date":"2025-08-27T18:33:39","date_gmt":"2025-08-27T15:33:39","guid":{"rendered":"https:\/\/roveyayinevi.com.tr\/index.php\/urun\/yonetim-ve\/"},"modified":"2026-04-16T02:28:03","modified_gmt":"2026-04-15T23:28:03","slug":"yonetim-ve","status":"publish","type":"product","link":"https:\/\/roveyayinevi.com.tr\/index.php\/urun\/yonetim-ve\/","title":{"rendered":"Y\u00f6netim Ve &#8230;"},"content":{"rendered":"<p>\u0130\u00e7indekiler   1.Y\u00f6netim ve E\u011fitim 2.Y\u00f6netim ve Ekoloji 3.Y\u00f6netim ve Etik 4.Y\u00f6netim ve G\u00f6\u00e7 5.Y\u00f6netim ve G\u00fcvenlik 6.Y\u00f6netim ve Halkla \u0130li\u015fkiler 7.Y\u00f6netim ve Hukuk 8.Y\u00f6netim ve \u0130nsan Kaynaklar\u0131 9. Y\u00f6netim ve \u0130\u015fletme 10.Y\u00f6netim ve Kamu Y\u00f6netimi 11.Y\u00f6netim ve Kent 12.Y\u00f6netim ve Kriz\/Afet Y\u00f6netimi 13.Y\u00f6netim ve Psikoloji 14.Y\u00f6netim ve Reform 15.Y\u00f6netim ve Sa\u011fl\u0131k 16.Y\u00f6netim ve Sistem 17.Y\u00f6netim ve Siyaset 18.Y\u00f6netim ve Sosyoloji 19.Y\u00f6netim ve Sosyoloji 20.Y\u00f6netim ve Yerel Y\u00f6netim<\/p>\n","protected":false},"excerpt":{"rendered":"<p>\u0130\u00e7indekiler 1.Y\u00f6netim ve E\u011fitim 2.Y\u00f6netim ve Ekoloji 3.Y\u00f6netim ve Etik 4.Y\u00f6netim ve G\u00f6\u00e7 5.Y\u00f6netim ve G\u00fcvenlik 6.Y\u00f6netim ve Halkla \u0130li\u015fkiler 7.Y\u00f6netim ve Hukuk 8.Y\u00f6netim ve \u0130nsan<span class=\"excerpt-hellip\"> [\u2026]<\/span><\/p>\n","protected":false},"featured_media":0,"template":"","meta":{"_monsterinsights_skip_tracking":false,"_monsterinsights_sitenote_active":false,"_monsterinsights_sitenote_note":"","_monsterinsights_sitenote_category":0},"product_brand":[],"product_cat":[20333,13043],"product_tag":[],"class_list":{"0":"post-720242","1":"product","2":"type-product","3":"status-publish","5":"product_cat-diger-ekonomi","6":"product_cat-ekonomi","7":"pa_cilt-ciltsiz","8":"pa_tur-kitap","9":"pa_yayinevi-gazi-kitabevi","10":"pa_yazar-m-akif-ozer","12":"first","13":"instock","14":"sale","15":"shipping-taxable","16":"purchasable","17":"product-type-simple"},"_links":{"self":[{"href":"https:\/\/roveyayinevi.com.tr\/index.php\/wp-json\/wp\/v2\/product\/720242","targetHints":{"allow":["GET"]}}],"collection":[{"href":"https:\/\/roveyayinevi.com.tr\/index.php\/wp-json\/wp\/v2\/product"}],"about":[{"href":"https:\/\/roveyayinevi.com.tr\/index.php\/wp-json\/wp\/v2\/types\/product"}],"wp:attachment":[{"href":"https:\/\/roveyayinevi.com.tr\/index.php\/wp-json\/wp\/v2\/media?parent=720242"}],"wp:term":[{"taxonomy":"product_brand","embeddable":true,"href":"https:\/\/roveyayinevi.com.tr\/index.php\/wp-json\/wp\/v2\/product_brand?post=720242"},{"taxonomy":"product_cat","embeddable":true,"href":"https:\/\/roveyayinevi.com.tr\/index.php\/wp-json\/wp\/v2\/product_cat?post=720242"},{"taxonomy":"product_tag","embeddable":true,"href":"https:\/\/roveyayinevi.com.tr\/index.php\/wp-json\/wp\/v2\/product_tag?post=720242"}],"curies":[{"name":"wp","href":"https:\/\/api.w.org\/{rel}","templated":true}]}}