{"id":720240,"date":"2025-08-27T18:33:38","date_gmt":"2025-08-27T15:33:38","guid":{"rendered":"https:\/\/roveyayinevi.com.tr\/index.php\/urun\/daisy-miller-3\/"},"modified":"2026-04-07T02:36:26","modified_gmt":"2026-04-06T23:36:26","slug":"daisy-miller-3","status":"publish","type":"product","link":"https:\/\/roveyayinevi.com.tr\/index.php\/urun\/daisy-miller-3\/","title":{"rendered":"Daisy Miller"},"content":{"rendered":"<p>\u201cHi\u00e7bir zaman bir erke\u011fin beni kontrol etmesine ya da yapt\u0131\u011f\u0131m herhangi bir \u015feye kar\u0131\u015fmas\u0131na m\u00fcsaade etmedim.\u201dDaisy Miller, g\u00fcn\u00fcm\u00fczde bile g\u00f6ze batabilecek \u00f6zg\u00fcr bir gen\u00e7 k\u0131zd\u0131r. Ailesiyle beraber Avrupa\u2019da seyahat ederken yine kendisi gibi Amerikal\u0131 olan anlat\u0131c\u0131m\u0131z Winterbourne ile tan\u0131\u015f\u0131r. H\u00e2l ve tav\u0131rlar\u0131, dayatmalara kulak asmay\u0131\u015f\u0131 ve sadece kendi arzular\u0131n\u0131 \u00f6n planda tutu\u015fuyla, kendini modern g\u00f6ren talibi i\u00e7in bile bir tehdit olu\u015fturur. \u0130svi\u00e7re\u2019den \u0130talya\u2019ya uzanan hik\u00e2ye, de\u011fi\u015fen d\u00fcnyada ahlak ve masumiyet kavramlar\u0131n\u0131 sorgulat\u0131r.Yaz\u0131ld\u0131\u011f\u0131 d\u00f6nemde, gen\u00e7 k\u0131zlara k\u00f6t\u00fc \u00f6rnek oldu\u011fu \u00f6ne s\u00fcr\u00fclerek ele\u015ftiri oklar\u0131n\u0131 \u00fczerine \u00e7ekse de, Henry James\u2019in isminin edebiyat tarihine alt\u0131n harflerle yaz\u0131lmas\u0131n\u0131 sa\u011flam\u0131\u015ft\u0131r.<\/p>\n","protected":false},"excerpt":{"rendered":"<p>\u201cHi\u00e7bir zaman bir erke\u011fin beni kontrol etmesine ya da yapt\u0131\u011f\u0131m herhangi bir \u015feye kar\u0131\u015fmas\u0131na m\u00fcsaade etmedim.\u201dDaisy Miller, g\u00fcn\u00fcm\u00fczde bile g\u00f6ze batabilecek \u00f6zg\u00fcr bir gen\u00e7 k\u0131zd\u0131r. Ailesiyle<span class=\"excerpt-hellip\"> [\u2026]<\/span><\/p>\n","protected":false},"featured_media":0,"template":"","meta":{"_monsterinsights_skip_tracking":false,"_monsterinsights_sitenote_active":false,"_monsterinsights_sitenote_note":"","_monsterinsights_sitenote_category":0},"product_brand":[],"product_cat":[12291,12711],"product_tag":[],"class_list":{"0":"post-720240","1":"product","2":"type-product","3":"status-publish","5":"product_cat-edebiyat","6":"product_cat-roman-oyku","7":"pa_cilt-ciltsiz","8":"pa_tur-kitap","9":"pa_yayinevi-yabanci-yayinevi","10":"pa_yazar-henry-james","12":"first","13":"instock","14":"sale","15":"shipping-taxable","16":"purchasable","17":"product-type-simple"},"_links":{"self":[{"href":"https:\/\/roveyayinevi.com.tr\/index.php\/wp-json\/wp\/v2\/product\/720240","targetHints":{"allow":["GET"]}}],"collection":[{"href":"https:\/\/roveyayinevi.com.tr\/index.php\/wp-json\/wp\/v2\/product"}],"about":[{"href":"https:\/\/roveyayinevi.com.tr\/index.php\/wp-json\/wp\/v2\/types\/product"}],"wp:attachment":[{"href":"https:\/\/roveyayinevi.com.tr\/index.php\/wp-json\/wp\/v2\/media?parent=720240"}],"wp:term":[{"taxonomy":"product_brand","embeddable":true,"href":"https:\/\/roveyayinevi.com.tr\/index.php\/wp-json\/wp\/v2\/product_brand?post=720240"},{"taxonomy":"product_cat","embeddable":true,"href":"https:\/\/roveyayinevi.com.tr\/index.php\/wp-json\/wp\/v2\/product_cat?post=720240"},{"taxonomy":"product_tag","embeddable":true,"href":"https:\/\/roveyayinevi.com.tr\/index.php\/wp-json\/wp\/v2\/product_tag?post=720240"}],"curies":[{"name":"wp","href":"https:\/\/api.w.org\/{rel}","templated":true}]}}