{"id":720238,"date":"2025-08-27T18:33:36","date_gmt":"2025-08-27T15:33:36","guid":{"rendered":"https:\/\/roveyayinevi.com.tr\/index.php\/urun\/maksatli-tesadufler\/"},"modified":"2026-04-16T02:28:03","modified_gmt":"2026-04-15T23:28:03","slug":"maksatli-tesadufler","status":"publish","type":"product","link":"https:\/\/roveyayinevi.com.tr\/index.php\/urun\/maksatli-tesadufler\/","title":{"rendered":"Maksatl\u0131 Tesad\u00fcfler"},"content":{"rendered":"<p>Mucizeleri ya da birdenbire hayat\u0131m\u0131z\u0131 de\u011fi\u015ftirecek anlar\u0131 beklemenin bir \u00f6m\u00fcr s\u00fcrebilece\u011fi ger\u00e7ek. Bu bekleyi\u015fin insan\u0131 bazen umutsuzlu\u011fa bazen de tela\u015fa s\u00fcr\u00fckleyebilece\u011fi de elbette. Peki, mucize bir yerlerden mi gelmeli mutlaka? Beklemenin yol almaktan daha do\u011fru oldu\u011funu nereden \u00f6\u011frendik? A\u00e7\u0131l\u0131p kapand\u0131k\u00e7a g\u0131c\u0131rdayan bir kap\u0131 mente\u015fesini ya\u011flamak yerine evin y\u0131k\u0131lmas\u0131n\u0131 beklemek ne kadar do\u011fru?Maksatl\u0131 Tesad\u00fcfler, konu\u015fan kedilerin, 1\u2019lerin ve 0\u2019lar\u0131n, Ba\u015fka bir d\u00fcnyan\u0131n, Her \u015eey\u2019lerin ve Hi\u00e7bir \u015eey\u2019lerin ama en \u00f6nemlisi ger\u00e7ek mucizenin, yani fedak\u00e2rl\u0131\u011f\u0131n anlat\u0131ld\u0131\u011f\u0131 bir roman.\u201cYava\u015f, tak\u0131nt\u0131l\u0131 ve say\u0131s\u0131z ad\u0131m\u0131n ard\u0131ndan kalp at\u0131\u015flar\u0131m h\u0131zlanmaya ba\u015flad\u0131. Duyular\u0131m, uzand\u0131\u011f\u0131 her y\u00f6nden eli bo\u015f d\u00f6nd\u00fc\u011f\u00fc i\u00e7in bilinmeyenin ka\u00e7\u0131n\u0131lmaz endi\u015fesi kalbime ula\u015fm\u0131\u015ft\u0131. Bo\u011fuk davul sesi, parmak u\u00e7lar\u0131mdan kulaklar\u0131m\u0131n k\u0131k\u0131rda\u011f\u0131na kadar her yerimde g\u00fcml\u00fcyordu. Kan\u0131m adeta derimi de\u015fip ge\u00e7mek ve karanl\u0131\u011fa dokunmak istiyordu. Akl\u0131m\u0131n tutunabilece\u011fi tek \u015fey ad\u0131mlar\u0131m\u0131 bo\u015fa \u00e7\u0131karmayan sessiz zemindi.\u201d<\/p>\n","protected":false},"excerpt":{"rendered":"<p>Mucizeleri ya da birdenbire hayat\u0131m\u0131z\u0131 de\u011fi\u015ftirecek anlar\u0131 beklemenin bir \u00f6m\u00fcr s\u00fcrebilece\u011fi ger\u00e7ek. Bu bekleyi\u015fin insan\u0131 bazen umutsuzlu\u011fa bazen de tela\u015fa s\u00fcr\u00fckleyebilece\u011fi de elbette. Peki, mucize bir<span class=\"excerpt-hellip\"> [\u2026]<\/span><\/p>\n","protected":false},"featured_media":0,"template":"","meta":{"_monsterinsights_skip_tracking":false,"_monsterinsights_sitenote_active":false,"_monsterinsights_sitenote_note":"","_monsterinsights_sitenote_category":0},"product_brand":[],"product_cat":[12291,12711],"product_tag":[],"class_list":{"0":"post-720238","1":"product","2":"type-product","3":"status-publish","5":"product_cat-edebiyat","6":"product_cat-roman-oyku","7":"pa_cilt-ciltsiz","8":"pa_tur-kitap","9":"pa_yayinevi-ithaki-yayinlari","10":"pa_yazar-samet-atasoy","12":"first","13":"instock","14":"sale","15":"shipping-taxable","16":"purchasable","17":"product-type-simple"},"_links":{"self":[{"href":"https:\/\/roveyayinevi.com.tr\/index.php\/wp-json\/wp\/v2\/product\/720238","targetHints":{"allow":["GET"]}}],"collection":[{"href":"https:\/\/roveyayinevi.com.tr\/index.php\/wp-json\/wp\/v2\/product"}],"about":[{"href":"https:\/\/roveyayinevi.com.tr\/index.php\/wp-json\/wp\/v2\/types\/product"}],"wp:attachment":[{"href":"https:\/\/roveyayinevi.com.tr\/index.php\/wp-json\/wp\/v2\/media?parent=720238"}],"wp:term":[{"taxonomy":"product_brand","embeddable":true,"href":"https:\/\/roveyayinevi.com.tr\/index.php\/wp-json\/wp\/v2\/product_brand?post=720238"},{"taxonomy":"product_cat","embeddable":true,"href":"https:\/\/roveyayinevi.com.tr\/index.php\/wp-json\/wp\/v2\/product_cat?post=720238"},{"taxonomy":"product_tag","embeddable":true,"href":"https:\/\/roveyayinevi.com.tr\/index.php\/wp-json\/wp\/v2\/product_tag?post=720238"}],"curies":[{"name":"wp","href":"https:\/\/api.w.org\/{rel}","templated":true}]}}